{"id":30107,"date":"2024-09-12T17:49:59","date_gmt":"2024-09-12T15:49:59","guid":{"rendered":"https:\/\/pawz.rs\/?post_type=product&#038;p=30107"},"modified":"2025-06-29T19:54:55","modified_gmt":"2025-06-29T17:54:55","slug":"happy-dog-senior-fitvital","status":"publish","type":"product","link":"https:\/\/pawz.rs\/en\/happy-dog-senior-fitvital\/","title":{"rendered":"Happy Dog Senior Fit&#038;Vital"},"content":{"rendered":"<p><strong>Happy Dog Senior Fit&amp;Vital<\/strong><\/p>\n<p>ODNOS \/ PROTEINI MASTI: 19% \/ 9%<\/p>\n<div>Suva hrana namenjena starijim psima svih rasa<\/div>\n<div><\/div>\n<div>Happy Dog Supreme Fit&amp;Well Senior jeste organska hrana pogodna za starije pse svih rasa.<\/div>\n<div>Poznata je \u010dinjenica da se sa pove\u0107anjem godina \u017eivota metabolizam pasa postepeno menja i usporava. Zbog toga je potrebno hranu prilagoditi i u\u010diniti je \u0161to lak\u0161om za varenje, a da pri tom energetska vrednost ostane nepromenjena. To podrazumeva kori\u0161\u0107enje hrane koja ima manji sadr\u017eaj masti, proteina, natrijuma i fosfora.<\/div>\n<div><\/div>\n<div>Happy Dog Fit &amp; Well Senior je napravljen od \u017eivine, jagnjetine, ribe, pirin\u010da i kukuruza, oboga\u0107en posebnim vlaknima za dobro varenje, vitaminom C i L-karnitinom koji poma\u017ee metabolizam masti. Dodatak jedinstveng Happy Dog Supreme Life Plus Koncepta sa prirodnim sastojcima, uklju\u010duju\u0107i arti\u010doku i cikorije, visok stepen svarljivosti (90%) i umeren sadr\u017eaj masti (9%), obezbe\u0111uje visoko svarljivu hranu za dug i zdrav \u017eivot psa.<\/div>\n<div><\/div>\n<div><strong>Sastav: <\/strong><br \/>\nKukuruz, dehidrirano \u017eivinsko meso, pirin\u010dano bra\u0161no, dehidrirano jagnje\u0107e meso, gove\u0111i loj, \u010dvarci, hidrolizat jetre, dehidrirano riblje meso, su\u0161eni hemoglobin, \u0161e\u0107erna repa, \u017eivinska masno\u0107a, suncokretovo ulje (0.75%), su\u0161ene drobljene jabuke (0.7%), prah od celih jaja, natrijum hlorid, suvi kvasac, kalijum hlorid, ulje uljane repice (0.25%), %), fermentirani je\u010dam (0.2%), su\u0161ene alge (0.15%), seme lana (0.15%), specijalna sme\u0161a lekovitog bilja. (Ukupno bilja 0.14%)<\/div>\n<p>Serve food in dry form with available fresh water.<br \/>\nFor your pet&#039;s health, consult a veterinarian regularly.<\/p>\n<p>Store the product in a dry, dark and cool place.<\/p>\n<p>Proizvo\u0111a\u010d: Interquell GmbH<br \/>\nCountry of origin: Germany<\/p>\n\n    <div class=\"xs_social_share_widget xs_share_url after_content \t\tmain_content  wslu-style-1 wslu-share-box-shaped wslu-fill-colored wslu-none wslu-share-horizontal wslu-theme-font-no wslu-main_content\">\n\n\t\t\n        <ul>\n\t\t\t        <\/ul>\n    <\/div>","protected":false},"excerpt":{"rendered":"<p>Happy Dog Senior Fit&amp;Vital je hrana namenjena starijim psima svih rasa<\/p>","protected":false},"featured_media":33206,"comment_status":"closed","ping_status":"closed","template":"","meta":{"_acf_changed":false},"pwb-brand":[1170],"product_cat":[47,48,49],"product_tag":[],"class_list":{"0":"post-30107","1":"product","2":"type-product","3":"status-publish","4":"has-post-thumbnail","6":"pwb-brand-happy-dog","7":"product_cat-psi","8":"product_cat-hrana-za-pse","9":"product_cat-granule-za-pse","11":"first","12":"instock","13":"taxable","14":"shipping-taxable","15":"purchasable","16":"product-type-variable","17":"has-default-attributes"},"acf":[],"brands":[{"id":1170,"name":"Happy Dog","slug":"happy-dog"}],"_links":{"self":[{"href":"https:\/\/pawz.rs\/en\/wp-json\/wp\/v2\/product\/30107","targetHints":{"allow":["GET"]}}],"collection":[{"href":"https:\/\/pawz.rs\/en\/wp-json\/wp\/v2\/product"}],"about":[{"href":"https:\/\/pawz.rs\/en\/wp-json\/wp\/v2\/types\/product"}],"replies":[{"embeddable":true,"href":"https:\/\/pawz.rs\/en\/wp-json\/wp\/v2\/comments?post=30107"}],"wp:featuredmedia":[{"embeddable":true,"href":"https:\/\/pawz.rs\/en\/wp-json\/wp\/v2\/media\/33206"}],"wp:attachment":[{"href":"https:\/\/pawz.rs\/en\/wp-json\/wp\/v2\/media?parent=30107"}],"wp:term":[{"taxonomy":"pwb-brand","embeddable":true,"href":"https:\/\/pawz.rs\/en\/wp-json\/wp\/v2\/pwb-brand?post=30107"},{"taxonomy":"product_cat","embeddable":true,"href":"https:\/\/pawz.rs\/en\/wp-json\/wp\/v2\/product_cat?post=30107"},{"taxonomy":"product_tag","embeddable":true,"href":"https:\/\/pawz.rs\/en\/wp-json\/wp\/v2\/product_tag?post=30107"}],"curies":[{"name":"wp","href":"https:\/\/api.w.org\/{rel}","templated":true}]}}