{"id":30108,"date":"2024-09-11T17:48:28","date_gmt":"2024-09-11T15:48:28","guid":{"rendered":"https:\/\/pawz.rs\/?post_type=product&#038;p=30108"},"modified":"2025-06-29T19:54:57","modified_gmt":"2025-06-29T17:54:57","slug":"happy-dog-mini-adult","status":"publish","type":"product","link":"https:\/\/pawz.rs\/en\/happy-dog-mini-adult\/","title":{"rendered":"Happy Dog Mini Adult"},"content":{"rendered":"<p><strong>Happy Dog Mini Adult<\/strong><\/p>\n<p>ODNOS \/ PROTEINI MASTI: 26% \/ 14%<\/p>\n<p>Hrana namenjena odraslim psima malih rasa do 10 kilograma telesne te\u017eine sa normalnim energetskim potrebama.<\/p>\n<p>Hrana sa prirodnim sastojcima i \u0161koljkama sa Novog Zelanda je savr\u0161ena za odrasle pse sa normalnim aktivnostima.<br \/>\nHrana sadr\u017ei sve \u0161to je potrebno za zdravu raznolikost proteina, sadr\u017ei pet razli\u010ditih proteinskih komponenti: losos, morska riba, jaja, jagnjetina i perad.<br \/>\nLosos sadr\u017ei esencijalne omega 3 i 6 masne kiseline koje su savr\u0161ene za ko\u017eu i dlaku. Korisna morska riba snabdeva tijelo sa mnogo vitamina i pru\u017ea podr\u0161ku imunitetu. Jaja donose biolo\u0161ki vredne proteine, a jagnjetina je prepuna va\u017enih minerala.<br \/>\nHrana je oboga\u0107ena vrednim novozelandskim dagnjama koje predstavljaju izvor glukozamina koji obezbe\u0111uje zdrave zglobove. Sadr\u017ei omega 3 i 6 masne kiseline koje osiguravaju zdravu ko\u017enu barijeru i sjajnu dlaku. Receptura bez glutena tako\u0111e sadr\u017ei vitamin C i odabrano bilje za potporu imunom sistemu.<\/p>\n<p><strong>Sastav: <\/strong><br \/>\nKukuruzno bra\u0161no, dehidrirano \u017eivinsko meso, dehidrirano jagnje\u0107e meso, \u010dvarci, \u017eivinska masno\u0107a, gove\u0111i loj, dehidrirano riblje meso, pirin\u010dano bra\u0161no, su\u0161ena jetra, \u0161e\u0107erna repa, suncekretovo ulje (0.75%), su\u0161ene mrvljene jabuke (0.7%), prah od celih jaja, natrijum hlorid, suvi kvasac, kalijum hlorid, ulje uljane repice, fermentirani je\u010dam (0.2%), su\u0161ene alge (0.15%), ekstrakt kvasca, su\u0161eno meso \u0161koljki, (0.01%), specijalna sme\u0161a lekovitog bilja (ukupno bilja: 0.14%).<\/p>\n<p><strong>Analiza:\u00a0<\/strong><br \/>\nPrirodni proteini (26%), prirodne masti (14%), prirodna vlakna (2,5%), prirodni pepeo (7,5%), Ugljenihidrati (42%).<\/p>\n<p><strong>Vitamini i minerali:<\/strong><br \/>\nVitamin A 15000IE\/kg, Vitamin D3 1500IE\/kg, Vitamin E 100mg\/kg, Vitamin B1 5mg\/kg, Vitamin B2 5mg\/kg, Pantotenska kiselina 10mg\/kg, Niacin 45mg\/kg, Vitamin B6 4mg\/kg, Folna kiselina 2mg\/kg, Vitamin B12 70\u00b5g\/kg, Biotin 500\u00b5g\/kg, Kalcijum 1,2%, Fosfor 0,8%, Natrijum 0,3%, Magnezijum 0,07%, Gvo\u017e\u0111e 110mg\/kg, Bakar 10mg\/kg, Mangan 25mg\/kg, Cink 135mg\/kg, Jod 2mg\/kg, Selen 0,15mg\/kg.<\/p>\n<p><strong>Energetska vrednost:<\/strong>\u00a01700 kJ\/100 g<\/p>\n<p>Serve food in dry form with available fresh water.<br \/>\nFor your pet&#039;s health, consult a veterinarian regularly.<\/p>\n<p>Store the product in a dry, dark and cool place.<\/p>\n<p>Proizvo\u0111a\u010d: Interquell GmbH<br \/>\nCountry of origin: Germany<\/p>\n\n    <div class=\"xs_social_share_widget xs_share_url after_content \t\tmain_content  wslu-style-1 wslu-share-box-shaped wslu-fill-colored wslu-none wslu-share-horizontal wslu-theme-font-no wslu-main_content\">\n\n\t\t\n        <ul>\n\t\t\t        <\/ul>\n    <\/div>","protected":false},"excerpt":{"rendered":"<p>Happy Dog Mini Adult je hrana namenjena odraslim psima svih rasa<\/p>","protected":false},"featured_media":33230,"comment_status":"closed","ping_status":"closed","template":"","meta":{"_acf_changed":false},"pwb-brand":[1170],"product_cat":[47,48,49],"product_tag":[],"class_list":{"0":"post-30108","1":"product","2":"type-product","3":"status-publish","4":"has-post-thumbnail","6":"pwb-brand-happy-dog","7":"product_cat-psi","8":"product_cat-hrana-za-pse","9":"product_cat-granule-za-pse","11":"first","12":"instock","13":"taxable","14":"shipping-taxable","15":"purchasable","16":"product-type-variable","17":"has-default-attributes"},"acf":[],"brands":[{"id":1170,"name":"Happy Dog","slug":"happy-dog"}],"_links":{"self":[{"href":"https:\/\/pawz.rs\/en\/wp-json\/wp\/v2\/product\/30108","targetHints":{"allow":["GET"]}}],"collection":[{"href":"https:\/\/pawz.rs\/en\/wp-json\/wp\/v2\/product"}],"about":[{"href":"https:\/\/pawz.rs\/en\/wp-json\/wp\/v2\/types\/product"}],"replies":[{"embeddable":true,"href":"https:\/\/pawz.rs\/en\/wp-json\/wp\/v2\/comments?post=30108"}],"wp:featuredmedia":[{"embeddable":true,"href":"https:\/\/pawz.rs\/en\/wp-json\/wp\/v2\/media\/33230"}],"wp:attachment":[{"href":"https:\/\/pawz.rs\/en\/wp-json\/wp\/v2\/media?parent=30108"}],"wp:term":[{"taxonomy":"pwb-brand","embeddable":true,"href":"https:\/\/pawz.rs\/en\/wp-json\/wp\/v2\/pwb-brand?post=30108"},{"taxonomy":"product_cat","embeddable":true,"href":"https:\/\/pawz.rs\/en\/wp-json\/wp\/v2\/product_cat?post=30108"},{"taxonomy":"product_tag","embeddable":true,"href":"https:\/\/pawz.rs\/en\/wp-json\/wp\/v2\/product_tag?post=30108"}],"curies":[{"name":"wp","href":"https:\/\/api.w.org\/{rel}","templated":true}]}}