{"id":30116,"date":"2024-09-11T17:48:29","date_gmt":"2024-09-11T15:48:29","guid":{"rendered":"https:\/\/pawz.rs\/?post_type=product&#038;p=30116"},"modified":"2025-06-29T19:54:57","modified_gmt":"2025-06-29T17:54:57","slug":"happy-dog-mini-light-fitwell","status":"publish","type":"product","link":"https:\/\/pawz.rs\/en\/happy-dog-mini-light-fitwell\/","title":{"rendered":"Happy Dog Mini Light Fit&#038;Well"},"content":{"rendered":"<p><strong>Happy Dog Mini Light Fit&amp;Well<\/strong><\/p>\n<p>ODNOS \/ PROTEINI MASTI: 24% \/ 7%<\/p>\n<p>Hrana namenjena odraslim psima malih rasa te\u017eine do 10 kg.<\/p>\n<p>Namenjena psima sa prekomernom te\u017einom. Pogodna za odr\u017eavanje normalne telesne te\u017eine kod pasa sklonih gojenju. Poseduje smanjen udeo masno\u0107a (7.5%).<br \/>\nPet razli\u010ditih proteinskih komponenti (losos, morska riba, jaja, jagnjetina i perad) osiguravaju zdravu raznolikost proteina. Losos sadr\u017ei esencijalne omega 3 i 6 masne kiseline koje su dobre za ko\u017eu i dlaku. Dobro podno\u0161ljiva morska riba snabdeva organizam psa sa puno vitamina.<br \/>\nJaje donosi biolo\u0161ki vredne belan\u010devine, dok jagnjetina obezbe\u0111uje puno va\u017enih mineral. Hrana je upotpunjena sa nutritivno bogatim mesom peradi koje snabdeva organizam sa vitalnim elemenata u tragovima. Poseduje visok sadr\u017eaj dijetalnih vlakana i L-karnitin za podr\u0161ku metabolizmu. Ne sadr\u017ei gluten.<\/p>\n<p><strong>Sastav: <\/strong><br \/>\n\u017divotinjske belan\u010devine dehidrirani (perad 16 %, janjetina 4 %), kukuruzno bra\u0161no, kukuruz, pirina\u010d, je\u010dam, lignoceluloza (5,8 %), riblje bra\u0161no (5 %, od toga 50 % bra\u0161no lososa), mesno bra\u0161no, hidrolizovani proteini, rezanci repe (bez \u0161e\u0107era) dehidrirani, ulja i masti, komina jabuke dehidrirana, kalijum hlorid, kvasci dehidrirani, natrijum hlorid, morske alge dehidrirane, laneno seme (0,16 %), su\u0161eno celo jaje (0,1 %), \u010di\u010dak, meso dagnji dehidrirano (0,02 %), yucca schidigera dehidrirana, kvasac dehidrirani (ekstrakt), arti\u010doka, masla\u010dak, \u0111umbir (0,015%), li\u0161\u0107e breze, kopriva, kamilica, korijander, ruzmarin, kadulja, koren sladi\u0107a, maj\u010dina du\u0161ica (ukupno su\u0161eno bilje: 0,15%).<\/p>\n<p><strong>Analytical composition: <\/strong><br \/>\nSirovi proteini 26,0 %, sirove masti 7,5 %, sirova vlakna 5,5 %, sirovi pepeo 7,0 %, kalcijum 1,45 %, fosfor 1,0 %, natrijum 0,35 %, omega 6 masne kiseline 1,7 %, omega 3 masne kiseline 0,2 % Energija: metaboli\u010dka energija (ME) 3245 kcal\/kg<\/p>\n<p><strong>Vitamini\/kg: <\/strong><br \/>\nVitamin A (3a672a) 17000 IU, vitamin D3 (3a671) 900 IU, L-karnitin (3a910) 500 mg<\/p>\n<p><strong>Elementi u tragovima\/kg:<\/strong><br \/>\nGvo\u017e\u0111e (kao 3b103) 50 mg, bakar (kao 3b405) 10 mg, cink (kao 3b603, 3b606) 100 mg, mangan (kao 3b502) 25 mg, jod (kao 3b202) 2 mg, selen (kao 3b801) 0,1 mg<\/p>\n<p><strong>Antioksidansi:<\/strong> tokoferolom bogati ekstrakti iz biljnih ulja 1b306(i)<\/p>\n<p>Serve food in dry form with available fresh water.<br \/>\nFor your pet&#039;s health, consult a veterinarian regularly.<\/p>\n<p>Store the product in a dry, dark and cool place.<\/p>\n<p>Proizvo\u0111a\u010d: Interquell GmbH<br \/>\nCountry of origin: Germany<\/p>\n\n    <div class=\"xs_social_share_widget xs_share_url after_content \t\tmain_content  wslu-style-1 wslu-share-box-shaped wslu-fill-colored wslu-none wslu-share-horizontal wslu-theme-font-no wslu-main_content\">\n\n\t\t\n        <ul>\n\t\t\t        <\/ul>\n    <\/div>","protected":false},"excerpt":{"rendered":"<p>Happy Dog Mini Light Fit&amp;Well je hrana namenjena odraslim psima malih rasa<\/p>","protected":false},"featured_media":33228,"comment_status":"closed","ping_status":"closed","template":"","meta":{"_acf_changed":false},"pwb-brand":[1170],"product_cat":[47,48,49],"product_tag":[],"class_list":{"0":"post-30116","1":"product","2":"type-product","3":"status-publish","4":"has-post-thumbnail","6":"pwb-brand-happy-dog","7":"product_cat-psi","8":"product_cat-hrana-za-pse","9":"product_cat-granule-za-pse","11":"first","12":"instock","13":"taxable","14":"shipping-taxable","15":"purchasable","16":"product-type-variable","17":"has-default-attributes"},"acf":[],"brands":[{"id":1170,"name":"Happy Dog","slug":"happy-dog"}],"_links":{"self":[{"href":"https:\/\/pawz.rs\/en\/wp-json\/wp\/v2\/product\/30116","targetHints":{"allow":["GET"]}}],"collection":[{"href":"https:\/\/pawz.rs\/en\/wp-json\/wp\/v2\/product"}],"about":[{"href":"https:\/\/pawz.rs\/en\/wp-json\/wp\/v2\/types\/product"}],"replies":[{"embeddable":true,"href":"https:\/\/pawz.rs\/en\/wp-json\/wp\/v2\/comments?post=30116"}],"wp:featuredmedia":[{"embeddable":true,"href":"https:\/\/pawz.rs\/en\/wp-json\/wp\/v2\/media\/33228"}],"wp:attachment":[{"href":"https:\/\/pawz.rs\/en\/wp-json\/wp\/v2\/media?parent=30116"}],"wp:term":[{"taxonomy":"pwb-brand","embeddable":true,"href":"https:\/\/pawz.rs\/en\/wp-json\/wp\/v2\/pwb-brand?post=30116"},{"taxonomy":"product_cat","embeddable":true,"href":"https:\/\/pawz.rs\/en\/wp-json\/wp\/v2\/product_cat?post=30116"},{"taxonomy":"product_tag","embeddable":true,"href":"https:\/\/pawz.rs\/en\/wp-json\/wp\/v2\/product_tag?post=30116"}],"curies":[{"name":"wp","href":"https:\/\/api.w.org\/{rel}","templated":true}]}}