{"id":30125,"date":"2024-09-12T17:50:49","date_gmt":"2024-09-12T15:50:49","guid":{"rendered":"https:\/\/pawz.rs\/?post_type=product&#038;p=30125"},"modified":"2025-07-27T18:17:06","modified_gmt":"2025-07-27T16:17:06","slug":"happy-dog-starter-baby-4kg","status":"publish","type":"product","link":"https:\/\/pawz.rs\/en\/happy-dog-starter-baby-4kg\/","title":{"rendered":"Happy Dog Starter Baby 4kg"},"content":{"rendered":"<p><strong>Happy Dog Starter Baby 4kg<\/strong><\/p>\n<p>ODNOS \/ PROTEINI MASTI: 30% \/ 18%<\/p>\n<p>Hrana namenjena \u0161tencima.<\/p>\n<p>Prelazna hrana pogodna za ishranu \u0161tenaca od 4. do 6. nedelje \u017eivota.<br \/>\nOsigurava siguran prelaz na \u010dvrstu hranu. Izuzetno lako svarljiva hrana bazirana na jagnjetini i lako svarljivom pirin\u010du u recepturi sa 30% proteina i 16% masti.<br \/>\nSavr\u0161eno prilago\u0111ena \u0161tencima, osigurava sve potrebne hranjive nutrijente neophodne za pravilan rast i razvoj. Struktura granula je prilago\u0111ena i osigurava nesmetano hranjenje u fazi upoznavanja sa \u010dvrstom hranom od 21. dana starosti. Hranu je u po\u010detku potrebno me\u0161ati sa sa vodom. Nakon samo 3 minuta dobija se ka\u0161a spremna za upotrebu.<\/p>\n<p><strong>Sastav: <\/strong><br \/>\nJagnje\u0107i protein dehidrirani (20%), pirin\u010dano bra\u0161no (19%), mesno bra\u0161no, kukuruzno bra\u0161no, gove\u0111a mast, pirin\u010dani protein (5,5%), kukuruz, suncokretovo ulje, hidrolizovana jetra, repin rezanac dehidrirani (bez \u0161e\u0107era), celuloza, komina jabuke dehidrirana, ulje uljane repice, kalijum hlorid, kvasci dehidrirani, natrijum hlorid, morske alge dehidrirane, seme lana, ljuske psiliuma, meso dagnji dehidrirano (0,05%), yucca schidigera dehidrirana, kvasci dehidrirani (ekstrakt), \u010di\u010dak, arti\u010doka, masla\u010dak, \u0111umbir, li\u0161\u0107e breze, kopriva, kamilica, korijander, ruzmarin, kadulja, koren sladi\u0107a, maj\u010dina du\u0161ica (ukupno su\u0161eno bilje: 0,16 %);<\/p>\n<p><strong>Analytical composition:<\/strong><br \/>\nSirove belan\u010devine 30,0 %, sirove masti 16,0 %, sirova vlakna 3,0 %, sirovi pepeo 7,5 %, kalcijum 1,6 %, fosfor 1,05 %, natrijum 0,4 %, kalijum 0,6 %, magnezijum 0,08 %, omega 6 masne kiseline 2,5 %, omega 3 masne kiseline 0,3 %.<\/p>\n<p><strong>Vitamini\/kg: <\/strong><br \/>\nVitamin A (3a672a) 17000 IU, vitamin D3 (3a671) 1000 IU, vitamin E (all-rac-alpha-tocopheryl acetate 3a700) 125 mg, vitamin B1 (tiamin mononitrat 3a821) 4 mg, vitamin B2 (riboflavin 3a825ii) 4 mg , vitamin B6 (piridoksin hidrohlorid 3a831) 4 mg, biotin (3a880) 495 mcg, folna kiselina (3a316) 3 mg, kalcij-d-pantotenat (3a841) 10 mg, niacin (3a314) 50 mg, vitamin B12 70 mcg, vitamin C (natrijum kalcijum askorbil fosfat 3a312) 30 mg, kolin hlorid (3a890) 55 mg.<\/p>\n<p><strong>Elementi u tragovima\/kg:<\/strong><br \/>\nGvo\u017e\u0111e (gvo\u017e\u0111e(II) sulfat monohidrat 3b103) 65 mg, bakar (bakar(II) sulfat pentahidrat 3b405) 14 mg, cink (cinkov oksid 3b603) 100 mg, cinkov kelat aminokiselina, hidrat 3b606 25 mg) 125 mg, mangan (mangan(II) oksid 3b502) 30 mg, jod (kalcijev jodat, bezvodni 3b202) 2,5 mg, selen (natrijev selenit 3b801) 0,2 mg.<\/p>\n<p><strong>Aminokiseline \/ kg:<\/strong><br \/>\nL-triptofan (3c440) 1000 mg\/kg. Antioksidansi, tokoferolom bogati ekstrakti iz biljnih ulja 1b306(i).<\/p>\n<p>Serve food in dry form with available fresh water.<br \/>\nFor your pet&#039;s health, consult a veterinarian regularly.<\/p>\n<p>Store the product in a dry, dark and cool place.<\/p>\n<p>Proizvo\u0111a\u010d: Interquell GmbH<br \/>\nCountry of origin: Germany<\/p>\n\n    <div class=\"xs_social_share_widget xs_share_url after_content \t\tmain_content  wslu-style-1 wslu-share-box-shaped wslu-fill-colored wslu-none wslu-share-horizontal wslu-theme-font-no wslu-main_content\">\n\n\t\t\n        <ul>\n\t\t\t        <\/ul>\n    <\/div>","protected":false},"excerpt":{"rendered":"<p>Happy Dog Starter Baby je prelazna hrana namenjena \u0161tencima od 4 do 6 nedelja \u017eivota<\/p>","protected":false},"featured_media":30126,"comment_status":"closed","ping_status":"closed","template":"","meta":{"_acf_changed":false},"pwb-brand":[1170],"product_cat":[47,48,50],"product_tag":[],"class_list":{"0":"post-30125","1":"product","2":"type-product","3":"status-publish","4":"has-post-thumbnail","6":"pwb-brand-happy-dog","7":"product_cat-psi","8":"product_cat-hrana-za-pse","9":"product_cat-vlazna-hrana-za-pse","11":"first","12":"instock","13":"taxable","14":"shipping-taxable","15":"purchasable","16":"product-type-simple"},"acf":[],"brands":[{"id":1170,"name":"Happy Dog","slug":"happy-dog"}],"_links":{"self":[{"href":"https:\/\/pawz.rs\/en\/wp-json\/wp\/v2\/product\/30125","targetHints":{"allow":["GET"]}}],"collection":[{"href":"https:\/\/pawz.rs\/en\/wp-json\/wp\/v2\/product"}],"about":[{"href":"https:\/\/pawz.rs\/en\/wp-json\/wp\/v2\/types\/product"}],"replies":[{"embeddable":true,"href":"https:\/\/pawz.rs\/en\/wp-json\/wp\/v2\/comments?post=30125"}],"wp:featuredmedia":[{"embeddable":true,"href":"https:\/\/pawz.rs\/en\/wp-json\/wp\/v2\/media\/30126"}],"wp:attachment":[{"href":"https:\/\/pawz.rs\/en\/wp-json\/wp\/v2\/media?parent=30125"}],"wp:term":[{"taxonomy":"pwb-brand","embeddable":true,"href":"https:\/\/pawz.rs\/en\/wp-json\/wp\/v2\/pwb-brand?post=30125"},{"taxonomy":"product_cat","embeddable":true,"href":"https:\/\/pawz.rs\/en\/wp-json\/wp\/v2\/product_cat?post=30125"},{"taxonomy":"product_tag","embeddable":true,"href":"https:\/\/pawz.rs\/en\/wp-json\/wp\/v2\/product_tag?post=30125"}],"curies":[{"name":"wp","href":"https:\/\/api.w.org\/{rel}","templated":true}]}}