{"id":30139,"date":"2024-09-10T15:32:07","date_gmt":"2024-09-10T13:32:07","guid":{"rendered":"https:\/\/pawz.rs\/?post_type=product&#038;p=30139"},"modified":"2026-02-17T07:57:36","modified_gmt":"2026-02-17T06:57:36","slug":"happy-dog-vet-adipositas","status":"publish","type":"product","link":"https:\/\/pawz.rs\/en\/happy-dog-vet-adipositas\/","title":{"rendered":"Happy Dog Vet Adipositas"},"content":{"rendered":"<p><strong>Happy Dog Vet Adipositas<\/strong><\/p>\n<p>Veterinarska specijalna dijeta za smanjivanje vi\u0161ka kilograma.<\/p>\n<p><b>Happy DOG VET Adipositas hrana se koristi za smanjivanje prekomerne te\u017eine.<\/b><\/p>\n<ul>\n<li>Ova hrana se isti\u010de zna\u010dajno smanjenim sadr\u017eajem energije i ugljenih hidrata.<\/li>\n<li>Ona je bogata visokokvalitetnim proteinima, kao i zasi\u0107enim balastnim materijama.<\/li>\n<li>Specijalna receptura obezbe\u0111uje optimalne pretpostavke za sni\u017eavanje te\u017eine uz o\u010duvanje organa.<\/li>\n<li>O\u010duvanje i pobolj\u0161anje konstitucije tela je efikasno podr\u017eano.<\/li>\n<li>Sastojci koji se nalaze u Natural Life Concept \u00ae , ruzmarin i \u0111umbir, se tradicionalno koriste kao dodatak za stimulaciju metabolizma.<\/li>\n<li>Dijetalna kompletna hrana za odrasle pse za smanjivanje prekomerne te\u017eine<\/li>\n<\/ul>\n<p><b>Sastav:<br \/>\n<\/b>Bra\u0161no od \u017eivinskog mesa,kukuruz,pahuljice od krompira,vlakna,celuloza,odresci od repne melase* (oslobo\u0111eni od \u0161e\u0107era),bra\u0161no od jagnje\u0107eg mesa,bra\u0161no od lososovog mesa,riblje bra\u0161no,\u017eivinska mast,hidrolizat jetre,suncokretovo ulje,dro\u017edine jabuke*,ulje od uljane repice,kalijumhlorid,natrijumhlorid,kvasac*,morske alge*,laneno seme,suvo jaje,meso \u0161koljke*,kvasac* (ekstrakt),mle\u010dni \u010dkalj,arti\u010doka,masla\u010dak,\u0111umbir,list breze,kopriva,kamilica,korijander,ruzmarin,\u017ealfija,slatki koren,maj\u010dina du\u0161ica\u00a0 *) su\u0161ena<\/p>\n<p><b>Analiza sadr\u017eaja:<br \/>\n<\/b>Sirovi protein 26,5%,sirova mast 9,5%,sirova vlakna 13,5%,dijetetska vlakna 33%,sirov pepeo 7,0%,kalcijum 1,5%,natrijum 0,35%,kalijum 0,65%,magnezijum 0,09%,fosfor 0,9%,hlorid 0,75%,\u00a0sumpor 1,0%,omega-6-masne kiseline 2,8%,omega-3-masne kiseline 0,3%<\/p>\n<p><b>Energetski sadr\u017eaj:\u00a0<\/b>ME: 12,3 MJ\/kg<\/p>\n<p><b>Aditivi:<br \/>\n<\/b>Vitamin A (3a672a) 12000 I.E.,Vitamin D3 (E671) 1000 I.E., L-karnitinn (3a910) 500 mg.<br \/>\nAntioksidaciono sredstvo, tocoferol ekstrakti od biljnih ulja 1b306(i).<\/p>\n<p><b>Mikroelementi\/kg:<br \/>\n<\/b>Gvo\u017e\u0111e (E1, gvo\u017e\u0111e(II)sulfat, monohidrat) 105 mg, bakar (E4, bakar(II)sulfat, pentahidrat) 10 mg, cink (E6, cinkoksid, cink helat amino kiselina, hidrat) 125 mg, mangan (E5, mangan(II)oksid) 25 mg, jod (kalcijum-jodat, jodat bez vode 3b202) 2 mg, selen (E8, natrijum selenit) 0,15 mg.<\/p>\n<p>Amino kiseline\/kg: DL-metionin (3c301) 9000 mg.<\/p>\n<p><b>Dopunske napomene:<\/b><\/p>\n<ul>\n<li>Pre po\u010detka hranjena preporu\u010dujemo da se posavetujete sa veterinarom.<\/li>\n<li>Preporu\u010deno trajanja ishrane: Do postizanja zahtevane telesne te\u017eine.<\/li>\n<li>Ukoliko veterinar nije druga\u010dije preporu\u010dio, ponudite 2 obroka dnevno.<\/li>\n<\/ul>\n<p>Serve food in dry form with available fresh water.<br \/>\nFor your pet&#039;s health, consult a veterinarian regularly.<\/p>\n<p>Store the product in a dry, dark and cool place.<\/p>\n<p>Proizvo\u0111a\u010d: Interquell GmbH<br \/>\nCountry of origin: Germany<\/p>\n\n    <div class=\"xs_social_share_widget xs_share_url after_content \t\tmain_content  wslu-style-1 wslu-share-box-shaped wslu-fill-colored wslu-none wslu-share-horizontal wslu-theme-font-no wslu-main_content\">\n\n\t\t\n        <ul>\n\t\t\t        <\/ul>\n    <\/div>","protected":false},"excerpt":{"rendered":"<p>Happy Dog Vet Adipositas je veterinarska dijeta namenjena psima koji imaju problem sa vi\u0161kom kilograma<\/p>","protected":false},"featured_media":33264,"comment_status":"closed","ping_status":"closed","template":"","meta":{"_acf_changed":false},"pwb-brand":[1170],"product_cat":[47,49,48,705],"product_tag":[1544,1251],"class_list":{"0":"post-30139","1":"product","2":"type-product","3":"status-publish","4":"has-post-thumbnail","6":"pwb-brand-happy-dog","7":"product_cat-psi","8":"product_cat-granule-za-pse","9":"product_cat-hrana-za-pse","10":"product_cat-veterinarske-dijete-za-pse","11":"product_tag-hdvet","12":"product_tag-veterinarske-dijete","14":"first","15":"instock","16":"taxable","17":"shipping-taxable","18":"purchasable","19":"product-type-variable","20":"has-default-attributes"},"acf":[],"brands":[{"id":1170,"name":"Happy Dog","slug":"happy-dog"}],"_links":{"self":[{"href":"https:\/\/pawz.rs\/en\/wp-json\/wp\/v2\/product\/30139","targetHints":{"allow":["GET"]}}],"collection":[{"href":"https:\/\/pawz.rs\/en\/wp-json\/wp\/v2\/product"}],"about":[{"href":"https:\/\/pawz.rs\/en\/wp-json\/wp\/v2\/types\/product"}],"replies":[{"embeddable":true,"href":"https:\/\/pawz.rs\/en\/wp-json\/wp\/v2\/comments?post=30139"}],"wp:featuredmedia":[{"embeddable":true,"href":"https:\/\/pawz.rs\/en\/wp-json\/wp\/v2\/media\/33264"}],"wp:attachment":[{"href":"https:\/\/pawz.rs\/en\/wp-json\/wp\/v2\/media?parent=30139"}],"wp:term":[{"taxonomy":"pwb-brand","embeddable":true,"href":"https:\/\/pawz.rs\/en\/wp-json\/wp\/v2\/pwb-brand?post=30139"},{"taxonomy":"product_cat","embeddable":true,"href":"https:\/\/pawz.rs\/en\/wp-json\/wp\/v2\/product_cat?post=30139"},{"taxonomy":"product_tag","embeddable":true,"href":"https:\/\/pawz.rs\/en\/wp-json\/wp\/v2\/product_tag?post=30139"}],"curies":[{"name":"wp","href":"https:\/\/api.w.org\/{rel}","templated":true}]}}