{"id":30142,"date":"2024-09-10T15:32:08","date_gmt":"2024-09-10T13:32:08","guid":{"rendered":"https:\/\/pawz.rs\/?post_type=product&#038;p=30142"},"modified":"2026-02-17T07:57:35","modified_gmt":"2026-02-17T06:57:35","slug":"happy-dog-vet-hypersensitiv","status":"publish","type":"product","link":"https:\/\/pawz.rs\/en\/happy-dog-vet-hypersensitiv\/","title":{"rendered":"Happy Dog Vet Hypersensitiv"},"content":{"rendered":"<p><strong>Happy Dog Vet Hypersensitiv<\/strong><\/p>\n<p>Lekovita hrana za pse za intoleranciju na hranu.<\/p>\n<p>Za ubla\u017eavanje i eliminaciju pratecih pojava na kozi i digestivnom traktu kod alergija i intolerancije na hranu.<br \/>\nReceptura bez glutena sa visoko svarljivim sastojcima.<\/p>\n<p>Ekskluzivni izvor proteina i ugljenih hidrata (prepelica, kesten).<br \/>\nSamo po jedan izvor proteina zivotinjskog porekla i ugljenih hidrata.<\/p>\n<p>Happy Dog Vet Diet Hypersensitivity\u00a0hrana se koristi kod alergije ili intolerancije na hranu. Ova hrana isti\u010de se isklju\u010divom upotrebom ekskluzivnog izvora proteina \u017eivotinjskog porekla od prepelice i izvanrednog izvora ugljenih hidrata iz kestena (jestivog). Visoko svarljiva receptura predstavlja odli\u010dnu prihvatljivost i pogodna je za eliminaciju pratecih pojava kod alergije i intolerancije na hranu.<\/p>\n<p>Dijetalna kompletna hrana za odrasle pse za umanjivanje nepodno\u0161ljivosti hranjivih materija.<\/p>\n<p><strong>Sastav:<br \/>\n<\/strong>Kesten* (60%), protein od prepelice (30%), hidrolizat jetre (&lt;10.000 D), ligno celuloza, suncokretovo ulje, morska so, ulje repice; *) su\u0161eno<\/p>\n<p><strong>Analiza sadr\u017eaja:<br \/>\n<\/strong>Sirov protein 24,0%, sirova mast 11,0%, sirova vlakna 3,0%, sirov pepeo 5,5%, kalcijum 1,0%, natrijum 0,6%, kalijum 0,75%, magnezijum 0,1%, fosfor 0,7%, hlorid 0,95%, sumpor 0,45%, omega\u20116\u2011masne kiseline 1,8%, omega\u20113\u2011masne kiseline 0,4%<\/p>\n<p><strong>Aditivi:<br \/>\n<\/strong>Vitamini \/ kg: Vitamin A (3a672a) 12000 I.E., vitamin D3 (E671) 1000 I.E., L\u2011karnitin (3a910) 500 mg.<br \/>\nAntioksidaciono sredstvo, ekstrakti tocoferola iz biljnih ulja 1b306(i).<\/p>\n<p><strong>Mikroelementi\/kg:<br \/>\n<\/strong>Gvo\u017e\u0111e (E1, gvo\u017e\u0111e(II)sulfat, monohidrat) 135 mg, bakar (E4, bakar(II)sulfat, pentahidrat) 13 mg, cink (cinkoksid 3b603) 105 mg, mangan (E5, mangan(II)oksid) 15 mg, jod (kalcijum\u2011jodat, bez vode 3b202) 1,5 mg, selen (E8, natrijum\u2011selenit) 0,15 mg.<\/p>\n<p><strong>Mikroelementi\/kg:<br \/>\n<\/strong>DL\u2011metionin (3c301) 5000 mg.<\/p>\n<p><strong>Dopunske napomene:<br \/>\n<\/strong>Pre po\u010detka hranjenja, kao i prekida hranjena, preporu\u010duje se da potra\u017eite savet veterinara.<br \/>\nPreporu\u010deno trajanje ishrane: min. 3 \u2013 8 nedelja, u slu\u010daju popu\u0161tanja pojave intolerancije mo\u017ee se dalje koristiti bez ograni\u010denja.<\/p>\n<p>Serve food in dry form with available fresh water.<br \/>\nFor your pet&#039;s health, consult a veterinarian regularly.<\/p>\n<p>Store the product in a dry, dark and cool place.<\/p>\n<p>Proizvo\u0111a\u010d: Interquell GmbH<br \/>\nCountry of origin: Germany<\/p>\n\n    <div class=\"xs_social_share_widget xs_share_url after_content \t\tmain_content  wslu-style-1 wslu-share-box-shaped wslu-fill-colored wslu-none wslu-share-horizontal wslu-theme-font-no wslu-main_content\">\n\n\t\t\n        <ul>\n\t\t\t        <\/ul>\n    <\/div>","protected":false},"excerpt":{"rendered":"<p>Happy Dog Vet Hypersensitiv je veterinarska hrana namenjena psima koji imaju alergiju na neku hranu<\/p>","protected":false},"featured_media":33263,"comment_status":"closed","ping_status":"closed","template":"","meta":{"_acf_changed":false},"pwb-brand":[1170],"product_cat":[47,49,48,705],"product_tag":[1544,1251],"class_list":{"0":"post-30142","1":"product","2":"type-product","3":"status-publish","4":"has-post-thumbnail","6":"pwb-brand-happy-dog","7":"product_cat-psi","8":"product_cat-granule-za-pse","9":"product_cat-hrana-za-pse","10":"product_cat-veterinarske-dijete-za-pse","11":"product_tag-hdvet","12":"product_tag-veterinarske-dijete","14":"first","15":"instock","16":"taxable","17":"shipping-taxable","18":"purchasable","19":"product-type-variable","20":"has-default-attributes"},"acf":[],"brands":[{"id":1170,"name":"Happy Dog","slug":"happy-dog"}],"_links":{"self":[{"href":"https:\/\/pawz.rs\/en\/wp-json\/wp\/v2\/product\/30142","targetHints":{"allow":["GET"]}}],"collection":[{"href":"https:\/\/pawz.rs\/en\/wp-json\/wp\/v2\/product"}],"about":[{"href":"https:\/\/pawz.rs\/en\/wp-json\/wp\/v2\/types\/product"}],"replies":[{"embeddable":true,"href":"https:\/\/pawz.rs\/en\/wp-json\/wp\/v2\/comments?post=30142"}],"wp:featuredmedia":[{"embeddable":true,"href":"https:\/\/pawz.rs\/en\/wp-json\/wp\/v2\/media\/33263"}],"wp:attachment":[{"href":"https:\/\/pawz.rs\/en\/wp-json\/wp\/v2\/media?parent=30142"}],"wp:term":[{"taxonomy":"pwb-brand","embeddable":true,"href":"https:\/\/pawz.rs\/en\/wp-json\/wp\/v2\/pwb-brand?post=30142"},{"taxonomy":"product_cat","embeddable":true,"href":"https:\/\/pawz.rs\/en\/wp-json\/wp\/v2\/product_cat?post=30142"},{"taxonomy":"product_tag","embeddable":true,"href":"https:\/\/pawz.rs\/en\/wp-json\/wp\/v2\/product_tag?post=30142"}],"curies":[{"name":"wp","href":"https:\/\/api.w.org\/{rel}","templated":true}]}}