{"id":30145,"date":"2024-09-10T15:32:06","date_gmt":"2024-09-10T13:32:06","guid":{"rendered":"https:\/\/pawz.rs\/?post_type=product&#038;p=30145"},"modified":"2026-02-17T07:57:36","modified_gmt":"2026-02-17T06:57:36","slug":"happy-dog-vet-intestinal","status":"publish","type":"product","link":"https:\/\/pawz.rs\/en\/happy-dog-vet-intestinal\/","title":{"rendered":"Happy Dog Vet Intestinal"},"content":{"rendered":"<p><strong>Happy Dog Vet Intestinal<\/strong><\/p>\n<p>Za regulisanje akutnih i hroni\u010dnih problema gastrointestinalnog trakta.<\/p>\n<p>Kod akutnih i hroni\u010dnih oboljenja creva i \u017eeluca.<br \/>\nPobolj\u0161an unos hranjivih materija zbog visoke svarljivosti.<\/p>\n<p>Stabilizacija stolice i ja\u010danje crevne flore pomo\u0107u dijetalnih vlakana (12%).<br \/>\nUmereni sadr\u017eaj masti za rastere\u0107enje probavnog sistema.<\/p>\n<p>Happy Dog VET Diet Intestinal\u00a0se koristi za regulaciju akutnih i hroni\u010dnih oboljenja creva i \u017eeluca. Ova hrana se isti\u010de naro\u010ditim sastojcima koji su visoko svarljivi i umerenim sadr\u017eajem masti. Na taj na\u010din se probavni sistem efikasno rastere\u0107uje. Dragocena dijetalna vlakna podsti\u010du rast optimalne crevne flore i stabilizuju \u010dvrsto\u0107u stolice tako \u0161to vezuju vodu.<\/p>\n<p>Sastojci koji se nalaze u Natural Life Concept \u00ae , kamilica i korijander, se tradicionalno koriste kao dodatak za klasi\u010dun terapiju kod tegoba creva i \u017eeluca.<\/p>\n<p>Dijetalna kompletna hrana za mlade pse od 6. meseca \u017eivota i za odrasle pse za uravnote\u017eavanje nedovoljne probave.<\/p>\n<p><strong>Sastav:<br \/>\n<\/strong>Pahuljice od krompira* (min. 45%), bra\u0161no od jagnje\u0107eg mesa (10,5%), bra\u0161no od pitomog zeca (10,5%), bra\u0161no od lososovog mesa (10,5%), \u017eivinska mast, protein od krompira, odresci od repne melase* (oslobo\u0111eni od \u0161e\u0107era), hidrolizat jetre, suncokretovo ulje, dro\u017edine jabuke*, celuloza, suvo jaje, ulje od uljane repice, kalijumhlorid, laneno seme, natrijumhlorid, brusnica*, kvasac*, morske alge*, meso \u0161koljke*, Yucca Schidigera*, kvasac* (ekstrakt), mle\u010dni \u010dkalj, arti\u010doka, masla\u010dak, \u0111umbir, list breze, kopriva, kamilica, korijander, ruzmarin, \u017ealfija, slatki koren, maj\u010dina du\u0161ica; *) su\u0161ena<\/p>\n<p><strong>Analiza sadr\u017eaja:<br \/>\n<\/strong>Sirovi protein 26,0%, sirova mast 13,0%, sirova vlakna 2,0%, sirov pepeo 7,5%, kalcijum 1,4%, natrijum 0,45%, kalijum 0,95%, magnezijum 0,1%, fosfor 1,05%, hlorid 1,1%, sumpor 0,3%, omega\u20116\u2011masne kiseline 2,8%, omega\u20113\u2011masne kiseline 0,5%<\/p>\n<p><strong>Aditivi:<br \/>\n<\/strong>Vitamini \/ kg: Vitamin A (3a672a) 12000 I.E., Vitamin D3 (E671) 1000 I.E., Antioksidaciono sredstvo, tocoferol ekstrakti od biljnih ulja 1b306(i).<\/p>\n<p><strong>Mikroelementi\/kg:<br \/>\n<\/strong>Gvo\u017e\u0111e (E1, gvo\u017e\u0111e(II)sulfat, monohidrat) 110 mg, bakar (E4, bakar(II)sulfat, pentahidrat) 10 mg, cink (E6, cinkoksid, cink helat amino kiselina, hidrat) 135 mg, mangan (E5, mangan(II)oksid) 25 mg, jod (kalcijum\u2011jodat, jodat bez vode 3b202) 2 mg, selen (E8, natrijum selenit) 0,15 mg.<\/p>\n<p><strong>Dopunske napomene:<br \/>\n<\/strong>Pre po\u010detka hranjena preporu\u010dujemo da se posavetujete sa veterinarom.<br \/>\nPreporu\u010deno trajanja ishrane: 3\u201312 sedmice, u slu\u010daju hroni\u010dne insuficijencije pankreasa do kraja \u017eivota.<\/p>\n<p>Serve food in dry form with available fresh water.<br \/>\nFor your pet&#039;s health, consult a veterinarian regularly.<\/p>\n<p>Store the product in a dry, dark and cool place.<\/p>\n<p>Proizvo\u0111a\u010d: Interquell GmbH<br \/>\nCountry of origin: Germany<\/p>\n\n    <div class=\"xs_social_share_widget xs_share_url after_content \t\tmain_content  wslu-style-1 wslu-share-box-shaped wslu-fill-colored wslu-none wslu-share-horizontal wslu-theme-font-no wslu-main_content\">\n\n\t\t\n        <ul>\n\t\t\t        <\/ul>\n    <\/div>","protected":false},"excerpt":{"rendered":"<p>Happy Dog Vet Intestinal je veterinarska dijeta namenjena psima koji imaju akutno ili hroni\u010dno oboljenje creva<\/p>","protected":false},"featured_media":33265,"comment_status":"closed","ping_status":"closed","template":"","meta":{"_acf_changed":false},"pwb-brand":[1170],"product_cat":[47,49,48,705],"product_tag":[1544,1251],"class_list":{"0":"post-30145","1":"product","2":"type-product","3":"status-publish","4":"has-post-thumbnail","6":"pwb-brand-happy-dog","7":"product_cat-psi","8":"product_cat-granule-za-pse","9":"product_cat-hrana-za-pse","10":"product_cat-veterinarske-dijete-za-pse","11":"product_tag-hdvet","12":"product_tag-veterinarske-dijete","14":"first","15":"instock","16":"taxable","17":"shipping-taxable","18":"purchasable","19":"product-type-variable","20":"has-default-attributes"},"acf":[],"brands":[{"id":1170,"name":"Happy Dog","slug":"happy-dog"}],"_links":{"self":[{"href":"https:\/\/pawz.rs\/en\/wp-json\/wp\/v2\/product\/30145","targetHints":{"allow":["GET"]}}],"collection":[{"href":"https:\/\/pawz.rs\/en\/wp-json\/wp\/v2\/product"}],"about":[{"href":"https:\/\/pawz.rs\/en\/wp-json\/wp\/v2\/types\/product"}],"replies":[{"embeddable":true,"href":"https:\/\/pawz.rs\/en\/wp-json\/wp\/v2\/comments?post=30145"}],"wp:featuredmedia":[{"embeddable":true,"href":"https:\/\/pawz.rs\/en\/wp-json\/wp\/v2\/media\/33265"}],"wp:attachment":[{"href":"https:\/\/pawz.rs\/en\/wp-json\/wp\/v2\/media?parent=30145"}],"wp:term":[{"taxonomy":"pwb-brand","embeddable":true,"href":"https:\/\/pawz.rs\/en\/wp-json\/wp\/v2\/pwb-brand?post=30145"},{"taxonomy":"product_cat","embeddable":true,"href":"https:\/\/pawz.rs\/en\/wp-json\/wp\/v2\/product_cat?post=30145"},{"taxonomy":"product_tag","embeddable":true,"href":"https:\/\/pawz.rs\/en\/wp-json\/wp\/v2\/product_tag?post=30145"}],"curies":[{"name":"wp","href":"https:\/\/api.w.org\/{rel}","templated":true}]}}