{"id":30147,"date":"2024-09-10T15:32:05","date_gmt":"2024-09-10T13:32:05","guid":{"rendered":"https:\/\/pawz.rs\/?post_type=product&#038;p=30147"},"modified":"2026-02-17T07:57:37","modified_gmt":"2026-02-17T06:57:37","slug":"happy-dog-vet-renal","status":"publish","type":"product","link":"https:\/\/pawz.rs\/en\/happy-dog-vet-renal\/","title":{"rendered":"Happy Dog Vet Renal"},"content":{"rendered":"<p><strong>Happy Dog Vet Renal<\/strong><\/p>\n<p>Za rastere\u0107enje bubrega kod hroni\u010dne bubre\u017ene insuficijencije (HBI).<br \/>\nPrilago\u0111eni sadr\u017eaj visokokvalitetnih proteina.<\/p>\n<p>Smanjen sadr\u017eaj fosfora i natrijuma.<br \/>\nPosebno ukusna receptura.<\/p>\n<p>Happy Dog VET Diet Renal\u00a0se koristi za rastere\u0107enje hroni\u010dne bubre\u017ene insuficijencije (HBI). Ova hrana se specijalno isti\u010de na potrebe prilago\u0111enih sadr\u017eaja od visokosvarljivog proteina, kao i fosfora i natrijum. Posebno ukusna receptura podr\u017eava unos hrane i obezbe\u0111uje snabdevanje hranjivim materijama.<\/p>\n<p>Sastojci koji se nalaze u Natural Life Concept \u00ae , kopriva i masla\u010dak, se tradicionalno koriste za pro\u010di\u0161\u0107avanje krvi.<br \/>\nDijetalna kompletna hrana za odrasle pse za podr\u0161ku funkcionalnosti bubrega kod hroni\u010dne bubre\u017ene insuficijencije (HBI).<\/p>\n<p><strong>Sastav:<br \/>\n<\/strong>Kukuruz, bra\u0161no od ri\u017ee, \u017eivinska mast, pahuljice od krompira, \u010dvarci, riblje bra\u0161no, odresci od repne melase* (oslobo\u0111eni od \u0161e\u0107era), suvo jaje, hidrolizat jetre, dro\u017edine jabuke*, suncokretovo ulje, kalcijumkarbonat kalijumhlorid, natrijumhlorid, bra\u0161no od \u0161argarepe, ulje od uljane repice, kvasac*, morske alge*, laneno seme, kvasac* (ekstrakt), mle\u010dni \u010dkalj, arti\u010doka, masla\u010dak, \u0111umbir, list breze, kopriva, kamilica, korijander, ruzmarin, \u017ealfija, slatki koren, maj\u010dina du\u0161ica; *) su\u0161ena<\/p>\n<p><strong>Analiza sadr\u017eaja:<br \/>\n<\/strong>Sirovi protein 15,0%, sirova mast 15%, sirova vlakna 3,0%, sirov pepeo 4,0%, kalcijum 0,65%, natrijum 0,25%, kalijum 0,55%, magnezijum 0,07%, fosfor 0,35%, hlorid 0,7%, sumpor 0,25%, omega\u20116\u2011masne kiseline 2,6%, omega\u20113\u2011masne kiseline 0,3%.<\/p>\n<p><strong>Aditivi:<br \/>\n<\/strong>Vitamini\/kg: Vitamin A (3a672a) 12000 I.E., Vitamin D3 (E671) 1000 I.E., Antioksidaciono sredstvo, tocoferol ekstrakti od biljnih ulja 1b306(i).<\/p>\n<p><strong>Mikroelementi\/kg:<br \/>\n<\/strong>Gvo\u017e\u0111e (E1, gvo\u017e\u0111e(II)sulfat, monohidrat) 150 mg, bakar (E4, bakar(II)sulfat, pentahidrat) 15 mg, cink (E6, cinkoksid, cink helat amino kiselina, hidrat) 150 mg, mangan (E5, mangan(II)oksid) 25 mg, jod (kalcijum\u2011jodat, jodat bez vode 3b202) 2,0 mg, selen (E8, natrijum selenit) 0,2 mg.<\/p>\n<p><strong>Dopunske napomene:<br \/>\n<\/strong>Pre po\u010detka ili produ\u017eetka hranjena preporu\u010dujemo da se posavetujete sa veterinaroma i da dalje redovno kontroli\u0161te funkciju bubrega.<br \/>\nPreporu\u010deno trajanja ishrane: Prvo do 6 meseci.<\/p>\n<p>Serve food in dry form with available fresh water.<br \/>\nFor your pet&#039;s health, consult a veterinarian regularly.<\/p>\n<p>Store the product in a dry, dark and cool place.<\/p>\n<p>Proizvo\u0111a\u010d: Interquell GmbH<br \/>\nCountry of origin: Germany<\/p>\n\n    <div class=\"xs_social_share_widget xs_share_url after_content \t\tmain_content  wslu-style-1 wslu-share-box-shaped wslu-fill-colored wslu-none wslu-share-horizontal wslu-theme-font-no wslu-main_content\">\n\n\t\t\n        <ul>\n\t\t\t        <\/ul>\n    <\/div>","protected":false},"excerpt":{"rendered":"<p>Happy Dog Vet Renal je veterinarska hrana namenjena psima koji imaju problem sa bubre\u017enom insuficijencijom<\/p>","protected":false},"featured_media":33267,"comment_status":"closed","ping_status":"closed","template":"","meta":{"_acf_changed":false},"pwb-brand":[1170],"product_cat":[47,49,48,705],"product_tag":[1544,1251],"class_list":{"0":"post-30147","1":"product","2":"type-product","3":"status-publish","4":"has-post-thumbnail","6":"pwb-brand-happy-dog","7":"product_cat-psi","8":"product_cat-granule-za-pse","9":"product_cat-hrana-za-pse","10":"product_cat-veterinarske-dijete-za-pse","11":"product_tag-hdvet","12":"product_tag-veterinarske-dijete","14":"first","15":"instock","16":"taxable","17":"shipping-taxable","18":"purchasable","19":"product-type-variable","20":"has-default-attributes"},"acf":[],"brands":[{"id":1170,"name":"Happy Dog","slug":"happy-dog"}],"_links":{"self":[{"href":"https:\/\/pawz.rs\/en\/wp-json\/wp\/v2\/product\/30147","targetHints":{"allow":["GET"]}}],"collection":[{"href":"https:\/\/pawz.rs\/en\/wp-json\/wp\/v2\/product"}],"about":[{"href":"https:\/\/pawz.rs\/en\/wp-json\/wp\/v2\/types\/product"}],"replies":[{"embeddable":true,"href":"https:\/\/pawz.rs\/en\/wp-json\/wp\/v2\/comments?post=30147"}],"wp:featuredmedia":[{"embeddable":true,"href":"https:\/\/pawz.rs\/en\/wp-json\/wp\/v2\/media\/33267"}],"wp:attachment":[{"href":"https:\/\/pawz.rs\/en\/wp-json\/wp\/v2\/media?parent=30147"}],"wp:term":[{"taxonomy":"pwb-brand","embeddable":true,"href":"https:\/\/pawz.rs\/en\/wp-json\/wp\/v2\/pwb-brand?post=30147"},{"taxonomy":"product_cat","embeddable":true,"href":"https:\/\/pawz.rs\/en\/wp-json\/wp\/v2\/product_cat?post=30147"},{"taxonomy":"product_tag","embeddable":true,"href":"https:\/\/pawz.rs\/en\/wp-json\/wp\/v2\/product_tag?post=30147"}],"curies":[{"name":"wp","href":"https:\/\/api.w.org\/{rel}","templated":true}]}}