{"id":30149,"date":"2024-09-10T15:32:10","date_gmt":"2024-09-10T13:32:10","guid":{"rendered":"https:\/\/pawz.rs\/?post_type=product&#038;p=30149"},"modified":"2026-02-17T07:57:33","modified_gmt":"2026-02-17T06:57:33","slug":"happy-dog-vet-skin","status":"publish","type":"product","link":"https:\/\/pawz.rs\/en\/happy-dog-vet-skin\/","title":{"rendered":"Happy Dog Vet Skin"},"content":{"rendered":"<p><strong>Happy Dog Vet Skin<\/strong><\/p>\n<p>Za regeneraciju kod iritacije ko\u017ee i intolerancije na hranu.<br \/>\nReceptura bez glutena sa visokosvarljivim sastojcima.<\/p>\n<p>Ekskluzivni izvori proteina \u017eivotinjskog porekla (jelen i losos).<br \/>\nBogat sadr\u017eaj aktivnih hranjivih materija za podr\u0161ku metabolizma ko\u017ee.<\/p>\n<p>Happy Dog VET Diet Skin\u00a0se koristi za regeneraciju ko\u017ee kod iritacije i kod intolerancije na hranu. Ova hrana se isti\u010de visokosvarljivom recepturom bez glutena sa ekskluzivnim izvorima proteina \u017eivotinjskog porekla kao \u0161to su jelensko i lososovo meso. Aktivni vitamini, mikroelementi i dragocene omega\u20113 i 6 masne kiseline podr\u017eavaju stvaranje zdravih \u0107elija ko\u017ee i doprinose ja\u010danju njene barijere.<\/p>\n<p>Dijetalna kompletna hrana za mlade pse od 6. meseca \u017eitova i za odrasle pse za podr\u0161ku funkcije ko\u017ee kod dermatoze i prekomernog otpadanja dlake, kao i za smanjivanje intolerancije na hranu.<\/p>\n<p><strong>Sastav:<br \/>\n<\/strong>Bra\u0161no od ri\u017ee (min. 45%), protein od jelena* (16%), protein od ri\u017ee* (14%), suncokretovo ulje, bra\u0161no od lososovog mesa, gove\u0111a mast (rafinirana), celuloza, hidrolizat jetre, ulje od uljane repice, natrijumhlorid, koren cikorije*, *) su\u0161en<\/p>\n<p><strong>Analiza sadr\u017eaja:<br \/>\n<\/strong>Sirovi protein 22,5%, sirova mast 12,5%, sirova vlakna 3,0%, sirov pepeo 7,0%, kalcijum 1,55%, natrijum 0,35%, kalijum 0,5%, magnezijum 0,09%, fosfor 1,05%, hlorid 0,9%, sumpor 0,4%, omega\u20116\u2011masne kiseline 3,5%, omega\u20113\u2011masne kiseline 0,5%<\/p>\n<p><strong>Aditivi:<br \/>\n<\/strong>Vitamini\/kg: Vitamin A (3a672a) 12000 I.E., Vitamin D3 (E671) 1000 I.E., L\u2011karnitinn (3a910) 500 mg. Antioksidaciono sredstvo, tocoferol ekstrakti od biljnih ulja 1b306(i).<\/p>\n<p><strong>Mikroelementi\/kg:<br \/>\n<\/strong>Gvo\u017e\u0111e (E1, gvo\u017e\u0111e(II)sulfat, monohidrat) 105 mg, bakar (E4, bakar(II)sulfat, pentahidrat) 12 mg, cink (E6, cinkoksid, cink helat amino kiselina, hidrat) 100 mg, mangan (E5, mangan(II)oksid) 13 mg, jod (kalcijum\u2011jodat, jodat bez vode 3b202) 1,5 mg, selen (E8, natrijum selenit) 0,15 mg.<\/p>\n<p><strong>Amino kiseline\/kg:<br \/>\n<\/strong>DL metionin (3c301) 2700 mg.<\/p>\n<p><strong>Dopunske napomene:<br \/>\n<\/strong>Pre po\u010detka hranjenja kao i prekida preporu\u010dujemo da se posavetujete sa veterinarom.<br \/>\nPreporu\u010deno trajanja ishrane: min. 3 \u2013 8 sedmica, prilikom popu\u0161tanja intolerancije mo\u017ee da se koristi dalje bez ograni\u010denja.<\/p>\n<p>Serve food in dry form with available fresh water.<br \/>\nFor your pet&#039;s health, consult a veterinarian regularly.<\/p>\n<p>Store the product in a dry, dark and cool place.<\/p>\n<p>Proizvo\u0111a\u010d: Interquell GmbH<br \/>\nCountry of origin: Germany<\/p>\n\n    <div class=\"xs_social_share_widget xs_share_url after_content \t\tmain_content  wslu-style-1 wslu-share-box-shaped wslu-fill-colored wslu-none wslu-share-horizontal wslu-theme-font-no wslu-main_content\">\n\n\t\t\n        <ul>\n\t\t\t        <\/ul>\n    <\/div>","protected":false},"excerpt":{"rendered":"<p>Happy Dog Vet Skin je veterinarska hrana namenjena psima koji imaju problema sa ko\u017eom<\/p>","protected":false},"featured_media":33275,"comment_status":"closed","ping_status":"closed","template":"","meta":{"_acf_changed":false},"pwb-brand":[1170],"product_cat":[47,49,48,705],"product_tag":[1544,1251],"class_list":{"0":"post-30149","1":"product","2":"type-product","3":"status-publish","4":"has-post-thumbnail","6":"pwb-brand-happy-dog","7":"product_cat-psi","8":"product_cat-granule-za-pse","9":"product_cat-hrana-za-pse","10":"product_cat-veterinarske-dijete-za-pse","11":"product_tag-hdvet","12":"product_tag-veterinarske-dijete","14":"first","15":"instock","16":"taxable","17":"shipping-taxable","18":"purchasable","19":"product-type-variable","20":"has-default-attributes"},"acf":[],"brands":[{"id":1170,"name":"Happy Dog","slug":"happy-dog"}],"_links":{"self":[{"href":"https:\/\/pawz.rs\/en\/wp-json\/wp\/v2\/product\/30149","targetHints":{"allow":["GET"]}}],"collection":[{"href":"https:\/\/pawz.rs\/en\/wp-json\/wp\/v2\/product"}],"about":[{"href":"https:\/\/pawz.rs\/en\/wp-json\/wp\/v2\/types\/product"}],"replies":[{"embeddable":true,"href":"https:\/\/pawz.rs\/en\/wp-json\/wp\/v2\/comments?post=30149"}],"wp:featuredmedia":[{"embeddable":true,"href":"https:\/\/pawz.rs\/en\/wp-json\/wp\/v2\/media\/33275"}],"wp:attachment":[{"href":"https:\/\/pawz.rs\/en\/wp-json\/wp\/v2\/media?parent=30149"}],"wp:term":[{"taxonomy":"pwb-brand","embeddable":true,"href":"https:\/\/pawz.rs\/en\/wp-json\/wp\/v2\/pwb-brand?post=30149"},{"taxonomy":"product_cat","embeddable":true,"href":"https:\/\/pawz.rs\/en\/wp-json\/wp\/v2\/product_cat?post=30149"},{"taxonomy":"product_tag","embeddable":true,"href":"https:\/\/pawz.rs\/en\/wp-json\/wp\/v2\/product_tag?post=30149"}],"curies":[{"name":"wp","href":"https:\/\/api.w.org\/{rel}","templated":true}]}}