{"id":30151,"date":"2024-09-10T15:32:02","date_gmt":"2024-09-10T13:32:02","guid":{"rendered":"https:\/\/pawz.rs\/?post_type=product&#038;p=30151"},"modified":"2026-02-17T07:57:39","modified_gmt":"2026-02-17T06:57:39","slug":"happy-dog-vet-struvit","status":"publish","type":"product","link":"https:\/\/pawz.rs\/en\/happy-dog-vet-struvit\/","title":{"rendered":"Happy Dog Vet Struvit"},"content":{"rendered":"<p><strong>Happy Dog Vet Struvit<\/strong><\/p>\n<p>Za rastvaranje struvitnog kamenja.<br \/>\nSpre\u010dava ponovljeno stvaranje struvitnog kamenja.<\/p>\n<p>Poja\u010dava unos vode radi ispiranja mokra\u0107nih kanala.<br \/>\nCiljna pH vrednost mokra\u0107e: 6,0.<\/p>\n<p>Happy DOG VET Diet Struvit\u00a0hrana se koristi za rastvaranje struvitnog kamenja. Za spre\u010davanje preporu\u010duje se kombinacija sa Happy Dog kompletnom hranom. Ova hrana se isti\u010de naro\u010dito visokokvalitetnim proteinom, kao i smanjenim sadr\u017eajem magnezijuma i fosfora i posti\u017ee zna\u010dajno spu\u0161tanje pH vrednosti mokra\u0107e. Neznatno uve\u0107ani sadr\u017eaj natrijuma deluje na mokra\u0107ne kanale pomo\u0107u uve\u0107anog unosa vode.<\/p>\n<p>Sastojci koji se nalaze u Natural Life Concept \u00ae , listovi breze i kopriva, se tradicionalno koriste kao dodatak za terapiju mokra\u0107nih kanala.<\/p>\n<p>Dijetalna kompletna hrana za odrasle pse za rastvaranje struvitnog kamenja.<\/p>\n<p><strong>Sastav:<br \/>\n<\/strong>Ri\u017ea, pahuljice od krompira, je\u010dam, krupnik, bra\u0161no od \u017eivinskog mesa, \u017eivinska mast, \u010dvarci, bra\u0161no od jagnje\u0107eg mesa, odresci od repne melase* (oslobo\u0111eni od \u0161e\u0107era), hidrolizat jetre, hemoglobin*, riblje bra\u0161no, natrijumhlorid, suncokretovo ulje, dro\u017edine jabuke, suvo jaje, kalijumhlorid, ulje od uljane repice, kvasac*, morske alge*, meso \u0161koljke*, laneno seme, Yucca Schidigera*, meso \u0161koljke*, kvasac* (ekstrakt), mle\u010dni \u010dkalj, arti\u010doka, masla\u010dak, \u0111umbir, list breze, kopriva, kamilica, korijander, ruzmarin, \u017ealfija, slatki koren, maj\u010dina du\u0161ica; *) su\u0161ena<\/p>\n<p><strong>Analiza sadr\u017eaja:<br \/>\n<\/strong>Sirovi protein 18,5%, sirova mast 9,5%, sirova vlakna 3,0%, sirov pepeo 5,5%, kalcijum 0,7%, natrijum 0,7%, kalijum 0,5%, magnezijum 0,055%, fosfor 0,5%, hlorid 1,4%, sumpor 1,1%, omega\u20116\u2011masne kiseline 2,0%, omega\u20113\u2011masne kiseline 0,3%<\/p>\n<p><strong>Aditivi:<br \/>\n<\/strong>Vitamini\/kg: Vitamin A (3a672a) 12000 I.E., Vitamin D3 (E671) 1000 I.E., L\u2011karnitin (3a910) 200 mg. Antioksidaciono sredstvo, tocoferol ekstrakti od biljnih ulja 1b306(i).<\/p>\n<p><strong>Mikroelementi\/kg:<br \/>\n<\/strong>Gvo\u017e\u0111e (E1, gvo\u017e\u0111e(II)sulfat, monohidrat) 110 mg, bakar (E4, bakar(II)sulfat, pentahidrat) 10 mg, cink (E6, cinkoksid, cink helat amino kiselina, hidrat) 135 mg, mangan (E5, mangan(II)oksid) 25 mg, jod (kalcijum\u2011jodat, jodat bez vode 3b202) 2 mg, selen (E8, natrijum selenit) 0,15 mg.<\/p>\n<p><strong>Amino kiseline\/kg:<br \/>\n<\/strong>DL\u2011metionin (3c301) 10800 mg<\/p>\n<p><strong>Ostali \u017eivotinjski aditivi \/ kg:<br \/>\n<\/strong>Amonijumhlorid (4d8) 250 mg.<br \/>\nZa prevenciju stvaranja struvitnih kamenja, pre svega kod prekomerne te\u017eine pome\u0161ajte hranu kod svakog oborka u odnosu 1:1 sa obi\u010dnom Happy Dog suvom hranom.<\/p>\n<p><strong>Dopunske napomene:<br \/>\n<\/strong>Pre po\u010detka ili produ\u017eetka hranjena preporu\u010dujemo da se posavetujete sa veterinarom.<br \/>\nPreporu\u010deno trajanja ishrane: 5 \u2011 12 sedmica odn. do rastvaranja mokra\u0107nih kristala\/kamenja.<\/p>\n<p>Serve food in dry form with available fresh water.<br \/>\nFor your pet&#039;s health, consult a veterinarian regularly.<\/p>\n<p>Store the product in a dry, dark and cool place.<\/p>\n<p>Proizvo\u0111a\u010d: Interquell GmbH<br \/>\nCountry of origin: Germany<\/p>\n\n    <div class=\"xs_social_share_widget xs_share_url after_content \t\tmain_content  wslu-style-1 wslu-share-box-shaped wslu-fill-colored wslu-none wslu-share-horizontal wslu-theme-font-no wslu-main_content\">\n\n\t\t\n        <ul>\n\t\t\t        <\/ul>\n    <\/div>","protected":false},"excerpt":{"rendered":"<p>Happy Dog Vet Struvit je veterinarska dijeta namenjena psima koji imaju problem sa stvaranjem struvitnih kamen\u010di\u0107a<\/p>","protected":false},"featured_media":33271,"comment_status":"closed","ping_status":"closed","template":"","meta":{"_acf_changed":false},"pwb-brand":[1170],"product_cat":[47,49,48,705],"product_tag":[1544,1251],"class_list":{"0":"post-30151","1":"product","2":"type-product","3":"status-publish","4":"has-post-thumbnail","6":"pwb-brand-happy-dog","7":"product_cat-psi","8":"product_cat-granule-za-pse","9":"product_cat-hrana-za-pse","10":"product_cat-veterinarske-dijete-za-pse","11":"product_tag-hdvet","12":"product_tag-veterinarske-dijete","14":"first","15":"instock","16":"taxable","17":"shipping-taxable","18":"purchasable","19":"product-type-variable","20":"has-default-attributes"},"acf":[],"brands":[{"id":1170,"name":"Happy Dog","slug":"happy-dog"}],"_links":{"self":[{"href":"https:\/\/pawz.rs\/en\/wp-json\/wp\/v2\/product\/30151","targetHints":{"allow":["GET"]}}],"collection":[{"href":"https:\/\/pawz.rs\/en\/wp-json\/wp\/v2\/product"}],"about":[{"href":"https:\/\/pawz.rs\/en\/wp-json\/wp\/v2\/types\/product"}],"replies":[{"embeddable":true,"href":"https:\/\/pawz.rs\/en\/wp-json\/wp\/v2\/comments?post=30151"}],"wp:featuredmedia":[{"embeddable":true,"href":"https:\/\/pawz.rs\/en\/wp-json\/wp\/v2\/media\/33271"}],"wp:attachment":[{"href":"https:\/\/pawz.rs\/en\/wp-json\/wp\/v2\/media?parent=30151"}],"wp:term":[{"taxonomy":"pwb-brand","embeddable":true,"href":"https:\/\/pawz.rs\/en\/wp-json\/wp\/v2\/pwb-brand?post=30151"},{"taxonomy":"product_cat","embeddable":true,"href":"https:\/\/pawz.rs\/en\/wp-json\/wp\/v2\/product_cat?post=30151"},{"taxonomy":"product_tag","embeddable":true,"href":"https:\/\/pawz.rs\/en\/wp-json\/wp\/v2\/product_tag?post=30151"}],"curies":[{"name":"wp","href":"https:\/\/api.w.org\/{rel}","templated":true}]}}