{"id":30160,"date":"2024-09-13T19:07:38","date_gmt":"2024-09-13T17:07:38","guid":{"rendered":"https:\/\/pawz.rs\/?post_type=product&#038;p=30160"},"modified":"2025-06-29T19:54:51","modified_gmt":"2025-06-29T17:54:51","slug":"happy-cat-vet-struvit","status":"publish","type":"product","link":"https:\/\/pawz.rs\/en\/happy-cat-vet-struvit\/","title":{"rendered":"Happy Cat Vet Struvit"},"content":{"rendered":"<div><strong>Happy Cat Vet Struvit<\/strong><\/div>\n<p>Veterinarska specijalna dijeta za rastvaranje i spre\u010davanje struvitnih kamenaca.<\/p>\n<div><strong>Sastav:<\/strong><\/div>\n<div>Je\u010dam, \u010dvarci, bra\u0161no od ri\u017ee, pahuljice od krompira, bra\u0161no od \u017eivinskog mesa, p\u0161eni\u010dno bra\u0161no, bra\u0161no od lososa, \u017eivinska mast, gove\u0111a mast, hidrolizat jetre, odresci od repne melasel* (oslobo\u0111eni od \u0161e\u0107era), protein krompira, dro\u017edine jabuke*, seme lana, natrijumhlorid, kalijumhlorid, kvasac*, morske alge*, kvasacl* (ekstrakt), koren cikorije (ekstraktovan), meso \u0161koljke*, *) su\u0161eni.<\/div>\n<div><\/div>\n<div><strong>Analiza sadr\u017eaja:<\/strong><\/div>\n<div>Sirovi protein 30,0%, sirova mast 14,0 %, sirova vlakna 3,0%, sirov pepeo 6,5%, kalcijum 0,75%, natrijum 0,55%, kalijum 0,7%, magnezijum 0,06%, fosfor 0,55%, hlorid 0,45%, sumpor 0,6%, omega\u20116 masne kiseline 2,3% omega\u20113\u2011 masne kiseline 0,3%.<\/div>\n<div><\/div>\n<div><strong>Aditivi:<\/strong><\/div>\n<div>Vitamini \/ kg: vitamin A (3a672a) 25000 I.E., vitamin D3 (E671) 2000 I.E., vitamin E (all\u2011rac\u2011alfa\u2011tocoferilacetat 3a700) 120 mg, vitamin B1 (tiamin mononitrat 3a821) 6 mg, vitamin B2 (riboflavin) 6 mg, vitamin B6 (piridoksin hidroklorid 3a831) 6 mg, D(+) \u2011 biotin (3a880) 1000 mcg, D\u2011pantotenat kalcijum 15 mg, nijacin (3a314) 60 mg, vitamin B12 100 mcg, holin hlorid (3a890) 75 mg, taurina (3a370) 2000 mg.<\/div>\n<p>Serve food in dry form with available fresh water.<br \/>\nFor your pet&#039;s health, consult a veterinarian regularly.<\/p>\n<p>Store the product in a dry, dark and cool place.<\/p>\n<p>Proizvo\u0111a\u010d: Interquell GmbH<br \/>\nCountry of origin: Germany<\/p>\n\n    <div class=\"xs_social_share_widget xs_share_url after_content \t\tmain_content  wslu-style-1 wslu-share-box-shaped wslu-fill-colored wslu-none wslu-share-horizontal wslu-theme-font-no wslu-main_content\">\n\n\t\t\n        <ul>\n\t\t\t        <\/ul>\n    <\/div>","protected":false},"excerpt":{"rendered":"<p>Happy Cat Vet Struvit je hrana za odrasle ma\u010dke, koje imaju problema sa rastvaranjem struvitnog kamenja u mokra\u0107nim kanalima<\/p>","protected":false},"featured_media":33273,"comment_status":"closed","ping_status":"closed","template":"","meta":{"_acf_changed":false},"pwb-brand":[1236,1170],"product_cat":[23,21,711],"product_tag":[1251],"class_list":{"0":"post-30160","1":"product","2":"type-product","3":"status-publish","4":"has-post-thumbnail","6":"pwb-brand-happy-cat","7":"pwb-brand-happy-dog","8":"product_cat-macke","9":"product_cat-hrana-za-macke","10":"product_cat-veterinarske-dijete-za-macke","11":"product_tag-veterinarske-dijete","13":"first","14":"instock","15":"taxable","16":"shipping-taxable","17":"purchasable","18":"product-type-variable","19":"has-default-attributes"},"acf":[],"brands":[{"id":1236,"name":"Happy Cat","slug":"happy-cat"},{"id":1170,"name":"Happy Dog","slug":"happy-dog"}],"_links":{"self":[{"href":"https:\/\/pawz.rs\/en\/wp-json\/wp\/v2\/product\/30160","targetHints":{"allow":["GET"]}}],"collection":[{"href":"https:\/\/pawz.rs\/en\/wp-json\/wp\/v2\/product"}],"about":[{"href":"https:\/\/pawz.rs\/en\/wp-json\/wp\/v2\/types\/product"}],"replies":[{"embeddable":true,"href":"https:\/\/pawz.rs\/en\/wp-json\/wp\/v2\/comments?post=30160"}],"wp:featuredmedia":[{"embeddable":true,"href":"https:\/\/pawz.rs\/en\/wp-json\/wp\/v2\/media\/33273"}],"wp:attachment":[{"href":"https:\/\/pawz.rs\/en\/wp-json\/wp\/v2\/media?parent=30160"}],"wp:term":[{"taxonomy":"pwb-brand","embeddable":true,"href":"https:\/\/pawz.rs\/en\/wp-json\/wp\/v2\/pwb-brand?post=30160"},{"taxonomy":"product_cat","embeddable":true,"href":"https:\/\/pawz.rs\/en\/wp-json\/wp\/v2\/product_cat?post=30160"},{"taxonomy":"product_tag","embeddable":true,"href":"https:\/\/pawz.rs\/en\/wp-json\/wp\/v2\/product_tag?post=30160"}],"curies":[{"name":"wp","href":"https:\/\/api.w.org\/{rel}","templated":true}]}}