{"id":30166,"date":"2024-09-12T17:50:50","date_gmt":"2024-09-12T15:50:50","guid":{"rendered":"https:\/\/pawz.rs\/?post_type=product&#038;p=30166"},"modified":"2025-06-29T19:54:54","modified_gmt":"2025-06-29T17:54:54","slug":"happy-dog-canada-supreme","status":"publish","type":"product","link":"https:\/\/pawz.rs\/en\/happy-dog-canada-supreme\/","title":{"rendered":"Happy Dog Canada Supreme"},"content":{"rendered":"<p><strong>Happy Dog Canada Supreme<\/strong><\/p>\n<p>ODNOS \/ PROTEINI MASTI: 25% \/ 14%<\/p>\n<p>Kompletna hrana bez glutena namenjena odraslim psima, bazirana na lososu, kuni\u0107u i jagnjetini kao izvoru belan\u010devina \u017eivotinjskog porekla.<\/p>\n<p>Losos je bogat esencijalnim Omega-3 i Omega-6 masnim kiselinama, kuni\u0107 donosi vredne proteine, a jagnjetina brojne va\u017ene nesvarljive materije. Sadr\u017ei krompir kao izvor ugljenih hidrata. Novozelandske dagnje podr\u017eavaju zglobove, a vrijedne Omega-3 i Omega-6 masne kiseline iz suncokretovog ulja i ulja repice osiguravaju sjajnu dlaku. Ukusna formulacija bez \u017eitarica sa blago povi\u0161enim energetskim sadr\u017eajem idealna je za aktivne odrasle pse sa preko 11 kg te\u017eine.<\/p>\n<p><strong>Sastav: <\/strong><br \/>\nPahuljice krompira (47%), lososovo bra\u0161no (10%), protein zeca (10%), protein jagnjetine (10%), masno\u0107e peradi, protein krompira, repina pulpa (bez \u0161e\u0107era), hidrolizat jetre, suncokretovo ulje (1,5%), komina jabuke (1,0%), celuloza, osu\u0161eno jaje, repino ulje (0,5%), semenke lana (0,4%), natrijum hlorid, kvasac, kalijum hlorid, brusnice (0,22%), morske alge (0,15%), mi\u0161i\u0107no meso (0,04%), yucca schidigera (0,02%), sikavica, arti\u010doka, masla\u010dak, \u0111umbir, listovi breze, kopriva, kamilica, korijander, ruzmarin, kadulja, koren sladi\u0107a, timijan, kvasac (ekstrahiran), osu\u0161ene biljke ukupno: 0,15%.<\/p>\n<p><strong>Analiza: <\/strong><br \/>\nSirovi protein 25.0%, sirove masno\u0107e 14.0%, sirova vlakna 3.0%, sirovi pepeo 7.5%, kalcij 1.45%, fosfor 0.95%, natrij 0.45%, omega 3 masne kiseline 0.5%, omega 6 masne kiseline 2.8%.<\/p>\n<p><strong>Vitamini\/kg: <\/strong><br \/>\nVitamin A (3a672a) 15000 IU, vitamin D3 (3a671) 900 IU<\/p>\n<p><strong>Elementi u tragovima\/kg: <\/strong><br \/>\nGvo\u017e\u0111e (3b103) 70 mg, bakar (3b405) 13 mg, cink (3b603) 85 mg, mangan (3b502) 16 mg, jod (3b202) 1,6 mg, selen (3b801) 0,25 mg<\/p>\n<p><strong>Regulatori kiselosti\/kg: <\/strong><br \/>\nLimunska kiselina (1a330) 200 mg<\/p>\n<p>Antioksidansi, tokoferolom bogati ekstrakti iz biljnih ulja 1b306(i)<\/p>\n<p>Serve food in dry form with available fresh water.<br \/>\nFor your pet&#039;s health, consult a veterinarian regularly.<\/p>\n<p>Store the product in a dry, dark and cool place.<\/p>\n<p>Proizvo\u0111a\u010d: Interquell GmbH<br \/>\nCountry of origin: Germany<\/p>\n\n    <div class=\"xs_social_share_widget xs_share_url after_content \t\tmain_content  wslu-style-1 wslu-share-box-shaped wslu-fill-colored wslu-none wslu-share-horizontal wslu-theme-font-no wslu-main_content\">\n\n\t\t\n        <ul>\n\t\t\t        <\/ul>\n    <\/div>","protected":false},"excerpt":{"rendered":"<p>Happy Dog Canada Supreme je hrana namenjena odraslim psima srednje i velike rase, pogodna i za osetljive pse<\/p>","protected":false},"featured_media":33199,"comment_status":"closed","ping_status":"closed","template":"","meta":{"_acf_changed":false},"pwb-brand":[1170],"product_cat":[47,48,49],"product_tag":[209],"class_list":{"0":"post-30166","1":"product","2":"type-product","3":"status-publish","4":"has-post-thumbnail","6":"pwb-brand-happy-dog","7":"product_cat-psi","8":"product_cat-hrana-za-pse","9":"product_cat-granule-za-pse","10":"product_tag-bez-glutena","12":"first","13":"instock","14":"taxable","15":"shipping-taxable","16":"purchasable","17":"product-type-variable","18":"has-default-attributes"},"acf":[],"brands":[{"id":1170,"name":"Happy Dog","slug":"happy-dog"}],"_links":{"self":[{"href":"https:\/\/pawz.rs\/en\/wp-json\/wp\/v2\/product\/30166","targetHints":{"allow":["GET"]}}],"collection":[{"href":"https:\/\/pawz.rs\/en\/wp-json\/wp\/v2\/product"}],"about":[{"href":"https:\/\/pawz.rs\/en\/wp-json\/wp\/v2\/types\/product"}],"replies":[{"embeddable":true,"href":"https:\/\/pawz.rs\/en\/wp-json\/wp\/v2\/comments?post=30166"}],"wp:featuredmedia":[{"embeddable":true,"href":"https:\/\/pawz.rs\/en\/wp-json\/wp\/v2\/media\/33199"}],"wp:attachment":[{"href":"https:\/\/pawz.rs\/en\/wp-json\/wp\/v2\/media?parent=30166"}],"wp:term":[{"taxonomy":"pwb-brand","embeddable":true,"href":"https:\/\/pawz.rs\/en\/wp-json\/wp\/v2\/pwb-brand?post=30166"},{"taxonomy":"product_cat","embeddable":true,"href":"https:\/\/pawz.rs\/en\/wp-json\/wp\/v2\/product_cat?post=30166"},{"taxonomy":"product_tag","embeddable":true,"href":"https:\/\/pawz.rs\/en\/wp-json\/wp\/v2\/product_tag?post=30166"}],"curies":[{"name":"wp","href":"https:\/\/api.w.org\/{rel}","templated":true}]}}