{"id":30167,"date":"2024-09-11T17:48:31","date_gmt":"2024-09-11T15:48:31","guid":{"rendered":"https:\/\/pawz.rs\/?post_type=product&#038;p=30167"},"modified":"2025-06-29T19:54:56","modified_gmt":"2025-06-29T17:54:56","slug":"happy-dog-mini-france","status":"publish","type":"product","link":"https:\/\/pawz.rs\/en\/happy-dog-mini-france\/","title":{"rendered":"Happy Dog Mini France"},"content":{"rendered":"<p><strong>Happy Dog Mini France<\/strong><\/p>\n<p>ODNOS \/ PROTEINI MASTI: 24% \/ 12%<\/p>\n<p>Hrana bez \u017eitarica sa pa\u010detinom namenjena ishrani odraslih pasa malih rasa.<\/p>\n<p>Namenjena ishrani pasa koji u zavr\u0161noj fazi rasta imaju do 10 kg talesne mase. Pogodna za ishranu osetljivih pasa koji \u010desto imaju problem sa probavom.<br \/>\nNe sadr\u017ei gluten. Sadr\u017ei vredne Omega-3 i Omega-6 masne kiseline, va\u017ene za zdravu ko\u017eu i sjajnu dlaku. Uravnote\u017eena suva hrana namenjena psima sa alergijama i intolerancijom na hranu. Veli\u010dina granula je prilago\u0111ena zubalu jako malih pasa.<\/p>\n<p><strong>Sastav: <\/strong><br \/>\nKrompir dehidrirani, proteini patke dehidrirani (25%), ulja i masti, proteini krompira dehidrirani, rezanci repe dehidrirani (bez \u0161e\u0107era), hidrolizovani proteini, komina jabuke dehidrirana, kvasci dehidrirani (ekstrakt).<\/p>\n<p><strong>Analytical composition: <\/strong><br \/>\nSirovi proteini 24,0 %, sirove masti 12,0 %, sirova vlakna 2,5 %, sirovi pepeo 7,5 %, kalcijum 1,35 %, fosfor 0,95 %, natrijum 0,35 %, omega-6 masne kiseline 2,5 %, omega-3 masne kiseline 0,3 %<\/p>\n<p><strong>Vitamini\/kg: <\/strong><br \/>\nVitamin A (3a672a) 15000 IU, vitamin D3 (3a671) 900 IU<\/p>\n<p><strong>Elementi u tragovima\/kg: <\/strong><br \/>\nGvo\u017e\u0111e (kao 3b103) 55 mg, bakar (kao 3b405) 12 mg, cink (kao 3b603) 70 mg, mangan (kao 3b502) 14 mg, jod (kao 3b202) 1,5 mg, selen (kao 3b801) 0,2 mg<\/p>\n<p><strong>Aminokiseline\/kg:<\/strong><br \/>\nDL-metionin (3c301) 3200 mg. Antioksidansi, tokoferolom bogati ekstrakti iz biljnih ulja 1b306(i)<\/p>\n<p>Serve food in dry form with available fresh water.<br \/>\nFor your pet&#039;s health, consult a veterinarian regularly.<\/p>\n<p>Store the product in a dry, dark and cool place.<\/p>\n<p>Proizvo\u0111a\u010d: Interquell GmbH<br \/>\nCountry of origin: Germany<\/p>\n\n    <div class=\"xs_social_share_widget xs_share_url after_content \t\tmain_content  wslu-style-1 wslu-share-box-shaped wslu-fill-colored wslu-none wslu-share-horizontal wslu-theme-font-no wslu-main_content\">\n\n\t\t\n        <ul>\n\t\t\t        <\/ul>\n    <\/div>","protected":false},"excerpt":{"rendered":"<p>Happy Dog Mini France je hrana bez \u017eitarica namenjena odraslim psima malih rasa, sa pa\u010detinom<\/p>","protected":false},"featured_media":33223,"comment_status":"closed","ping_status":"closed","template":"","meta":{"_acf_changed":false},"pwb-brand":[1170],"product_cat":[47,48,49],"product_tag":[208],"class_list":{"0":"post-30167","1":"product","2":"type-product","3":"status-publish","4":"has-post-thumbnail","6":"pwb-brand-happy-dog","7":"product_cat-psi","8":"product_cat-hrana-za-pse","9":"product_cat-granule-za-pse","10":"product_tag-bez-zitarica","12":"first","13":"instock","14":"taxable","15":"shipping-taxable","16":"purchasable","17":"product-type-variable","18":"has-default-attributes"},"acf":[],"brands":[{"id":1170,"name":"Happy Dog","slug":"happy-dog"}],"_links":{"self":[{"href":"https:\/\/pawz.rs\/en\/wp-json\/wp\/v2\/product\/30167","targetHints":{"allow":["GET"]}}],"collection":[{"href":"https:\/\/pawz.rs\/en\/wp-json\/wp\/v2\/product"}],"about":[{"href":"https:\/\/pawz.rs\/en\/wp-json\/wp\/v2\/types\/product"}],"replies":[{"embeddable":true,"href":"https:\/\/pawz.rs\/en\/wp-json\/wp\/v2\/comments?post=30167"}],"wp:featuredmedia":[{"embeddable":true,"href":"https:\/\/pawz.rs\/en\/wp-json\/wp\/v2\/media\/33223"}],"wp:attachment":[{"href":"https:\/\/pawz.rs\/en\/wp-json\/wp\/v2\/media?parent=30167"}],"wp:term":[{"taxonomy":"pwb-brand","embeddable":true,"href":"https:\/\/pawz.rs\/en\/wp-json\/wp\/v2\/pwb-brand?post=30167"},{"taxonomy":"product_cat","embeddable":true,"href":"https:\/\/pawz.rs\/en\/wp-json\/wp\/v2\/product_cat?post=30167"},{"taxonomy":"product_tag","embeddable":true,"href":"https:\/\/pawz.rs\/en\/wp-json\/wp\/v2\/product_tag?post=30167"}],"curies":[{"name":"wp","href":"https:\/\/api.w.org\/{rel}","templated":true}]}}