{"id":30178,"date":"2024-09-11T17:48:33","date_gmt":"2024-09-11T15:48:33","guid":{"rendered":"https:\/\/pawz.rs\/?post_type=product&#038;p=30178"},"modified":"2025-06-29T19:54:56","modified_gmt":"2025-06-29T17:54:56","slug":"happy-dog-mini-toscana","status":"publish","type":"product","link":"https:\/\/pawz.rs\/en\/happy-dog-mini-toscana\/","title":{"rendered":"Happy Dog Mini Toscana"},"content":{"rendered":"<p><strong>Happy Dog Mini Toscana<\/strong><\/p>\n<p>ODNOS \/ PROTEINI MASTI: 24% \/ 7,5%<\/p>\n<p>Bezglutenska hrana sa lososom i patkom namenjena ishrani odraslih pasa malih rasa.<\/p>\n<p>Uravnote\u017eena hrana sa pa\u010detinom, lososom i mediteranskim biljem. Ekskluzivna receptura zaokru\u017eena je vrednim novozelandskim dagnjama za zglobove. Sastav i posebna metoda proizvodnje \u010dine hranu idealnom za pa\u017eljivo hranjenje \u010dak i najosjetljivijih malih pasa sa njihovim posebnim potrebama.<br \/>\nSadr\u017ei smanjeni sadr\u017eaj masti \u0161to pogoduje manje aktivnim ili kastriranim\/sterilisanim psima. Pogodna za ishranu pasa sklonim pove\u0107anju telesne te\u017eine.<\/p>\n<p>Male granule savr\u0161eno su prilago\u0111ene zubima pasa malih pasmina do 10 kg. Ne sadr\u017ei ve\u0161ta\u010dke boja, arome i konzervanse, ne sadr\u017ei dodani \u0161e\u0107er.<\/p>\n<p><strong>Sastav: <\/strong><br \/>\nPa\u010dji proteini dehidrirani (23%), kukuruzno bra\u0161no, kukuruz, pirina\u010d, bra\u0161no od lososa (5%), repina pulpa dehidrirana (bez \u0161e\u0107era), hidrolizovani protein, ulja i masti, komina jabuke dehidrirana, kalijum hlorid, kvasci dehidrirani, natrijum hlorid, morske alge dehidrirane, laneno seme, su\u0161eno celo jaje, meso dagnji dehidrirano (0,05%), bobice bazge, \u010di\u010dak, kvasac dehidrirani (ekstrakt), yucca schidigera dehidrirana, arti\u010doka, masla\u010dak, \u0111umbir, li\u0161\u0107e breze, kopriva, kamilica, ruzmarin, kadulja, maj\u010dina du\u0161ica , \u010dubar, ma\u017euran, korijander, koren sladi\u0107a, anis, bosiljak, komora\u010d, cvijet bazge, cvijet lavande, (ukupno su\u0161eno bilje: 0,2 %)<\/p>\n<p><strong>Analytical composition: <\/strong><br \/>\nSirovi proteini 24,0 %, sirove masti 7,5 %, sirova vlakna 2,5 %, sirovi pepeo 7,5 %, kalcijum 1,5 %, fosfor 1,0 %, natrijum 0,5 %, omega-6 masne kiseline 2,0 %, omega-3 masne kiseline 0,2 %<\/p>\n<p><strong>Vitamini\/kg: <\/strong><br \/>\nVitamin A (3a672a) 18000 IU, vitamin D3 (3a671) 950 IU<\/p>\n<p><strong>Elementi u tragovima\/kg: <\/strong><br \/>\nGvo\u017e\u0111e (kao 3b103) 50 mg, bakar (kao 3b405) 10 mg, cink (kao 3b603, 3b606) 105 mg, mangan (kao 3b502) 26 mg, jod (kao 3b202) 2 mg, selen (kao 3b801) 0,1 mg. Antioksidansi, tokoferolom bogati ekstrakti iz biljnih ulja 1b306(i)<\/p>\n<p>Serve food in dry form with available fresh water.<br \/>\nFor your pet&#039;s health, consult a veterinarian regularly.<\/p>\n<p>Store the product in a dry, dark and cool place.<\/p>\n<p>Proizvo\u0111a\u010d: Interquell GmbH<br \/>\nCountry of origin: Germany<\/p>\n\n    <div class=\"xs_social_share_widget xs_share_url after_content \t\tmain_content  wslu-style-1 wslu-share-box-shaped wslu-fill-colored wslu-none wslu-share-horizontal wslu-theme-font-no wslu-main_content\">\n\n\t\t\n        <ul>\n\t\t\t        <\/ul>\n    <\/div>","protected":false},"excerpt":{"rendered":"<p>Happy Dog Mini Toscana je hrana bez glutena namenjena odraslim psima malih rasa, sa ukusom pa\u010detine i lososa<\/p>","protected":false},"featured_media":33221,"comment_status":"closed","ping_status":"closed","template":"","meta":{"_acf_changed":false},"pwb-brand":[1170],"product_cat":[47,48,49],"product_tag":[209],"class_list":{"0":"post-30178","1":"product","2":"type-product","3":"status-publish","4":"has-post-thumbnail","6":"pwb-brand-happy-dog","7":"product_cat-psi","8":"product_cat-hrana-za-pse","9":"product_cat-granule-za-pse","10":"product_tag-bez-glutena","12":"first","13":"instock","14":"taxable","15":"shipping-taxable","16":"purchasable","17":"product-type-variable","18":"has-default-attributes"},"acf":[],"brands":[{"id":1170,"name":"Happy Dog","slug":"happy-dog"}],"_links":{"self":[{"href":"https:\/\/pawz.rs\/en\/wp-json\/wp\/v2\/product\/30178","targetHints":{"allow":["GET"]}}],"collection":[{"href":"https:\/\/pawz.rs\/en\/wp-json\/wp\/v2\/product"}],"about":[{"href":"https:\/\/pawz.rs\/en\/wp-json\/wp\/v2\/types\/product"}],"replies":[{"embeddable":true,"href":"https:\/\/pawz.rs\/en\/wp-json\/wp\/v2\/comments?post=30178"}],"wp:featuredmedia":[{"embeddable":true,"href":"https:\/\/pawz.rs\/en\/wp-json\/wp\/v2\/media\/33221"}],"wp:attachment":[{"href":"https:\/\/pawz.rs\/en\/wp-json\/wp\/v2\/media?parent=30178"}],"wp:term":[{"taxonomy":"pwb-brand","embeddable":true,"href":"https:\/\/pawz.rs\/en\/wp-json\/wp\/v2\/pwb-brand?post=30178"},{"taxonomy":"product_cat","embeddable":true,"href":"https:\/\/pawz.rs\/en\/wp-json\/wp\/v2\/product_cat?post=30178"},{"taxonomy":"product_tag","embeddable":true,"href":"https:\/\/pawz.rs\/en\/wp-json\/wp\/v2\/product_tag?post=30178"}],"curies":[{"name":"wp","href":"https:\/\/api.w.org\/{rel}","templated":true}]}}