{"id":30181,"date":"2024-09-10T15:32:04","date_gmt":"2024-09-10T13:32:04","guid":{"rendered":"https:\/\/pawz.rs\/?post_type=product&#038;p=30181"},"modified":"2026-02-17T07:57:38","modified_gmt":"2026-02-17T06:57:38","slug":"happy-dog-vet-urinary","status":"publish","type":"product","link":"https:\/\/pawz.rs\/en\/happy-dog-vet-urinary\/","title":{"rendered":"Happy Dog Vet Urinary"},"content":{"rendered":"<p><strong>Happy Dog Vet Urinary<\/strong><\/p>\n<p>Happy Dog P-Urinary Veterinarska dijeta se koristi kao preventiva i potporna terapija u le\u010denju kalcijumskih, uratnih, oksalatnih, ksantinskih i cistinskih kamen\u010di\u0107a.<\/p>\n<p><b><\/b>Nizak nivo purina povoljno deluje na rad jetre i bubrega.<\/p>\n<p><b>Sastav:<br \/>\n<\/b>Krompirove pahuljice (49%), [proteini krompira* (20%), suncokretovo ulje, pulpa cvekle* (bez \u0161ec\u0301era), pahuljice gra\u0161ka (4%), suvo jaje (4%), repi\u010dino ulje, hidrolizovana d\u017eigerica, komina jabuke*, monokalcijum fosfat, kalcijum karbonat, natrijum hlorid; *) osu\u0161eni<\/p>\n<p><b>Analiza sadr\u017eaja:<br \/>\n<\/b>Sirovi proteini 22,5%, sirove masti 15,0%, sirova vlakna 2,5%, sirovi pepeo 5,0%, kalcijum 0,55%, natrijum 0,3%, kalijum 1,3%, magnezijum 0,08%, fosfor 0,45%, hlorid 0,4%, sumpor 0. 6 masnih kiselina 7,0%, Omega-3 masne kiseline 0,7%, aminokiseline koje sadr\u017ee sumpor: 0,82%, hidroksiprolin: 0,05%, supstance za alkalizaciju urina: kalcijum karbonat<\/p>\n<p><b>Aditivi:<br \/>\n<\/b>Vitamin A (3a672a) 12000 IE, vitamin D3 (3a671) 950 IE, vitamin E (svi rac-alfa-tokoferil acetat 3a700) 75 mg, vitamin B1 (tiamin mononitrat 3a821) 4 mg, vitamin B2 6 mg, vitamin B6 (piridoksin hidrohlorid 3a831) 4 mg, biotin (3a880) 500 mcg, pantotenska kiselina (kalcijum D pantotenat 3a841) 10 mg, niacin (3a314) 40 mg, vitamin B12, vitamin Cmphod, 70 3a312) 200 mg, L-karnitin (3a910) 900 mg, taurin (3a370) 2000 mg antioksidans, ekstrakti tokoferola iz biljnih ulja 1b306(i). Elementi u tragovima\/kg: gvo\u017e\u0111e (gvo\u017e\u0111e(II)sulfat; monohidrat 3b103) 115 mg, bakar (bakar(II) sulfat; pentahidrat 3b405) 10 mg, cink (cink oksid 3b603) 90 mg, mangan (mangan(II) oksid 2 ) 14 mg, jod (kalcijum jodat, anhidrovani 3b202) 1,5 mg, selen (E8; natrijum selenit) 0,15 mg, aminokiseline\/kg: L-triptofan (3c440) 1800 mg; Regulator kiselosti\/kg: kalijum bikarbonat E501(ii) 7500 mg<\/p>\n<p>Serve food in dry form with available fresh water.<br \/>\nFor your pet&#039;s health, consult a veterinarian regularly.<\/p>\n<p>Store the product in a dry, dark and cool place.<\/p>\n<p>Proizvo\u0111a\u010d: Interquell GmbH<br \/>\nCountry of origin: Germany<\/p>\n\n    <div class=\"xs_social_share_widget xs_share_url after_content \t\tmain_content  wslu-style-1 wslu-share-box-shaped wslu-fill-colored wslu-none wslu-share-horizontal wslu-theme-font-no wslu-main_content\">\n\n\t\t\n        <ul>\n\t\t\t        <\/ul>\n    <\/div>","protected":false},"excerpt":{"rendered":"<p>Happy Dog Vet Urinary je veterinarska dijeta namenjena psima koji imaju problem sa mokra\u0107nim kanalima<\/p>","protected":false},"featured_media":33269,"comment_status":"closed","ping_status":"closed","template":"","meta":{"_acf_changed":false},"pwb-brand":[1170],"product_cat":[47,49,48,705],"product_tag":[1544,1251],"class_list":{"0":"post-30181","1":"product","2":"type-product","3":"status-publish","4":"has-post-thumbnail","6":"pwb-brand-happy-dog","7":"product_cat-psi","8":"product_cat-granule-za-pse","9":"product_cat-hrana-za-pse","10":"product_cat-veterinarske-dijete-za-pse","11":"product_tag-hdvet","12":"product_tag-veterinarske-dijete","14":"first","15":"instock","16":"taxable","17":"shipping-taxable","18":"purchasable","19":"product-type-variable","20":"has-default-attributes"},"acf":[],"brands":[{"id":1170,"name":"Happy Dog","slug":"happy-dog"}],"_links":{"self":[{"href":"https:\/\/pawz.rs\/en\/wp-json\/wp\/v2\/product\/30181","targetHints":{"allow":["GET"]}}],"collection":[{"href":"https:\/\/pawz.rs\/en\/wp-json\/wp\/v2\/product"}],"about":[{"href":"https:\/\/pawz.rs\/en\/wp-json\/wp\/v2\/types\/product"}],"replies":[{"embeddable":true,"href":"https:\/\/pawz.rs\/en\/wp-json\/wp\/v2\/comments?post=30181"}],"wp:featuredmedia":[{"embeddable":true,"href":"https:\/\/pawz.rs\/en\/wp-json\/wp\/v2\/media\/33269"}],"wp:attachment":[{"href":"https:\/\/pawz.rs\/en\/wp-json\/wp\/v2\/media?parent=30181"}],"wp:term":[{"taxonomy":"pwb-brand","embeddable":true,"href":"https:\/\/pawz.rs\/en\/wp-json\/wp\/v2\/pwb-brand?post=30181"},{"taxonomy":"product_cat","embeddable":true,"href":"https:\/\/pawz.rs\/en\/wp-json\/wp\/v2\/product_cat?post=30181"},{"taxonomy":"product_tag","embeddable":true,"href":"https:\/\/pawz.rs\/en\/wp-json\/wp\/v2\/product_tag?post=30181"}],"curies":[{"name":"wp","href":"https:\/\/api.w.org\/{rel}","templated":true}]}}