{"id":30183,"date":"2024-09-10T15:32:03","date_gmt":"2024-09-10T13:32:03","guid":{"rendered":"https:\/\/pawz.rs\/?post_type=product&#038;p=30183"},"modified":"2026-02-17T07:57:38","modified_gmt":"2026-02-17T06:57:38","slug":"happy-dog-vet-intestinal-low-fat","status":"publish","type":"product","link":"https:\/\/pawz.rs\/en\/happy-dog-vet-intestinal-low-fat\/","title":{"rendered":"Happy Dog Vet Intestinal Low Fat"},"content":{"rendered":"<p><strong>Happy Dog Vet Intestinal Low Fat<\/strong><\/p>\n<p>Happy Dog Intestinal Low Fat Veterinarska dijeta je hrana sa smanjenjim procentom masti namenjena pre svega psima sa oboljenjima pankreasa.<\/p>\n<p>Zbog svojih osobina ova hrana se mo\u017ee koristiti kod pasa koji imaju problema sa lipidozom, hiperlipidemijom i enteropatijama sa gubitkom proteina.<\/p>\n<p><b>Sastav:<br \/>\n<\/b><b><\/b>Proteini peradi**, pirin\u010dano bra\u0161no, kukuruzno bra\u0161no, ovsena ka\u0161a, kukuruz, riblje bra\u0161no, mesno bra\u0161no, hidrolizovana d\u017eigerica, pulpa cvekle* (bez \u0161ec\u0301era), \u017eivinska mast, suncokretovo ulje. komina jabuke* (0,5%), celuloza, natrijum hlorid, repi\u010dino ulje; *)<\/p>\n<p><b>Analiza sadr\u017eaja:<br \/>\n<\/b>Sirovi proteini 26,0%, sirove masti 7,0%, sirova vlakna 1,9%, sirovi pepeo 6,5%, kalcijum 1,4%, natrijum 0,4%, kalijum 0,65%, magnezijum 0,1%, fosfor 0,9%, hlorid 0,85%, sumpor Omega-4-5%. 6 masnih kiselina 2,0%, Omega-3 masnih kiselina 0,2%<\/p>\n<p><b>Aditivi:<br \/>\n<\/b>Vitamini\/kg:\u00a0vitamin A (3a672a) 12000 IE, vitamin D3 (3a671) 1000 IE, vitamin E (svi rac-alfa-tokoferilacetat 3a700) 75 mg, vitamin B1 (tiamin mononitrat 3a821) 4 mg, vitamin B2R mg, 6 mg , vitamin B6 (piridoksin hidrohlorid 3a831) 4 mg, biotin (3a880) 575 mcg, kalcijum-D-pantotenat (3a841) 10 mg, niacin (3a314) 40 mg, vitamin B12 70 mcg, ekstrakt biljnog ulja Tocopher360 i). Elementi u tragovima\/kg: gvo\u017e\u0111e (gvo\u017e\u0111e(II)sulfat; monohidrat 3b103) 105 mg, bakar (bakar(II) sulfat pentahidrat 3b405) 10 mg, cink (cink oksid 3b603) 125 mg, mangan (mangan3b502) oksid 25 mg, jod (kalcijum jodat, anhidrovani 3b202) 1,5 mg, selen (E8, natrijum selenit) 0,15 mg<\/p>\n<p><b>Dopunske napomene:<br \/>\n<\/b>Pre po\u010detka hranjenja kao i prekida preporu\u010dujemo da se posavetujete sa veterinarom<br \/>\nPreporu\u010deno trajanja ishrane: 3\u201312 sedmice, u slu\u010daju hroni\u010dne insuficijencije pankreasa do kraja \u017eivota<\/p>\n<p>Serve food in dry form with available fresh water.<br \/>\nFor your pet&#039;s health, consult a veterinarian regularly.<\/p>\n<p>Store the product in a dry, dark and cool place.<\/p>\n<p>Proizvo\u0111a\u010d: Interquell GmbH<br \/>\nCountry of origin: Germany<\/p>\n\n    <div class=\"xs_social_share_widget xs_share_url after_content \t\tmain_content  wslu-style-1 wslu-share-box-shaped wslu-fill-colored wslu-none wslu-share-horizontal wslu-theme-font-no wslu-main_content\">\n\n\t\t\n        <ul>\n\t\t\t        <\/ul>\n    <\/div>","protected":false},"excerpt":{"rendered":"<p>Happy Dog Vet Intestinal Low Fat je veterinarska dijeta namenjena psima koji imaju oboljenje pankreasa<\/p>","protected":false},"featured_media":33270,"comment_status":"closed","ping_status":"closed","template":"","meta":{"_acf_changed":false},"pwb-brand":[1170],"product_cat":[47,49,48,705],"product_tag":[1544,1251],"class_list":{"0":"post-30183","1":"product","2":"type-product","3":"status-publish","4":"has-post-thumbnail","6":"pwb-brand-happy-dog","7":"product_cat-psi","8":"product_cat-granule-za-pse","9":"product_cat-hrana-za-pse","10":"product_cat-veterinarske-dijete-za-pse","11":"product_tag-hdvet","12":"product_tag-veterinarske-dijete","14":"first","15":"instock","16":"taxable","17":"shipping-taxable","18":"purchasable","19":"product-type-variable","20":"has-default-attributes"},"acf":[],"brands":[{"id":1170,"name":"Happy Dog","slug":"happy-dog"}],"_links":{"self":[{"href":"https:\/\/pawz.rs\/en\/wp-json\/wp\/v2\/product\/30183","targetHints":{"allow":["GET"]}}],"collection":[{"href":"https:\/\/pawz.rs\/en\/wp-json\/wp\/v2\/product"}],"about":[{"href":"https:\/\/pawz.rs\/en\/wp-json\/wp\/v2\/types\/product"}],"replies":[{"embeddable":true,"href":"https:\/\/pawz.rs\/en\/wp-json\/wp\/v2\/comments?post=30183"}],"wp:featuredmedia":[{"embeddable":true,"href":"https:\/\/pawz.rs\/en\/wp-json\/wp\/v2\/media\/33270"}],"wp:attachment":[{"href":"https:\/\/pawz.rs\/en\/wp-json\/wp\/v2\/media?parent=30183"}],"wp:term":[{"taxonomy":"pwb-brand","embeddable":true,"href":"https:\/\/pawz.rs\/en\/wp-json\/wp\/v2\/pwb-brand?post=30183"},{"taxonomy":"product_cat","embeddable":true,"href":"https:\/\/pawz.rs\/en\/wp-json\/wp\/v2\/product_cat?post=30183"},{"taxonomy":"product_tag","embeddable":true,"href":"https:\/\/pawz.rs\/en\/wp-json\/wp\/v2\/product_tag?post=30183"}],"curies":[{"name":"wp","href":"https:\/\/api.w.org\/{rel}","templated":true}]}}