{"id":30195,"date":"2024-09-10T18:50:17","date_gmt":"2024-09-10T16:50:17","guid":{"rendered":"https:\/\/pawz.rs\/?post_type=product&#038;p=30195"},"modified":"2025-06-29T19:55:43","modified_gmt":"2025-06-29T17:55:43","slug":"happy-dog-puppy-fitvital","status":"publish","type":"product","link":"https:\/\/pawz.rs\/en\/happy-dog-puppy-fitvital\/","title":{"rendered":"Happy Dog Puppy Fit&#038;Vital"},"content":{"rendered":"<p><strong>Happy Dog Puppy Fit&amp;Vital<\/strong><\/p>\n<p>ODNOS \/ PROTEINI MASTI: 30% \/ 16%<\/p>\n<p>Happy Dog Puppy Fit and Vital je kompletna suva hrana za \u0161tence svih rasa namenjena ishrani od prvog do \u0161estog meseca starosti.<br \/>\nKompletna hrana sadr\u017ei izvore proteina iz \u017eivina, ribe, jaja i drugih izvora. Tako\u0111e obezbe\u0111uje puno prirodnih hranjivih materija: laneno seme sadr\u017ei omega 3 i omega 6 masne kiseline koje obezbe\u0111uju sjajnu dlaku i zdravu ko\u017eu. \u0110umbir sadr\u017ean u hrani ja\u010da imuni sistem dok meso novozelandske dagnje obezbe\u0111uje zdrave zglobove. Ne sadr\u017ei p\u0161enicu, ja\u010da imuni sitem.<\/p>\n<p>\u0110umbir i novozelandske dagnje pru\u017eaju podr\u0161ku mi\u0161i\u0107no-ko\u0161tanom sistemu. Jedinstveni oblik srca granule olak\u0161ava \u017evakanje. Kroketi se br\u017ee lome kroz rupu u sredini. Vec\u0301a povr\u0161ina ih \u010dini posebno lakim za varenje u gastrointestinalnom traktu.<\/p>\n<p><strong>Sastav:<\/strong><br \/>\nBelan\u010devine \u017eivine* (18%), kukuruzno bra\u0161no, pirin\u010dano bra\u0161no, mesno bra\u0161no, mast \u017eivine, riblje bra\u0161no (5%, od \u010dega 50% lososa), jagnje\u0107e belan\u010devine* (4%), suncokretovo ulje, repina pulpa* (bez \u0161e\u0107era ), hidrolizovana jetra, komina jabuke*, celuloza, ulje repice, kalijum hlorid, kvasci*, natrijum hlorid, su\u0161eno cielo jaje (0,2%), morske alge*, laneno seme (0,16%), ljuske psyllium, meso dagnji* (0,05%) , yucca schidigera*, kvasci* (ekstrakt), \u010di\u010dak, arti\u010doka, masla\u010dak, \u0111umbir (0,013%), listovi breze, kopriva, kamilica, korijander, ruzmarin, kadulja, korien sladi\u0107a, maj\u010dina du\u0161ica (ukupni su\u0161eni proizvodi prerade bilje 0,16%).<\/p>\n<p><strong>Analiti\u010dki sastav<\/strong>:<br \/>\nSirove belan\u010devine 30%, sirove masti 16%, sirova vlakna 3%, sirovi pepeo 7,5%, kalcijum 1,6%, fosfor 1%, natrijum 0,4%, kalijum 0,6%, magnezijum 0,08%, omega 6 masne kiseline 4,0%, kiseline 0,4%.<\/p>\n<p><strong>Nutritivni dodaci po kg<\/strong>:<br \/>\nVitamin A 17000 IU, vitamin D3 1000 IU, vitamin E 125 mg, vitamin B1 4 mg, vitamin B2, vitamin B6 4 mg, biotin 495 mcg, kalcij-d-pantotenat 10 mg, niacin 50 mg, vitamin B12 70 mcg, vitamin C 30 mg, kolin klorid 55 mg.<\/p>\n<p>Proizvod je dostupan u pakovanju od 1, 4 i 10kg<\/p>\n<p>Serve food in dry form with available fresh water.<br \/>\nFor your pet&#039;s health, consult a veterinarian regularly.<\/p>\n<p>Store the product in a dry, dark and cool place.<\/p>\n<p>Proizvo\u0111a\u010d: Interquell GmbH<br \/>\nCountry of origin: Germany<\/p>\n\n    <div class=\"xs_social_share_widget xs_share_url after_content \t\tmain_content  wslu-style-1 wslu-share-box-shaped wslu-fill-colored wslu-none wslu-share-horizontal wslu-theme-font-no wslu-main_content\">\n\n\t\t\n        <ul>\n\t\t\t        <\/ul>\n    <\/div>","protected":false},"excerpt":{"rendered":"<p>Happy Dog Puppy Fit&amp;Vital je hrana namenjena \u0161tencima svih rasa od 1 do 6 meseci starosti<\/p>","protected":false},"featured_media":33239,"comment_status":"closed","ping_status":"closed","template":"","meta":{"_acf_changed":false},"pwb-brand":[1170],"product_cat":[47,48,49],"product_tag":[],"class_list":{"0":"post-30195","1":"product","2":"type-product","3":"status-publish","4":"has-post-thumbnail","6":"pwb-brand-happy-dog","7":"product_cat-psi","8":"product_cat-hrana-za-pse","9":"product_cat-granule-za-pse","11":"first","12":"instock","13":"taxable","14":"shipping-taxable","15":"purchasable","16":"product-type-variable","17":"has-default-attributes"},"acf":[],"brands":[{"id":1170,"name":"Happy Dog","slug":"happy-dog"}],"_links":{"self":[{"href":"https:\/\/pawz.rs\/en\/wp-json\/wp\/v2\/product\/30195","targetHints":{"allow":["GET"]}}],"collection":[{"href":"https:\/\/pawz.rs\/en\/wp-json\/wp\/v2\/product"}],"about":[{"href":"https:\/\/pawz.rs\/en\/wp-json\/wp\/v2\/types\/product"}],"replies":[{"embeddable":true,"href":"https:\/\/pawz.rs\/en\/wp-json\/wp\/v2\/comments?post=30195"}],"wp:featuredmedia":[{"embeddable":true,"href":"https:\/\/pawz.rs\/en\/wp-json\/wp\/v2\/media\/33239"}],"wp:attachment":[{"href":"https:\/\/pawz.rs\/en\/wp-json\/wp\/v2\/media?parent=30195"}],"wp:term":[{"taxonomy":"pwb-brand","embeddable":true,"href":"https:\/\/pawz.rs\/en\/wp-json\/wp\/v2\/pwb-brand?post=30195"},{"taxonomy":"product_cat","embeddable":true,"href":"https:\/\/pawz.rs\/en\/wp-json\/wp\/v2\/product_cat?post=30195"},{"taxonomy":"product_tag","embeddable":true,"href":"https:\/\/pawz.rs\/en\/wp-json\/wp\/v2\/product_tag?post=30195"}],"curies":[{"name":"wp","href":"https:\/\/api.w.org\/{rel}","templated":true}]}}