{"id":30196,"date":"2024-09-10T18:50:18","date_gmt":"2024-09-10T16:50:18","guid":{"rendered":"https:\/\/pawz.rs\/?post_type=product&#038;p=30196"},"modified":"2025-06-29T19:55:43","modified_gmt":"2025-06-29T17:55:43","slug":"happy-dog-junior-fitvital","status":"publish","type":"product","link":"https:\/\/pawz.rs\/en\/happy-dog-junior-fitvital\/","title":{"rendered":"Happy Dog Junior Fit&#038;Vital"},"content":{"rendered":"<p><strong>Happy Dog Junior Fit&amp;Vital<\/strong><\/p>\n<p>ODNOS \/ PROTEINI MASTI: 26% \/ 13%<\/p>\n<p>Kompletna hrana za \u0161tence od 7. meseca \u017eivota. Od ovog perioda \u017eivota hrana treba da ima umereni sadr\u017eaj energije i proteina, da bi se spre\u010dio brzi rast. Happy Dog Junior Fit &amp; Vital ima savr\u0161eno prilagodeni sadr\u017eaj energije i proteina za mlade pse.<\/p>\n<p><strong>Sastav:<\/strong><br \/>\nProteini \u017eivinskog mesa** (19%), bra\u0161no od ri\u017ee, kukuruzno bra\u0161no, kukuruz, proteini jagnjetine* (7%), \u017eivinska mast, gove\u0111a mast, \u010dvarci (3%), odresci od repne melase* (oslobo\u0111eni od \u0161e\u0107era), riblje bra\u0161no, dro\u017edine jabuke*, suncokretovo ulje, kalijumhlorid, natrijumhlorid, ulje od uljane repice, kvasac*, morske alge*, seme lana (0,16%), su\u0161eno celo jaje, meso \u0161koljke* (0,05%), Yucca shidigera*, kvasac (ekstrakt), gujina trava, arti\u010doka, masla\u010dak, \u0111umruk, listovi breze, kopriva, kamilica, korijander, ruzmarin, \u017ealfija, slatki koren, maj\u010dina du\u0161ica, (lekovito bilje* ukupno 0,15%); **) su\u0161eno, delimi\u010dno hidrolizirano, *) su\u0161eno.<\/p>\n<p><strong>Analiti\u010dki sastavni delovi:<\/strong><br \/>\nSirovi protein 26,0%, sirova mast 13,0%, sirova vlakna 2,5%, sirov pepeo 7,5%, kalcijum 1,45% fosfor 1,10%, natrijum 0,35%, kalijum 0,50% magnezijum 0,08%, omega-6 masne kiseline 2,8%, omega-3 masne kiseline 0,3%.<\/p>\n<p><strong>Aditivi:<\/strong><br \/>\nVitamini \/ kg: Vitamin A (3a672a) 12000 I.E., Vitamin D3 (E671) 1200 I.E..<\/p>\n<p>Antioksidaciono sredstvo, akstrakti tocoferola iz biljnih ulja 1b306(i).<\/p>\n<p><strong>Mikroelementi \/ kg:<\/strong><br \/>\nGvo\u017e\u0111e (E1, gvo\u017e\u0111e(II)sulfat monohidrat) 105 mg, bakar (E4, bakar(II)sulfat pentahidrat) 10 mg, cink (cinkoksid 3b603 100 mg, aminokiseline-cink helat, hidrat 3b606 25mg) 125 mg, mangan (E5 mangan(II)oksid) 25 mg, jod (kalcijum-jodat bez vode 3b202) 2 mg, selen (E8, natrijum selenit) 0,15 mg.<\/p>\n<p>Serve food in dry form with available fresh water.<br \/>\nFor your pet&#039;s health, consult a veterinarian regularly.<\/p>\n<p>Store the product in a dry, dark and cool place.<\/p>\n<p>Proizvo\u0111a\u010d: Interquell GmbH<br \/>\nCountry of origin: Germany<\/p>\n\n    <div class=\"xs_social_share_widget xs_share_url after_content \t\tmain_content  wslu-style-1 wslu-share-box-shaped wslu-fill-colored wslu-none wslu-share-horizontal wslu-theme-font-no wslu-main_content\">\n\n\t\t\n        <ul>\n\t\t\t        <\/ul>\n    <\/div>","protected":false},"excerpt":{"rendered":"<p>Happy Dog Junior Fit&amp;Vital predstavlja kompletnu hranu za \u0161tence od 7 meseci starosti<\/p>","protected":false},"featured_media":33238,"comment_status":"closed","ping_status":"closed","template":"","meta":{"_acf_changed":false},"pwb-brand":[1170],"product_cat":[47,48,49],"product_tag":[],"class_list":{"0":"post-30196","1":"product","2":"type-product","3":"status-publish","4":"has-post-thumbnail","6":"pwb-brand-happy-dog","7":"product_cat-psi","8":"product_cat-hrana-za-pse","9":"product_cat-granule-za-pse","11":"first","12":"instock","13":"taxable","14":"shipping-taxable","15":"purchasable","16":"product-type-variable","17":"has-default-attributes"},"acf":[],"brands":[{"id":1170,"name":"Happy Dog","slug":"happy-dog"}],"_links":{"self":[{"href":"https:\/\/pawz.rs\/en\/wp-json\/wp\/v2\/product\/30196","targetHints":{"allow":["GET"]}}],"collection":[{"href":"https:\/\/pawz.rs\/en\/wp-json\/wp\/v2\/product"}],"about":[{"href":"https:\/\/pawz.rs\/en\/wp-json\/wp\/v2\/types\/product"}],"replies":[{"embeddable":true,"href":"https:\/\/pawz.rs\/en\/wp-json\/wp\/v2\/comments?post=30196"}],"wp:featuredmedia":[{"embeddable":true,"href":"https:\/\/pawz.rs\/en\/wp-json\/wp\/v2\/media\/33238"}],"wp:attachment":[{"href":"https:\/\/pawz.rs\/en\/wp-json\/wp\/v2\/media?parent=30196"}],"wp:term":[{"taxonomy":"pwb-brand","embeddable":true,"href":"https:\/\/pawz.rs\/en\/wp-json\/wp\/v2\/pwb-brand?post=30196"},{"taxonomy":"product_cat","embeddable":true,"href":"https:\/\/pawz.rs\/en\/wp-json\/wp\/v2\/product_cat?post=30196"},{"taxonomy":"product_tag","embeddable":true,"href":"https:\/\/pawz.rs\/en\/wp-json\/wp\/v2\/product_tag?post=30196"}],"curies":[{"name":"wp","href":"https:\/\/api.w.org\/{rel}","templated":true}]}}