{"id":30207,"date":"2024-09-13T19:07:37","date_gmt":"2024-09-13T17:07:37","guid":{"rendered":"https:\/\/pawz.rs\/?post_type=product&#038;p=30207"},"modified":"2025-06-29T19:54:51","modified_gmt":"2025-06-29T17:54:51","slug":"happy-cat-vet-hepatic","status":"publish","type":"product","link":"https:\/\/pawz.rs\/en\/happy-cat-vet-hepatic\/","title":{"rendered":"Happy Cat Vet Hepatic"},"content":{"rendered":"<p><strong>Happy Cat Vet Hepatic<\/strong><\/p>\n<p>Veterinarska posebna dijeta za insuficijenciju jetre.<\/p>\n<div><strong>Sastav:<\/strong><\/div>\n<div>Pirin\u010dano bra\u0161no, krompir pahuljice, \u010dvarci, je\u010dam, krompir protein *, kukuruzno bra\u0161no, \u017eivinski protein **, \u017eivinska mast, gove\u0111a mast, mesno bra\u0161no, melasa od cvekle * (bez \u0161ec\u0301era), bra\u0161no od morske ribe, suncokretovo ulje, laneno seme, celuloza, su\u0161eno celo jaje, seme \u010di\u010dka (0,25%), koren cikorije * 0,2%; *) osu\u0161en, **) osu\u0161en, delimi\u010dno hidrolizovan<\/div>\n<div><\/div>\n<div><strong>Analiza sadr\u017eaja:<\/strong><\/div>\n<div>Sirovi proteini 28,5%, sirove masti 18,0%, sirova vlakna 3,0%, sirovi pepeo 5,5%, kalcijum 1,0%, natrijum 0,2%, kalijum 0,6%, magnezijum 0,08%, fosfor 0, 75%, hloridi 0,0,5%, sumpor omega-6 masne kiseline 7,5%, omega-3 masne kiseline 0,8%, bakar (ukupno) 3,5<\/div>\n<div><\/div>\n<div><strong>Aditivi:<\/strong><\/div>\n<div>Vitamini\/kg: vitamin A (3a672a) 20 000 IU, vitamin D3 (3a671) 1200 IU, vitamin E (svi rac-alfa-tokoferil acetat 3a700) 120 mg, vitamin B1 (tiamin mononitrat 3a821) 15 mg, vitamin B2 (riboflavin) 20 mg, vitamin B6 (pirido-ksin hidrohlorid 3a831) 5 mg, biotin (3a880) 1250 mcg, kalcijum D-pantotenat (3a841) 50 mg, niacin (3a314) 125 mg, vitamin B12 100 mg, vitamin C i 100 fosfat 3a312) 50 mg, L-karnitin (3a910) 1000 mg, taurin (3a370) 4300 mg, antioksidansi, ekstrakti tokoferola iz biljnih ulja 1b306 (i). Elementi u tragovima \/ kg: cink (amino kiselina cink helat, hidrat 3b606) 130 mg, mangan (mangan (II) oksid 3b502) 10 mg, selen (E8, natrijum selenit) 0,1 mg. Aminokiseline \/ kg: DL-metionin (3c301) 4300 mg<\/div>\n<p>Serve food in dry form with available fresh water.<br \/>\nFor your pet&#039;s health, consult a veterinarian regularly.<\/p>\n<p>Store the product in a dry, dark and cool place.<\/p>\n<p>Proizvo\u0111a\u010d: Interquell GmbH<br \/>\nCountry of origin: Germany<\/p>\n\n    <div class=\"xs_social_share_widget xs_share_url after_content \t\tmain_content  wslu-style-1 wslu-share-box-shaped wslu-fill-colored wslu-none wslu-share-horizontal wslu-theme-font-no wslu-main_content\">\n\n\t\t\n        <ul>\n\t\t\t        <\/ul>\n    <\/div>","protected":false},"excerpt":{"rendered":"<p>Happy Cat Vet Hepatic je hrana za odrasle ma\u010dke koje imaju problema sa jetrom<\/p>","protected":false},"featured_media":33276,"comment_status":"closed","ping_status":"closed","template":"","meta":{"_acf_changed":false},"pwb-brand":[1236,1170],"product_cat":[23,21,711],"product_tag":[1251],"class_list":{"0":"post-30207","1":"product","2":"type-product","3":"status-publish","4":"has-post-thumbnail","6":"pwb-brand-happy-cat","7":"pwb-brand-happy-dog","8":"product_cat-macke","9":"product_cat-hrana-za-macke","10":"product_cat-veterinarske-dijete-za-macke","11":"product_tag-veterinarske-dijete","13":"first","14":"instock","15":"taxable","16":"shipping-taxable","17":"purchasable","18":"product-type-variable","19":"has-default-attributes"},"acf":[],"brands":[{"id":1236,"name":"Happy Cat","slug":"happy-cat"},{"id":1170,"name":"Happy Dog","slug":"happy-dog"}],"_links":{"self":[{"href":"https:\/\/pawz.rs\/en\/wp-json\/wp\/v2\/product\/30207","targetHints":{"allow":["GET"]}}],"collection":[{"href":"https:\/\/pawz.rs\/en\/wp-json\/wp\/v2\/product"}],"about":[{"href":"https:\/\/pawz.rs\/en\/wp-json\/wp\/v2\/types\/product"}],"replies":[{"embeddable":true,"href":"https:\/\/pawz.rs\/en\/wp-json\/wp\/v2\/comments?post=30207"}],"wp:featuredmedia":[{"embeddable":true,"href":"https:\/\/pawz.rs\/en\/wp-json\/wp\/v2\/media\/33276"}],"wp:attachment":[{"href":"https:\/\/pawz.rs\/en\/wp-json\/wp\/v2\/media?parent=30207"}],"wp:term":[{"taxonomy":"pwb-brand","embeddable":true,"href":"https:\/\/pawz.rs\/en\/wp-json\/wp\/v2\/pwb-brand?post=30207"},{"taxonomy":"product_cat","embeddable":true,"href":"https:\/\/pawz.rs\/en\/wp-json\/wp\/v2\/product_cat?post=30207"},{"taxonomy":"product_tag","embeddable":true,"href":"https:\/\/pawz.rs\/en\/wp-json\/wp\/v2\/product_tag?post=30207"}],"curies":[{"name":"wp","href":"https:\/\/api.w.org\/{rel}","templated":true}]}}