{"id":30221,"date":"2024-09-13T18:06:45","date_gmt":"2024-09-13T16:06:45","guid":{"rendered":"https:\/\/pawz.rs\/?post_type=product&#038;p=30221"},"modified":"2025-06-29T19:54:51","modified_gmt":"2025-06-29T17:54:51","slug":"happy-cat-za-sterilisane-macke-govedina-10kg","status":"publish","type":"product","link":"https:\/\/pawz.rs\/en\/happy-cat-za-sterilisane-macke-govedina-10kg\/","title":{"rendered":"Happy Cat za Sterilisane Ma\u010dke Govedina 10kg"},"content":{"rendered":"<p><strong>Happy Cat za Sterilisane Ma\u010dke Govedina 10kg<\/strong><\/p>\n<p>87% PROTEINA \u017dIVOTINJSKOG POREKLA<\/p>\n<p>Happy Cat Adult Sterilised Beef je kompletna, suva hrana za sve odrasle sterilisane ma\u010dke. Granula sadr\u017ei samo 10,5% masti, a bavarska govedina zajedno sa svarljivim ruzmarinom i mle\u010dnim \u010di\u010dkom pru\u017eaju dodatnu raznolikost u ishrani Va\u0161e ma\u010dke. Struktura velikih granula podr\u017eava negu zuba.<\/p>\n<p><strong>Sastav<\/strong>:<br \/>\nMesno bra\u0161no (ukupno 23%, od \u010dega 75% gove\u0111e meso), proteini \u017eivine**, kukuruz, kukuruzno bra\u0161no, krompir pahuljice, pirin\u010dano bra\u0161no, lignoceluloza, \u017eivotinjski proteini* (uklju\u010dujuc\u0301i gove\u0111e 1,8%), \u017eivotinjska mast (uklj. govedina), pulpa cvekle* (bez \u0161ec\u0301era), suncokretovo ulje (1,6%), hemoglobin*, hidrolizovana riba*, komina jabuke* (0,8%), kalijum hlorid, repi\u010dno ulje (0,4%), kvasac*, natrijum hlorid, suvo jaje , morske alge* laneno seme (0,16%), cikorija u prahu (0,15% = 0,1% inulina), Iucca schidigera* (0,1%), meso dagnji* (0,05%), kvasac* (ekstrakt, 0,02% = 0,0032% MOS), mleko \u010di\u010dak (0,013%), arti\u010doka, masla\u010dak, \u0111umbir, list breze, kopriva, kamilica, korijander, ruzmarin (0,013%), \u017ealfija, sladic\u0301, maj\u010dina du\u0161ica (suvo bilje, ukupno: 0,16%).<\/p>\n<p><strong>Analiti\u010dki sastav<\/strong>:<br \/>\nSirovi proteini 37,0%, sirove masti 10,5%, sirova vlakna 5,5%, sirovi pepeo 7,0%, kalcijum 1,05%, fosfor 0,85%, natrijum 0,6%, kalijum 0,65%, magnezijum 0,08%, Omega-6 masne kiseline omega-2. 3 masne kiseline 0,3%.<\/p>\n<p><strong>Nutritivni dodaci po kg<\/strong>:<br \/>\nVitamin A (3a672a) 17000 I.E., Vitamin D3 (3a671) 1000 I.E., Vitamin E (sve-rac-alfa-tokoferil acetat 3a700) 100 mg, Vitamin B1 (tiamin mononitrat 3a821) 4 mg, Riibo vitamin B25. , vitamin B6 (piridoksin hidrohlorid 3a831) 4 mg, biotin (3a880) 500 mcg, kalcijum D pantotenat (3a841) 10 mg, niacin (3a314) 55 mg, vitamin B12 75 mcg, calcium 3 phodium 1 mg 3 , holin hlorid (3a890) 60 mg, taurin (3a370) 1000 mg, Gvo\u017e\u0111e (gvo\u017e\u0111e(II)sulfat monohidrat 3b103) 105 mg, bakar (bakar(II) sulfat pentahidrat 3b405) 10 mg, cink (cinkov oksid 3b603 80 mg, cink helat aminokiselina, hidrat 3b606 mg, manga 10 mg) mangan(II)oksid 3b502) 25 mg, jod (kalcijum jodat, anhidrovani 3b202) 2 mg, selen (natrijum selenit 3b801) 0,15 mg, antioksidans, ekstrakti tokoferola iz biljnih ulja 1b306(i).<\/p>\n<p>Proizvod je dostupan u pakovanju od 10kg.<\/p>\n<p>Serve food in dry form with available fresh water.<br \/>\nFor your pet&#039;s health, consult a veterinarian regularly.<\/p>\n<p>Store the product in a dry, dark and cool place.<\/p>\n<p>Proizvo\u0111a\u010d: Interquell GmbH<br \/>\nCountry of origin: Germany<\/p>\n\n    <div class=\"xs_social_share_widget xs_share_url after_content \t\tmain_content  wslu-style-1 wslu-share-box-shaped wslu-fill-colored wslu-none wslu-share-horizontal wslu-theme-font-no wslu-main_content\">\n\n\t\t\n        <ul>\n\t\t\t        <\/ul>\n    <\/div>","protected":false},"excerpt":{"rendered":"<p>Happy Cat Govedina je kompletna suva hrana namenjena odraslim sterilisanim ma\u010dkama<\/p>","protected":false},"featured_media":33297,"comment_status":"closed","ping_status":"closed","template":"","meta":{"_acf_changed":false},"pwb-brand":[1236,1170],"product_cat":[23,21,149],"product_tag":[],"class_list":{"0":"post-30221","1":"product","2":"type-product","3":"status-publish","4":"has-post-thumbnail","6":"pwb-brand-happy-cat","7":"pwb-brand-happy-dog","8":"product_cat-macke","9":"product_cat-hrana-za-macke","10":"product_cat-granule-za-macke","12":"first","13":"instock","14":"taxable","15":"shipping-taxable","16":"purchasable","17":"product-type-simple"},"acf":[],"brands":[{"id":1236,"name":"Happy Cat","slug":"happy-cat"},{"id":1170,"name":"Happy Dog","slug":"happy-dog"}],"_links":{"self":[{"href":"https:\/\/pawz.rs\/en\/wp-json\/wp\/v2\/product\/30221","targetHints":{"allow":["GET"]}}],"collection":[{"href":"https:\/\/pawz.rs\/en\/wp-json\/wp\/v2\/product"}],"about":[{"href":"https:\/\/pawz.rs\/en\/wp-json\/wp\/v2\/types\/product"}],"replies":[{"embeddable":true,"href":"https:\/\/pawz.rs\/en\/wp-json\/wp\/v2\/comments?post=30221"}],"wp:featuredmedia":[{"embeddable":true,"href":"https:\/\/pawz.rs\/en\/wp-json\/wp\/v2\/media\/33297"}],"wp:attachment":[{"href":"https:\/\/pawz.rs\/en\/wp-json\/wp\/v2\/media?parent=30221"}],"wp:term":[{"taxonomy":"pwb-brand","embeddable":true,"href":"https:\/\/pawz.rs\/en\/wp-json\/wp\/v2\/pwb-brand?post=30221"},{"taxonomy":"product_cat","embeddable":true,"href":"https:\/\/pawz.rs\/en\/wp-json\/wp\/v2\/product_cat?post=30221"},{"taxonomy":"product_tag","embeddable":true,"href":"https:\/\/pawz.rs\/en\/wp-json\/wp\/v2\/product_tag?post=30221"}],"curies":[{"name":"wp","href":"https:\/\/api.w.org\/{rel}","templated":true}]}}