{"id":30232,"date":"2024-09-11T17:48:34","date_gmt":"2024-09-11T15:48:34","guid":{"rendered":"https:\/\/pawz.rs\/?post_type=product&#038;p=30232"},"modified":"2025-06-29T19:54:51","modified_gmt":"2025-06-29T17:54:51","slug":"happy-dog-mini-puppy-jagnjetina-4kg","status":"publish","type":"product","link":"https:\/\/pawz.rs\/en\/happy-dog-mini-puppy-jagnjetina-4kg\/","title":{"rendered":"Happy Dog Mini Puppy Jagnjetina 4kg"},"content":{"rendered":"<p><strong>Happy Dog Mini Puppy Jagnjetina 4kg<\/strong><\/p>\n<p>ODNOS \/ PROTEINI MASTI: 30% \/ 10%<\/p>\n<p>Lako svarljiva hrana sa jagnjetinom i pirin\u010dom namenjena \u0161tencima i mladim psima od 4-12 meseca starosti.<\/p>\n<p>Namenjena psima koji \u0107e u zavr\u0161noj fazi rasta imati ne vi\u0161e od 10 kg te\u017eine. Osigurava zdravu i uravnote\u017eenu prehranu koja savr\u0161eno odgovara potrebama \u0161teneta. Recept bez peradi posebno je prilago\u0111en za pse sa osjetljivim \u017eelucem. Dodatak vrednih novozelandskih dagnji pru\u017ea podr\u0161ku stabilanom rastu i zdravom razvoju kostiju, tetiva, ligamenata i zglobova.<br \/>\nSavr\u0161en odnos masti i belan\u010devina daje psu idealnu koli\u010dinu va\u017enih sastojaka. Snabdeva organizam sa svime \u0161to je psu potrebno. Ja\u010da imuni sistem. Ne sadr\u017ei p\u0161enicu.<\/p>\n<p><strong>Sastav: <\/strong><br \/>\nJagnje\u0107i protein dehidrirani (19,5%), pirina\u010d (19%), kukuruzno bra\u0161no, mesno bra\u0161no, ulja i masti, kukuruz, pirin\u010dani protein dehidrirani (5%), hidrolizovani protein, repina pulpa dehidrirana (bez \u0161e\u0107era), celuloza, komina jabuke dehidrirana, kalijum hlorid, kvasci dehidrirani, natrijum hlorid, morske alge dehidrirane, semenke lana, ljuske trsca, yucca schidigera dehidrirana, meso dagnji dehidrirano (0,04%), mlije\u010dni \u010di\u010dak, kvasci dehidrirani (ekstrakt), arti\u010doka, masla\u010dak, \u0111umbir, li\u0161\u0107e breze, kopriva, kamilica, korijander, ruzmarin, kadulja, koren sladi\u0107a, maj\u010dina du\u0161ica (ukupno su\u0161eno bilje 0,15%)<\/p>\n<p><strong>Analytical composition: <\/strong><br \/>\nSirovi proteini 30,0 %, sirove masti 16,0 %, sirova vlakna 2,5 %, sirovi pepeo 8,5 %, kalcijum 1,45 %, fosfor 1,05 %, natrijum 0,5 %, omega 6 masne kiseline 2,0 %, omega 3 masne kiseline 0,2 %<\/p>\n<p><strong>Vitamini\/kg:<\/strong><br \/>\nVitamin A (3a672a) 17000 IU, vitamin D3 (3a671) 900 IU, vitamin E (kao 3a700) 120 mg, vitamin C (kao 3a312) 30 mg<\/p>\n<p><strong>Elementi u tragovima\/kg:<\/strong><br \/>\nGvo\u017e\u0111e (kao 3b103) 65 mg, bakar (kao 3b405) 14 mg, cink (kao 3b603, 3b606) 125 mg, mangan (kao 3b502) 30 mg, jod (kalcijev jodat, bezvodni 3b202) 2,5 mg, selen (natrijev selenit 3b801) ) 0,2 mg<\/p>\n<p><strong>Aminokiseline\/kg: <\/strong><br \/>\nL-triptofan (3c440) 1000 mg. Antioksidansi, tokoferolom bogati ekstrakti iz biljnih ulja 1b306(i)<\/p>\n<p>Serve food in dry form with available fresh water.<br \/>\nFor your pet&#039;s health, consult a veterinarian regularly.<\/p>\n<p>Store the product in a dry, dark and cool place.<\/p>\n<p>Proizvo\u0111a\u010d: Interquell GmbH<br \/>\nCountry of origin: Germany<\/p>\n\n    <div class=\"xs_social_share_widget xs_share_url after_content \t\tmain_content  wslu-style-1 wslu-share-box-shaped wslu-fill-colored wslu-none wslu-share-horizontal wslu-theme-font-no wslu-main_content\">\n\n\t\t\n        <ul>\n\t\t\t        <\/ul>\n    <\/div>","protected":false},"excerpt":{"rendered":"<p>Happy Dog Mini Puppy Jagnjetina je hrana namenjena \u0161tencima od 4 do 12 meseci, sa jagnjetinom<\/p>","protected":false},"featured_media":33220,"comment_status":"closed","ping_status":"closed","template":"","meta":{"_acf_changed":false},"pwb-brand":[1170],"product_cat":[47,48,49],"product_tag":[],"class_list":{"0":"post-30232","1":"product","2":"type-product","3":"status-publish","4":"has-post-thumbnail","6":"pwb-brand-happy-dog","7":"product_cat-psi","8":"product_cat-hrana-za-pse","9":"product_cat-granule-za-pse","11":"first","12":"instock","13":"taxable","14":"shipping-taxable","15":"purchasable","16":"product-type-simple"},"acf":[],"brands":[{"id":1170,"name":"Happy Dog","slug":"happy-dog"}],"_links":{"self":[{"href":"https:\/\/pawz.rs\/en\/wp-json\/wp\/v2\/product\/30232","targetHints":{"allow":["GET"]}}],"collection":[{"href":"https:\/\/pawz.rs\/en\/wp-json\/wp\/v2\/product"}],"about":[{"href":"https:\/\/pawz.rs\/en\/wp-json\/wp\/v2\/types\/product"}],"replies":[{"embeddable":true,"href":"https:\/\/pawz.rs\/en\/wp-json\/wp\/v2\/comments?post=30232"}],"wp:featuredmedia":[{"embeddable":true,"href":"https:\/\/pawz.rs\/en\/wp-json\/wp\/v2\/media\/33220"}],"wp:attachment":[{"href":"https:\/\/pawz.rs\/en\/wp-json\/wp\/v2\/media?parent=30232"}],"wp:term":[{"taxonomy":"pwb-brand","embeddable":true,"href":"https:\/\/pawz.rs\/en\/wp-json\/wp\/v2\/pwb-brand?post=30232"},{"taxonomy":"product_cat","embeddable":true,"href":"https:\/\/pawz.rs\/en\/wp-json\/wp\/v2\/product_cat?post=30232"},{"taxonomy":"product_tag","embeddable":true,"href":"https:\/\/pawz.rs\/en\/wp-json\/wp\/v2\/product_tag?post=30232"}],"curies":[{"name":"wp","href":"https:\/\/api.w.org\/{rel}","templated":true}]}}