{"id":30235,"date":"2024-09-11T17:48:36","date_gmt":"2024-09-11T15:48:36","guid":{"rendered":"https:\/\/pawz.rs\/?post_type=product&#038;p=30235"},"modified":"2025-06-29T19:54:56","modified_gmt":"2025-06-29T17:54:56","slug":"happy-dog-mini-africa","status":"publish","type":"product","link":"https:\/\/pawz.rs\/en\/happy-dog-mini-africa\/","title":{"rendered":"Happy Dog Mini Africa"},"content":{"rendered":"<p><strong>Happy Dog Mini Africa<\/strong><\/p>\n<p>ODNOS \/ PROTEINI MASTI: 24% \/ 13%<\/p>\n<p>Mala zrnca savr\u0161eno je prilagodena zubima pasa malih rasa do 10 kg.<\/p>\n<p>Kompletno izbalansirana suva hrana bez \u017eitarica, koja je posebno prilago\u0111ena potrebama osetljivih ili izbirljivih pasa malih rasa sa normalnom energetskom potrebom.<br \/>\nNojevo meso, kao jedini izvor proteina \u017eivotinjskog porekla, je posebno redak izvor proteina, pa je pogodan za ishranu pasa sa netolerancijama na hranu. Kvalitetni krompiri slu\u017ee kao dobro svarljivi izvori ugljenih hidrata, koji za razliku od mnogih vrsta \u017eitarica ne sadr\u017ee gluten.<br \/>\nVredne\u00a0 esencijalne omega 3 i omega 6 masne kiseline, pozitivno uti\u010du na sjajno krzno i zdravu ko\u017eu. Granule su oblikom i veli\u010dinom optimalno prilago\u0111eni zubalu malih i minijaturnih pasa. Dodati vredni vitamini i minerali zaokru\u017euju ovu kvalitetnu hranu i pru\u017eaju kompletno izbalansiranu ishranu.<\/p>\n<p><strong>Sastav: <\/strong><br \/>\nKrompir suvi, proteini noja su\u0161eni (16%), proteini krompira su\u0161eni, ulja i masti, hidrolizirani proteini, repina pulpa su\u0161ena (bez \u0161e\u0107era), komina jabuke su\u0161ene, natrijum hloric, kvasci su\u0161eni (ekstrakt)<\/p>\n<p><strong>Analiza:<\/strong><br \/>\nSirovi proteini 24,0 %, sirove masti 12,0 %, sirova vlakna 2,5 %, sirovi pepeo 8,5 %, kalcijum 1,3 %, fosfor 0,95 %, natrijum 0,45 %, omega-6 masne kiseline 2,5 %, omega-3 masne kiseline 0,3 %<\/p>\n<p><strong>Vitamini\/kg:<\/strong><br \/>\nVitamin A (3a672a) 15000 IU, vitamin D3 (3a671) 900 IU, taurin (3a370) 500 mg<\/p>\n<p><strong>Elementi u tragovima\/kg: <\/strong><br \/>\nGvo\u017e\u0111e (kao 3b103) 65 mg, bakar (kao 3b405) 13 mg, cink (kao 3b603) 85 mg, mangan (kao 3b502) 16 mg, jod (kao 3b202) 1,5 mg, selen (natrij selenit 3b801) 0,25 mg<\/p>\n<p><strong>Aminokiseline\/kg: <\/strong><br \/>\nDL-metionin (3c301) 2700 mg<\/p>\n<p>Antioksidansi, tokoferolom bogati ekstrakti iz biljnih ulja 1b306(i)<\/p>\n<p>Serve food in dry form with available fresh water.<br \/>\nFor your pet&#039;s health, consult a veterinarian regularly.<\/p>\n<p>Store the product in a dry, dark and cool place.<\/p>\n<p>Proizvo\u0111a\u010d: Interquell GmbH<br \/>\nCountry of origin: Germany<\/p>\n\n    <div class=\"xs_social_share_widget xs_share_url after_content \t\tmain_content  wslu-style-1 wslu-share-box-shaped wslu-fill-colored wslu-none wslu-share-horizontal wslu-theme-font-no wslu-main_content\">\n\n\t\t\n        <ul>\n\t\t\t        <\/ul>\n    <\/div>","protected":false},"excerpt":{"rendered":"<p>Happy Dog Mini Africa je hrana namenjena odraslim psima malih rasa<\/p>","protected":false},"featured_media":33219,"comment_status":"closed","ping_status":"closed","template":"","meta":{"_acf_changed":false},"pwb-brand":[1170],"product_cat":[47,48,49],"product_tag":[208],"class_list":{"0":"post-30235","1":"product","2":"type-product","3":"status-publish","4":"has-post-thumbnail","6":"pwb-brand-happy-dog","7":"product_cat-psi","8":"product_cat-hrana-za-pse","9":"product_cat-granule-za-pse","10":"product_tag-bez-zitarica","12":"first","13":"instock","14":"taxable","15":"shipping-taxable","16":"purchasable","17":"product-type-variable","18":"has-default-attributes"},"acf":[],"brands":[{"id":1170,"name":"Happy Dog","slug":"happy-dog"}],"_links":{"self":[{"href":"https:\/\/pawz.rs\/en\/wp-json\/wp\/v2\/product\/30235","targetHints":{"allow":["GET"]}}],"collection":[{"href":"https:\/\/pawz.rs\/en\/wp-json\/wp\/v2\/product"}],"about":[{"href":"https:\/\/pawz.rs\/en\/wp-json\/wp\/v2\/types\/product"}],"replies":[{"embeddable":true,"href":"https:\/\/pawz.rs\/en\/wp-json\/wp\/v2\/comments?post=30235"}],"wp:featuredmedia":[{"embeddable":true,"href":"https:\/\/pawz.rs\/en\/wp-json\/wp\/v2\/media\/33219"}],"wp:attachment":[{"href":"https:\/\/pawz.rs\/en\/wp-json\/wp\/v2\/media?parent=30235"}],"wp:term":[{"taxonomy":"pwb-brand","embeddable":true,"href":"https:\/\/pawz.rs\/en\/wp-json\/wp\/v2\/pwb-brand?post=30235"},{"taxonomy":"product_cat","embeddable":true,"href":"https:\/\/pawz.rs\/en\/wp-json\/wp\/v2\/product_cat?post=30235"},{"taxonomy":"product_tag","embeddable":true,"href":"https:\/\/pawz.rs\/en\/wp-json\/wp\/v2\/product_tag?post=30235"}],"curies":[{"name":"wp","href":"https:\/\/api.w.org\/{rel}","templated":true}]}}