{"id":30238,"date":"2024-09-11T17:48:35","date_gmt":"2024-09-11T15:48:35","guid":{"rendered":"https:\/\/pawz.rs\/?post_type=product&#038;p=30238"},"modified":"2025-06-29T19:54:56","modified_gmt":"2025-06-29T17:54:56","slug":"happy-dog-mini-neuseeland-supreme","status":"publish","type":"product","link":"https:\/\/pawz.rs\/en\/happy-dog-mini-neuseeland-supreme\/","title":{"rendered":"Happy Dog Mini Neuseeland Supreme"},"content":{"rendered":"<p><strong>Happy Dog Mini Neuseeland\u00a0 Supreme<\/strong><\/p>\n<p>ODNOS \/ PROTEINI MASTI: 24% \/ 12%<\/p>\n<p>Novozelandske dagnje zelenih usana koje sadr\u017ei podr\u017eavaju zglobove va\u0161eg malog psa, dok su omega 3 i 6 masne kiseline odli\u010dne za zdravu dlaku.<\/p>\n<p>Ukusna super premium kompletna hrana idealna za male pse do 10 kg te\u017eine.<\/p>\n<p>Novi Zeland je poznat po svojoj neiskvarenoj prirodi, kristalno bistrim vodama, jagnjetini sa malim sadr\u017eajem holesterola i mesu \u0161koljki.<br \/>\nHappy Dog Supreme Neuseeland se sastoji od 21% jagnjetine i 21% pirin\u010da i dragocenog su\u0161enog mesa \u0161koljki. Jedinstveni Happy Dog Supreme LifePlus Koncept sa prirodnim sastojcima poznatiim generacijama unazad \u010dine od ovog ekskluzivnog recepta kompletnu sucu hranu izvrsnog kvaliteta.<br \/>\nZahvaljuju\u0107i svojim specijalnim sastojcima, specijalnom procesu izrade i sadr\u017eaju proteina manjem od 21%, Neuseeland je vrlo pogodan za hranjenje pasa sa specijalnim potrebama.<\/p>\n<p>Serve food in dry form with available fresh water.<br \/>\nFor your pet&#039;s health, consult a veterinarian regularly.<\/p>\n<p>Store the product in a dry, dark and cool place.<\/p>\n<p>Proizvo\u0111a\u010d: Interquell GmbH<br \/>\nCountry of origin: Germany<\/p>\n\n    <div class=\"xs_social_share_widget xs_share_url after_content \t\tmain_content  wslu-style-1 wslu-share-box-shaped wslu-fill-colored wslu-none wslu-share-horizontal wslu-theme-font-no wslu-main_content\">\n\n\t\t\n        <ul>\n\t\t\t        <\/ul>\n    <\/div>","protected":false},"excerpt":{"rendered":"<p>Happy Dog Mini Novi Zeland Supreme je hrana namenjena odraslim psima malih rasa, sa jagnjetinom<\/p>","protected":false},"featured_media":30122,"comment_status":"closed","ping_status":"closed","template":"","meta":{"_acf_changed":false},"pwb-brand":[1170],"product_cat":[47,48,49],"product_tag":[208],"class_list":{"0":"post-30238","1":"product","2":"type-product","3":"status-publish","4":"has-post-thumbnail","6":"pwb-brand-happy-dog","7":"product_cat-psi","8":"product_cat-hrana-za-pse","9":"product_cat-granule-za-pse","10":"product_tag-bez-zitarica","12":"first","13":"instock","14":"taxable","15":"shipping-taxable","16":"purchasable","17":"product-type-variable","18":"has-default-attributes"},"acf":[],"brands":[{"id":1170,"name":"Happy Dog","slug":"happy-dog"}],"_links":{"self":[{"href":"https:\/\/pawz.rs\/en\/wp-json\/wp\/v2\/product\/30238","targetHints":{"allow":["GET"]}}],"collection":[{"href":"https:\/\/pawz.rs\/en\/wp-json\/wp\/v2\/product"}],"about":[{"href":"https:\/\/pawz.rs\/en\/wp-json\/wp\/v2\/types\/product"}],"replies":[{"embeddable":true,"href":"https:\/\/pawz.rs\/en\/wp-json\/wp\/v2\/comments?post=30238"}],"wp:featuredmedia":[{"embeddable":true,"href":"https:\/\/pawz.rs\/en\/wp-json\/wp\/v2\/media\/30122"}],"wp:attachment":[{"href":"https:\/\/pawz.rs\/en\/wp-json\/wp\/v2\/media?parent=30238"}],"wp:term":[{"taxonomy":"pwb-brand","embeddable":true,"href":"https:\/\/pawz.rs\/en\/wp-json\/wp\/v2\/pwb-brand?post=30238"},{"taxonomy":"product_cat","embeddable":true,"href":"https:\/\/pawz.rs\/en\/wp-json\/wp\/v2\/product_cat?post=30238"},{"taxonomy":"product_tag","embeddable":true,"href":"https:\/\/pawz.rs\/en\/wp-json\/wp\/v2\/product_tag?post=30238"}],"curies":[{"name":"wp","href":"https:\/\/api.w.org\/{rel}","templated":true}]}}