{"id":30239,"date":"2024-09-11T17:48:37","date_gmt":"2024-09-11T15:48:37","guid":{"rendered":"https:\/\/pawz.rs\/?post_type=product&#038;p=30239"},"modified":"2025-06-29T19:54:56","modified_gmt":"2025-06-29T17:54:56","slug":"happy-dog-mini-ireland-supreme","status":"publish","type":"product","link":"https:\/\/pawz.rs\/en\/happy-dog-mini-ireland-supreme\/","title":{"rendered":"Happy Dog Mini Ireland Supreme"},"content":{"rendered":"<p><strong>Happy Dog Mini Ireland Supreme<\/strong><\/p>\n<p>ODNOS \/ PROTEINI MASTI: 24% \/ 12%<\/p>\n<div>Super Premium hrana za odrasle pse do 10kg te\u017eine, sa lososom i kuni\u0107em<\/div>\n<div><\/div>\n<div>Happy Dog Sensible Mini Irland predstavlja kompletnu hranu za odrasle pse malih rasa do 10kg telesne te\u017eine. Ova izuzetno ukusna kompletna hrana proizvedena je od ne\u017enog lososa i ukusnog zeca.<br \/>\nSa pa\u017eljivo odabranim komponentama (bez jagnje\u0107ih i \u017eivinskih proteina, bez pirin\u010da, soje i p\u0161enice), posebnom metodom proizvodnje i prilago\u0111enim sadr\u017eajem proteina i energije, Mini Irland pogodan je za hranjenje osetljivih pasa ili pasa sa intolerancijom na hranu.<\/div>\n<div><\/div>\n<div><strong>Sastav:<\/strong><br \/>\nJe\u010dam, dehidrirani losos(12%), dehidrirano meso zeca(9%), pahuljice od krompira, pirin\u010dano bra\u0161no, \u017eivinska masno\u0107a, \u0161nicle od melase, hidrolizat \u017eivinskog mesa, riblje ulje, cela jaja, dehidrirano meso \u0161koljki (0.05%), kvasac su\u0161eni, morske alge, milk thstle(cicak), arti\u010doke, masla\u010dak, djumbir, listovi breze, kopriva, kamilica, korijander, ruzmarin, zalfija, koren gospinog bilja, maj\u010dina du\u0161ica, seme lana.<\/div>\n<div><\/div>\n<div><strong>Vitaminski sastav: <\/strong><br \/>\nVitamin A 15000 I.E.\/kg, Vitamin D3 1500 I.E.\/kg, Vitamin B1 5mg\/kg, Vitamin B2 5mg, Vitamin B6 4mg.<\/div>\n<div><\/div>\n<div><strong>Hemijski sastav: <\/strong><br \/>\nSir.protein min.21,5%, svarljivi sir.protein 19,5%, sir.masno\u0107a min. 9,5%, sir.vlakna max. 3%, sir.pepeo max. 7%, vla\u017enost max. 8%, kalcijum 1,4%, fosfor 0,9%, natrijum 0,4<\/div>\n<p>Serve food in dry form with available fresh water.<br \/>\nFor your pet&#039;s health, consult a veterinarian regularly.<\/p>\n<p>Store the product in a dry, dark and cool place.<\/p>\n<p>Proizvo\u0111a\u010d: Interquell GmbH<br \/>\nCountry of origin: Germany<\/p>\n\n    <div class=\"xs_social_share_widget xs_share_url after_content \t\tmain_content  wslu-style-1 wslu-share-box-shaped wslu-fill-colored wslu-none wslu-share-horizontal wslu-theme-font-no wslu-main_content\">\n\n\t\t\n        <ul>\n\t\t\t        <\/ul>\n    <\/div>","protected":false},"excerpt":{"rendered":"<p>Happy Dog Mini Ireland Supreme je hrana namenjena odraslim psima male rase, sa lososom i ze\u010detinom<\/p>","protected":false},"featured_media":33218,"comment_status":"closed","ping_status":"closed","template":"","meta":{"_acf_changed":false},"pwb-brand":[1170],"product_cat":[47,48,49],"product_tag":[208],"class_list":{"0":"post-30239","1":"product","2":"type-product","3":"status-publish","4":"has-post-thumbnail","6":"pwb-brand-happy-dog","7":"product_cat-psi","8":"product_cat-hrana-za-pse","9":"product_cat-granule-za-pse","10":"product_tag-bez-zitarica","12":"first","13":"instock","14":"taxable","15":"shipping-taxable","16":"purchasable","17":"product-type-variable","18":"has-default-attributes"},"acf":[],"brands":[{"id":1170,"name":"Happy Dog","slug":"happy-dog"}],"_links":{"self":[{"href":"https:\/\/pawz.rs\/en\/wp-json\/wp\/v2\/product\/30239","targetHints":{"allow":["GET"]}}],"collection":[{"href":"https:\/\/pawz.rs\/en\/wp-json\/wp\/v2\/product"}],"about":[{"href":"https:\/\/pawz.rs\/en\/wp-json\/wp\/v2\/types\/product"}],"replies":[{"embeddable":true,"href":"https:\/\/pawz.rs\/en\/wp-json\/wp\/v2\/comments?post=30239"}],"wp:featuredmedia":[{"embeddable":true,"href":"https:\/\/pawz.rs\/en\/wp-json\/wp\/v2\/media\/33218"}],"wp:attachment":[{"href":"https:\/\/pawz.rs\/en\/wp-json\/wp\/v2\/media?parent=30239"}],"wp:term":[{"taxonomy":"pwb-brand","embeddable":true,"href":"https:\/\/pawz.rs\/en\/wp-json\/wp\/v2\/pwb-brand?post=30239"},{"taxonomy":"product_cat","embeddable":true,"href":"https:\/\/pawz.rs\/en\/wp-json\/wp\/v2\/product_cat?post=30239"},{"taxonomy":"product_tag","embeddable":true,"href":"https:\/\/pawz.rs\/en\/wp-json\/wp\/v2\/product_tag?post=30239"}],"curies":[{"name":"wp","href":"https:\/\/api.w.org\/{rel}","templated":true}]}}