{"id":30240,"date":"2024-09-10T18:50:19","date_gmt":"2024-09-10T16:50:19","guid":{"rendered":"https:\/\/pawz.rs\/?post_type=product&#038;p=30240"},"modified":"2025-06-29T19:55:43","modified_gmt":"2025-06-29T17:55:43","slug":"happy-dog-mini-puppy-fitvital","status":"publish","type":"product","link":"https:\/\/pawz.rs\/en\/happy-dog-mini-puppy-fitvital\/","title":{"rendered":"Happy Dog Mini Puppy Fit&#038;Vital"},"content":{"rendered":"<p><strong>Happy Dog Mini Puppy Fit&amp;Vital<\/strong><\/p>\n<p>ODNOS \/ PROTEINI MASTI: 30% \/ 16%<\/p>\n<p>Dokazana receptura nudi raznolikost od 5 odabranih proteina najboljeg kvaliteta, krompir i dragocenu \u0161koljku sa Novog Zelanda.<\/p>\n<p>Lako svarljiva hrana za \u0161tence malih rasa u prvoj godini \u017eivota. Izbalansirana kompletna hrana za \u0161tence namenjena ishrani od 1 mjeseca do 12 meseca starosti.<\/p>\n<p>Namenjena psima koji \u0107e u zavr\u0161noj fazi rasta imati ne vi\u0161e od 10 kg te\u017eine. Recept bez p\u0161enice nudi uravnote\u017een izbor pet odabranih \u017eivotinjskih proteina vrhunskog kvaliteta.<br \/>\nDobro podno\u0161ljiva janjetina, lako svarljiva perad, ukusna govedina, hranjiva riba i visokokvalitetni proteini jaja osiguravaju stabilan rast i optimalan razvoj \u0161teneta. Vredne novozelandske dagnje poma\u017eu da se mi\u0161i\u0107no-ko\u0161tani sastav razvija kako treba.<br \/>\nZa snagu i optimalan razvoj kostiju u velikoj meri su zaslu\u017eni kalcijum i vitamin D3. Omega 3 i omega 6 masne kiseline iz ribe i semenki lana obezbe\u0111uju sjajnu dlaku i zdravu ko\u017eu. Laneno seme u kombinaciji sa kompleksom vitalnih materija iz posebnih kvasaca, antioksidansa i biljaka podr\u017eava crevnu floru i celi gastrointestinalni trakt. Sadr\u017ei vitamin C koji doprinosi ja\u010danju imunog sistema.<\/p>\n<p><strong>Sastav: <\/strong><br \/>\n\u017divotinjske belan\u010devine dehidrirane (perad 21%, janjetina 5%), kukuruzno bra\u0161no, pirina\u010d, ulja i masti, mesno bra\u0161no, kukuruz, riblje bra\u0161no (5%, od \u010dega 50% bra\u0161no lososa), repina pulpa dehidrirana (bez \u0161e\u0107era), hidrolizovani proteini, komina jabuke dehidrirana, celuloza, kalijum hlorid, kvasci dehidrirani, natrijum hlorid, osu\u0161ena cela jaja (0,2 %), morske alge dehidrirane, laneno seme (0,15 %), ljuske psiliuma, kvasci dehidrirani (ekstrakt), meso dagnji dehidrirano (0,04 %), yucca schidigera dehidrirana, \u010di\u010dak, arti\u010doka, masla\u010dak, \u0111umbir (0,015 %), li\u0161\u0107e breze, kopriva, kamilica, korijander, ruzmarin, kadulja, sladi\u0107a, maj\u010dina du\u0161ica (ukupno su\u0161eno bilje: 0,15 %)<\/p>\n<p><strong>Analytical composition:<\/strong><br \/>\nSirovi proteini 30,0 %, sirove masti 16,0 %, sirova vlakna 2,5 %, sirovi pepeo 7,5 %, kalcijum 1,45 %, fosfor 1,1 %, natrijum 0,35 %, omega 6 masne kiseline 3,5 %, omega 3 masne kiseline 0,4 %<\/p>\n<p><strong>Vitamini\/kg: <\/strong><br \/>\nVitamin A (3a672a) 18000 IU, vitamin D3 (3a671) 950 IU, vitamin E (kao 3a700) 130 mg, vitamin C (kao 3a312) 30 mg<\/p>\n<p><strong>Elementi u tragovima\/kg: <\/strong><br \/>\nGvo\u017e\u0111e (kao 3b103) 65 mg, bakar (kao 3b405) 14 mg, cink (kao 3b603, 3b606) 125 mg, mangan (kao 3b502) 29 mg, jod (kao 3b202) 2,5 mg, selen (natrijum selenit 3b801) 0,15 mg<\/p>\n<p><strong>Aminokiseline\/kg:<\/strong><br \/>\nL-triptofan (3c440) 900 mg. Antioksidansi, tokoferolom bogati ekstrakti iz biljnih ulja 1b306(i)<\/p>\n<p>Serve food in dry form with available fresh water.<br \/>\nFor your pet&#039;s health, consult a veterinarian regularly.<\/p>\n<p>Store the product in a dry, dark and cool place.<\/p>\n<p>Proizvo\u0111a\u010d: Interquell GmbH<br \/>\nCountry of origin: Germany<\/p>\n\n    <div class=\"xs_social_share_widget xs_share_url after_content \t\tmain_content  wslu-style-1 wslu-share-box-shaped wslu-fill-colored wslu-none wslu-share-horizontal wslu-theme-font-no wslu-main_content\">\n\n\t\t\n        <ul>\n\t\t\t        <\/ul>\n    <\/div>","protected":false},"excerpt":{"rendered":"<p>Happy Dog Mini Puppy Fit&amp;Vital predstavlja hranu namenjenu \u0161tencima malih rasa do 1 godine<\/p>","protected":false},"featured_media":33236,"comment_status":"closed","ping_status":"closed","template":"","meta":{"_acf_changed":false},"pwb-brand":[1170],"product_cat":[47,48,49],"product_tag":[],"class_list":{"0":"post-30240","1":"product","2":"type-product","3":"status-publish","4":"has-post-thumbnail","6":"pwb-brand-happy-dog","7":"product_cat-psi","8":"product_cat-hrana-za-pse","9":"product_cat-granule-za-pse","11":"first","12":"instock","13":"taxable","14":"shipping-taxable","15":"purchasable","16":"product-type-variable","17":"has-default-attributes"},"acf":[],"brands":[{"id":1170,"name":"Happy Dog","slug":"happy-dog"}],"_links":{"self":[{"href":"https:\/\/pawz.rs\/en\/wp-json\/wp\/v2\/product\/30240","targetHints":{"allow":["GET"]}}],"collection":[{"href":"https:\/\/pawz.rs\/en\/wp-json\/wp\/v2\/product"}],"about":[{"href":"https:\/\/pawz.rs\/en\/wp-json\/wp\/v2\/types\/product"}],"replies":[{"embeddable":true,"href":"https:\/\/pawz.rs\/en\/wp-json\/wp\/v2\/comments?post=30240"}],"wp:featuredmedia":[{"embeddable":true,"href":"https:\/\/pawz.rs\/en\/wp-json\/wp\/v2\/media\/33236"}],"wp:attachment":[{"href":"https:\/\/pawz.rs\/en\/wp-json\/wp\/v2\/media?parent=30240"}],"wp:term":[{"taxonomy":"pwb-brand","embeddable":true,"href":"https:\/\/pawz.rs\/en\/wp-json\/wp\/v2\/pwb-brand?post=30240"},{"taxonomy":"product_cat","embeddable":true,"href":"https:\/\/pawz.rs\/en\/wp-json\/wp\/v2\/product_cat?post=30240"},{"taxonomy":"product_tag","embeddable":true,"href":"https:\/\/pawz.rs\/en\/wp-json\/wp\/v2\/product_tag?post=30240"}],"curies":[{"name":"wp","href":"https:\/\/api.w.org\/{rel}","templated":true}]}}