{"id":30243,"date":"2024-09-10T17:34:41","date_gmt":"2024-09-10T15:34:41","guid":{"rendered":"https:\/\/pawz.rs\/?post_type=product&#038;p=30243"},"modified":"2025-06-29T19:55:43","modified_gmt":"2025-06-29T17:55:43","slug":"happy-dog-naturcroq-pacetina-i-pirinac-11kg","status":"publish","type":"product","link":"https:\/\/pawz.rs\/en\/happy-dog-naturcroq-pacetina-i-pirinac-11kg\/","title":{"rendered":"Happy Dog Naturcroq Pa\u010detina i Pirina\u010d 11kg"},"content":{"rendered":"<p><strong>Happy Dog Naturcroq Pa\u010detina i Pirina\u010d 11kg<\/strong><\/p>\n<p>ODNOS \/ PROTEINI MASTI: 22% \/ 9%<\/p>\n<p>Hrana namenjena odraslim, normalno aktivnim psima.<\/p>\n<p>Uravnote\u017eena hrana napravljena od najboljih prirodnih sastojaka iz Bavarske. Hrskave granule sadr\u017ee visokokvalitetne sastojke poput ukusne patke, dobro podno\u0161ljive ri\u017ee i hranjivih celih \u017eitarica iz lokalne regije.<br \/>\nPa\u010detina va\u0161em psu daje visokovredne \u017eivotinjske belan\u010devine i daje mu energiju potrebnu za igru i tr\u010danje. Proizvodi od celih \u017eitarica obezbe\u0111uju va\u017ena vlakna. Poma\u017eu u regulaciji crevne funkcije, zadovoljavaju apetit, pospe\u0161uju probavu, a tako\u0111e mogu podr\u017eati zdravlje creva. Osim toga, proizvodi od celih \u017eitarica snabdevaju organizam brojnim vitaminima B grupe i mineralima, poput magnezijuma, gvo\u017e\u0111a, selena i cinka, te su puni slo\u017eenih ugljenih hidrata. Ova ukusna formulacija oboga\u0107ena je vrednim lokalno uzgojenim biljem koje pru\u017ea vredne hranjive materija iz prirodnih izvora.<\/p>\n<p><strong>Sastav: <\/strong><br \/>\nProteini peradi dehidrirani, integralna p\u0161enica, integralni kukuruz, p\u0161eni\u010dno bra\u0161no, kukuruzno bra\u0161no, pa\u010dji protein dehidrirani (9%), pirina\u010d (9%), integralni je\u010dam, ulja i masti, hidrolizovani proteini, rezanci repe dehidrirani (bez \u0161e\u0107era), jabuka komina dehidrirani (0,6%), kvasci dehidrirani, kalijum hlorid, natrijum hlorid, zelena zob dehidrirani, suncokret dehidrirani (0,07%), kres dehidrirani, per\u0161in dehidrirani, (ukupno zeleno bilje: 0,3%)<\/p>\n<p><strong>Analytical composition:<\/strong><br \/>\nSirove belan\u010devine 22,0 %, sirove masti 9,0 %, sirova vlakna 2,5 %, sirovi pepeo 5,5 %, kalcijum 1,2 %, fosfor 0,85 %, natrijum 0,2 %, omega 6 masne kiseline 2,0 %, omega 3 masne kiseline 0,2 %<\/p>\n<p><strong>Vitamini\/kg: <\/strong><br \/>\nVitamin A (3a672a) 16000 IU, vitamin D3 (3a671) 950 IU<\/p>\n<p><strong>Elementi u tragovima\/kg: <\/strong><br \/>\nGvo\u017e\u0111e (3b103) 55 mg, bakar (3b405) 12 mg, cink (3b603) 95 mg, mangan (3b502) 10 mg, jod (3b202) 2,5 mg, selen (3b801) 0,17 mg<\/p>\n<p><strong>Antioksidans:<\/strong> tokoferolom bogati ekstrakti iz biljnih ulja 1b306(i)<\/p>\n<p>Serve food in dry form with available fresh water.<br \/>\nFor your pet&#039;s health, consult a veterinarian regularly.<\/p>\n<p>Store the product in a dry, dark and cool place.<\/p>\n<p>Proizvo\u0111a\u010d: Interquell GmbH<br \/>\nCountry of origin: Germany<\/p>\n\n    <div class=\"xs_social_share_widget xs_share_url after_content \t\tmain_content  wslu-style-1 wslu-share-box-shaped wslu-fill-colored wslu-none wslu-share-horizontal wslu-theme-font-no wslu-main_content\">\n\n\t\t\n        <ul>\n\t\t\t        <\/ul>\n    <\/div>","protected":false},"excerpt":{"rendered":"<p>Happy Dog Naturcroq Pa\u010detina i Pirina\u010d je kompletna suva hrana namenjena odraslim normalno aktivnim psima<\/p>","protected":false},"featured_media":33251,"comment_status":"closed","ping_status":"closed","template":"","meta":{"_acf_changed":false},"pwb-brand":[1170],"product_cat":[49,48,47],"product_tag":[],"class_list":{"0":"post-30243","1":"product","2":"type-product","3":"status-publish","4":"has-post-thumbnail","6":"pwb-brand-happy-dog","7":"product_cat-granule-za-pse","8":"product_cat-hrana-za-pse","9":"product_cat-psi","11":"first","12":"instock","13":"taxable","14":"shipping-taxable","15":"purchasable","16":"product-type-simple"},"acf":[],"brands":[{"id":1170,"name":"Happy Dog","slug":"happy-dog"}],"_links":{"self":[{"href":"https:\/\/pawz.rs\/en\/wp-json\/wp\/v2\/product\/30243","targetHints":{"allow":["GET"]}}],"collection":[{"href":"https:\/\/pawz.rs\/en\/wp-json\/wp\/v2\/product"}],"about":[{"href":"https:\/\/pawz.rs\/en\/wp-json\/wp\/v2\/types\/product"}],"replies":[{"embeddable":true,"href":"https:\/\/pawz.rs\/en\/wp-json\/wp\/v2\/comments?post=30243"}],"wp:featuredmedia":[{"embeddable":true,"href":"https:\/\/pawz.rs\/en\/wp-json\/wp\/v2\/media\/33251"}],"wp:attachment":[{"href":"https:\/\/pawz.rs\/en\/wp-json\/wp\/v2\/media?parent=30243"}],"wp:term":[{"taxonomy":"pwb-brand","embeddable":true,"href":"https:\/\/pawz.rs\/en\/wp-json\/wp\/v2\/pwb-brand?post=30243"},{"taxonomy":"product_cat","embeddable":true,"href":"https:\/\/pawz.rs\/en\/wp-json\/wp\/v2\/product_cat?post=30243"},{"taxonomy":"product_tag","embeddable":true,"href":"https:\/\/pawz.rs\/en\/wp-json\/wp\/v2\/product_tag?post=30243"}],"curies":[{"name":"wp","href":"https:\/\/api.w.org\/{rel}","templated":true}]}}