{"id":30245,"date":"2024-09-12T17:51:23","date_gmt":"2024-09-12T15:51:23","guid":{"rendered":"https:\/\/pawz.rs\/?post_type=product&#038;p=30245"},"modified":"2025-06-29T19:54:53","modified_gmt":"2025-06-29T17:54:53","slug":"happy-dog-montana-sensitive","status":"publish","type":"product","link":"https:\/\/pawz.rs\/en\/happy-dog-montana-sensitive\/","title":{"rendered":"Happy Dog Montana Sensitive"},"content":{"rendered":"<p><strong>Happy Dog Montana Sensitive<\/strong><\/p>\n<p>ODNOS \/ PROTEINI MASTI: 21% \/ 10%<\/p>\n<p>Hrana za pse Suprime Sensible Nutrition Montana je kompletno izbalansirana suva hrana super premium kvaliteta, koja je posebno prilago\u0111ena potrebama osetljivih ili izbirljivih pasa.<\/p>\n<p>Posebno je pogodna za pse malih rasa jer objedinjuje\u00a0konjsko meso i krompir \u017eitarica i bez glutena\u00a0uz apsolutan do\u017eivljaj ukusa.<br \/>\nDragocene omega-3 i omega-6 masne kiseline &#8211; va\u017eno za ko\u017eu i krzno &#8211; zaokru\u017euju ekskluzivni sastav. Proizvedeno u Nema\u010dkoj pod najstro\u017eom kontrolom kvaliteta.<\/p>\n<p><strong>Sastav:<\/strong><br \/>\nKrompir* (58%), protein konjskog mesa* (17,5%), protein krompira*, suncokretovo ulje, odresci od repne melase (oslobo\u0111eni od \u0161e\u0107era), hidrolizat jetre, ulje od uljane repice, dro\u017edine jabuke* (1,3%), natrijumhlorid, kvasac* (ekstrakt);*) su\u0161eno.<\/p>\n<p><strong>Analytical composition:<\/strong><br \/>\nSirovi protein 21,0%, sirova mast 10,0 %, sirova vlakna 2,5%, sirov pepeo 9,5%, kalcijum 1,6%, fosfor 1,2%, natrijum 0,4%, kalijum 0,75%, magnezijum 0,09%, omega-6 masne kiseline 4,0%, omega-3 masne kiseline 0,5%.<\/p>\n<p><strong>Hranljivi dodaci\/kg:<\/strong><br \/>\nVitamin A (3a672a) 12000 I.E., vitamin D3 (3a671) 1200 I.E.,<\/p>\n<p><strong>Antioksidaciono sredstvo:<\/strong><br \/>\nAkstrakti tocoferola iz biljnih ulja 1b306(i)<\/p>\n<p>Mikroelementi\/kg:<br \/>\nGvo\u017e\u0111e (E1 gvo\u017e\u0111e(II)sulfat, monohidrat 3b103) 130 mg, bakar (E4, bakar(II)sulfat pentahidrat) 13 mg, cink (cinkoksid 3b603) 110 mg, mangan (E5 mangan(II)oksid 3b502) 16 mg, jod (kalcijum-jodat bez vode 3b202) 1,5 mg, selen (E8, natrijum selenit) 0,15 mg.<\/p>\n<p>Aminokiseline\/kg:<br \/>\nDL-metionin (3c301) 3.200 mg.<\/p>\n<p>Serve food in dry form with available fresh water.<br \/>\nFor your pet&#039;s health, consult a veterinarian regularly.<\/p>\n<p>Store the product in a dry, dark and cool place.<\/p>\n<p>Proizvo\u0111a\u010d: Interquell GmbH<br \/>\nCountry of origin: Germany<\/p>\n\n    <div class=\"xs_social_share_widget xs_share_url after_content \t\tmain_content  wslu-style-1 wslu-share-box-shaped wslu-fill-colored wslu-none wslu-share-horizontal wslu-theme-font-no wslu-main_content\">\n\n\t\t\n        <ul>\n\t\t\t        <\/ul>\n    <\/div>","protected":false},"excerpt":{"rendered":"<p>Happy Dog Montana Sensitive je hrana namenjena odraslim psima srednje i velike rase, ali pogodna je i za male pse zbog veli\u010dine granule<\/p>","protected":false},"featured_media":33190,"comment_status":"closed","ping_status":"closed","template":"","meta":{"_acf_changed":false},"pwb-brand":[1170],"product_cat":[47,48,49],"product_tag":[],"class_list":{"0":"post-30245","1":"product","2":"type-product","3":"status-publish","4":"has-post-thumbnail","6":"pwb-brand-happy-dog","7":"product_cat-psi","8":"product_cat-hrana-za-pse","9":"product_cat-granule-za-pse","11":"first","12":"instock","13":"taxable","14":"shipping-taxable","15":"purchasable","16":"product-type-variable","17":"has-default-attributes"},"acf":[],"brands":[{"id":1170,"name":"Happy Dog","slug":"happy-dog"}],"_links":{"self":[{"href":"https:\/\/pawz.rs\/en\/wp-json\/wp\/v2\/product\/30245","targetHints":{"allow":["GET"]}}],"collection":[{"href":"https:\/\/pawz.rs\/en\/wp-json\/wp\/v2\/product"}],"about":[{"href":"https:\/\/pawz.rs\/en\/wp-json\/wp\/v2\/types\/product"}],"replies":[{"embeddable":true,"href":"https:\/\/pawz.rs\/en\/wp-json\/wp\/v2\/comments?post=30245"}],"wp:featuredmedia":[{"embeddable":true,"href":"https:\/\/pawz.rs\/en\/wp-json\/wp\/v2\/media\/33190"}],"wp:attachment":[{"href":"https:\/\/pawz.rs\/en\/wp-json\/wp\/v2\/media?parent=30245"}],"wp:term":[{"taxonomy":"pwb-brand","embeddable":true,"href":"https:\/\/pawz.rs\/en\/wp-json\/wp\/v2\/pwb-brand?post=30245"},{"taxonomy":"product_cat","embeddable":true,"href":"https:\/\/pawz.rs\/en\/wp-json\/wp\/v2\/product_cat?post=30245"},{"taxonomy":"product_tag","embeddable":true,"href":"https:\/\/pawz.rs\/en\/wp-json\/wp\/v2\/product_tag?post=30245"}],"curies":[{"name":"wp","href":"https:\/\/api.w.org\/{rel}","templated":true}]}}