{"id":30246,"date":"2024-09-11T17:48:38","date_gmt":"2024-09-11T15:48:38","guid":{"rendered":"https:\/\/pawz.rs\/?post_type=product&#038;p=30246"},"modified":"2025-06-29T19:54:55","modified_gmt":"2025-06-29T17:54:55","slug":"happy-dog-mini-montana","status":"publish","type":"product","link":"https:\/\/pawz.rs\/en\/happy-dog-mini-montana\/","title":{"rendered":"Happy Dog Mini Montana"},"content":{"rendered":"<p><strong>Happy Dog Mini Montana<\/strong><\/p>\n<p>ODNOS \/ PROTEINI MASTI: 24% \/ 12%<\/p>\n<p>Hrana bez \u017eitarica sa konjetinom namenjena za osetljive male pse. Pogodna za ishranu pasa sa probavnim problemima i problemima sa ko\u017eom i dlakom a samim tim intolerancijom na pojedine sastojke. Ne sadr\u017ei gluten tako da je pogodna za ishranu pasa sa intolerancijom na \u017eitarice.<br \/>\nKonjetina kao vredan sastojak i izvor proteina nudi optimalnu svarljivost. Vredne omega 3 i omega 6 masne kiseline &#8211; va\u017ene za zdravu ko\u017eu i sjajnu dlaku &#8211; upotpunjuju sastav hrane. To \u010dini hranu dobro izbalansiranom i idealnom za pse sa alergijama ili intolerancijom na hranu. Izuzetno ukusna super premium hrana idealna je za sve probirljive pse do 10 kg koji tra\u017ee raznolikost ili su jednostavno probirljivi. Posebno male granule veoma je lako \u017evakati.<\/p>\n<p><strong>Sastav: <\/strong><br \/>\nKrompir dehidrirani, konjski protein dehidrirani (15,5%), krompirov protein dehidrirani, ulja i masti, repina pulpa dehidrirana (bez \u0161e\u0107era), hidrolizovani protein, komina jabuke dehidrirana, kvasac dehidrirani (ekstrakt).<\/p>\n<p><strong>Analytical composition: <\/strong><br \/>\nSirovi proteini 24,0 %, sirove masti 12,0 %, sirova vlakna 2,5 %, sirovi pepeo 9,0 %, kalcijum 2,0 %, fosfor 1,2 %, natrijum 0,3 %, omega-6 masne kiseline 4,0 %, omega-3 masne kiseline 0,4 %<\/p>\n<p><strong>Vitamini\/kg: <\/strong><br \/>\nVitamin A (3a672a) 15000 IU, vitamin D3 (3a671) 900 IU, taurin (3a370) 500 mg<\/p>\n<p><strong>Elementi u tragovima\/kg: <\/strong><br \/>\nGvo\u017e\u0111e (kao 3b103) 50 mg, bakar (kao 3b405) 10 mg, cink (kao 3b603) 60 mg, mangan (kao 3b502) 11 mg, jod (kao 3b202) 1,0 mg, selen (kao 3b801) 0,2 mg<\/p>\n<p><strong>Aminokiseline\/kg: <\/strong><br \/>\nDL-metionin (3c301) 3600 mg. Antioksidansi, tokoferolom bogati ekstrakti iz biljnih ulja 1b306(i)<\/p>\n<p>Serve food in dry form with available fresh water.<br \/>\nFor your pet&#039;s health, consult a veterinarian regularly.<\/p>\n<p>Store the product in a dry, dark and cool place.<\/p>\n<p>Proizvo\u0111a\u010d: Interquell GmbH<br \/>\nCountry of origin: Germany<\/p>\n\n    <div class=\"xs_social_share_widget xs_share_url after_content \t\tmain_content  wslu-style-1 wslu-share-box-shaped wslu-fill-colored wslu-none wslu-share-horizontal wslu-theme-font-no wslu-main_content\">\n\n\t\t\n        <ul>\n\t\t\t        <\/ul>\n    <\/div>","protected":false},"excerpt":{"rendered":"<p>Happy Dog Mini Montana je hrana namenjena psima malih rasa, sa konjetinom, bez \u017eitarica<\/p>","protected":false},"featured_media":33217,"comment_status":"closed","ping_status":"closed","template":"","meta":{"_acf_changed":false},"pwb-brand":[1170],"product_cat":[47,48,49],"product_tag":[208],"class_list":{"0":"post-30246","1":"product","2":"type-product","3":"status-publish","4":"has-post-thumbnail","6":"pwb-brand-happy-dog","7":"product_cat-psi","8":"product_cat-hrana-za-pse","9":"product_cat-granule-za-pse","10":"product_tag-bez-zitarica","12":"first","13":"instock","14":"taxable","15":"shipping-taxable","16":"purchasable","17":"product-type-variable","18":"has-default-attributes"},"acf":[],"brands":[{"id":1170,"name":"Happy Dog","slug":"happy-dog"}],"_links":{"self":[{"href":"https:\/\/pawz.rs\/en\/wp-json\/wp\/v2\/product\/30246","targetHints":{"allow":["GET"]}}],"collection":[{"href":"https:\/\/pawz.rs\/en\/wp-json\/wp\/v2\/product"}],"about":[{"href":"https:\/\/pawz.rs\/en\/wp-json\/wp\/v2\/types\/product"}],"replies":[{"embeddable":true,"href":"https:\/\/pawz.rs\/en\/wp-json\/wp\/v2\/comments?post=30246"}],"wp:featuredmedia":[{"embeddable":true,"href":"https:\/\/pawz.rs\/en\/wp-json\/wp\/v2\/media\/33217"}],"wp:attachment":[{"href":"https:\/\/pawz.rs\/en\/wp-json\/wp\/v2\/media?parent=30246"}],"wp:term":[{"taxonomy":"pwb-brand","embeddable":true,"href":"https:\/\/pawz.rs\/en\/wp-json\/wp\/v2\/pwb-brand?post=30246"},{"taxonomy":"product_cat","embeddable":true,"href":"https:\/\/pawz.rs\/en\/wp-json\/wp\/v2\/product_cat?post=30246"},{"taxonomy":"product_tag","embeddable":true,"href":"https:\/\/pawz.rs\/en\/wp-json\/wp\/v2\/product_tag?post=30246"}],"curies":[{"name":"wp","href":"https:\/\/api.w.org\/{rel}","templated":true}]}}