{"id":30248,"date":"2024-09-07T11:16:40","date_gmt":"2024-09-07T09:16:40","guid":{"rendered":"https:\/\/pawz.rs\/?post_type=product&#038;p=30248"},"modified":"2025-10-02T21:37:09","modified_gmt":"2025-10-02T19:37:09","slug":"happy-dog-mini-snack-naturcroq-jagnjetina-100g","status":"publish","type":"product","link":"https:\/\/pawz.rs\/en\/happy-dog-mini-snack-naturcroq-jagnjetina-100g\/","title":{"rendered":"Happy Dog Mini Snack Naturcroq Jagnjetina 100g"},"content":{"rendered":"<p><strong>Happy Dog Mini Snack Naturcroq Jagnjetina 100g<\/strong><\/p>\n<p><strong>Minimalna kupovina 4 komada<\/strong><\/p>\n<p>Ukusna u\u017eina za odrasle pse do 10 kg. Lako svarljiva u\u017eina za male pse<\/p>\n<p>Ova poslastica bez \u0161ecera sa vrlo svarljivom jagnjetinom i pirin\u010dem idealna je za pojacavanje treninga ili jednostavno da razmazite male pse. Oblik kostiju takode olak\u0161ava podelu na porcije.<\/p>\n<p>Ako va\u0161 mali pas ima osetljiv stomak, onda cete svakako obratiti veliku pa\u017enju na ono \u0161to on jede ja ne jedem. Na\u0161 Happy Dog NaturCroq Mini Lamm &amp; amper; Reis Training Grickalice su savr\u0161eno uskladene sa veoma svarljivim Happy Dog NaturCroq Mini Lamm &amp; Reis suva hrana. Tako da mo\u017eete be\u017ebedno da nagradjite svog malog ljubimca bez preopterecenja Njegovog digestivnog sistema.<\/p>\n<p>Serve food in dry form with available fresh water.<br \/>\nFor your pet&#039;s health, consult a veterinarian regularly.<\/p>\n<p>Store the product in a dry, dark and cool place.<\/p>\n<p>Proizvo\u0111a\u010d: Interquell GmbH<br \/>\nCountry of origin: Germany<\/p>\n\n    <div class=\"xs_social_share_widget xs_share_url after_content \t\tmain_content  wslu-style-1 wslu-share-box-shaped wslu-fill-colored wslu-none wslu-share-horizontal wslu-theme-font-no wslu-main_content\">\n\n\t\t\n        <ul>\n\t\t\t        <\/ul>\n    <\/div>","protected":false},"excerpt":{"rendered":"<p>Happy Dog Mini Snack Naturcroq Jagnjetina predstavlja poslastice za odrasle pse mini rase te\u017eine do 10 kg<\/p>","protected":false},"featured_media":47773,"comment_status":"closed","ping_status":"closed","template":"","meta":{"_acf_changed":false},"pwb-brand":[1170],"product_cat":[47,103],"product_tag":[],"class_list":{"0":"post-30248","1":"product","2":"type-product","3":"status-publish","4":"has-post-thumbnail","6":"pwb-brand-happy-dog","7":"product_cat-psi","8":"product_cat-poslastice-za-pse","10":"first","11":"instock","12":"taxable","13":"shipping-taxable","14":"purchasable","15":"product-type-simple"},"acf":[],"brands":[{"id":1170,"name":"Happy Dog","slug":"happy-dog"}],"_links":{"self":[{"href":"https:\/\/pawz.rs\/en\/wp-json\/wp\/v2\/product\/30248","targetHints":{"allow":["GET"]}}],"collection":[{"href":"https:\/\/pawz.rs\/en\/wp-json\/wp\/v2\/product"}],"about":[{"href":"https:\/\/pawz.rs\/en\/wp-json\/wp\/v2\/types\/product"}],"replies":[{"embeddable":true,"href":"https:\/\/pawz.rs\/en\/wp-json\/wp\/v2\/comments?post=30248"}],"wp:featuredmedia":[{"embeddable":true,"href":"https:\/\/pawz.rs\/en\/wp-json\/wp\/v2\/media\/47773"}],"wp:attachment":[{"href":"https:\/\/pawz.rs\/en\/wp-json\/wp\/v2\/media?parent=30248"}],"wp:term":[{"taxonomy":"pwb-brand","embeddable":true,"href":"https:\/\/pawz.rs\/en\/wp-json\/wp\/v2\/pwb-brand?post=30248"},{"taxonomy":"product_cat","embeddable":true,"href":"https:\/\/pawz.rs\/en\/wp-json\/wp\/v2\/product_cat?post=30248"},{"taxonomy":"product_tag","embeddable":true,"href":"https:\/\/pawz.rs\/en\/wp-json\/wp\/v2\/product_tag?post=30248"}],"curies":[{"name":"wp","href":"https:\/\/api.w.org\/{rel}","templated":true}]}}