{"id":30256,"date":"2024-09-07T11:16:40","date_gmt":"2024-09-07T09:16:40","guid":{"rendered":"https:\/\/pawz.rs\/?post_type=product&#038;p=30256"},"modified":"2025-10-02T21:37:58","modified_gmt":"2025-10-02T19:37:58","slug":"happy-dog-soft-snack-ireland-100g","status":"publish","type":"product","link":"https:\/\/pawz.rs\/en\/happy-dog-soft-snack-ireland-100g\/","title":{"rendered":"Happy Dog Soft Snack Ireland 100g"},"content":{"rendered":"<p><strong>Happy Dog Soft Snack Ireland 100g<\/strong><\/p>\n<p><strong>Minimalna kupovina 4 komada<\/strong><\/p>\n<p>Mekana u\u017eina od lososa i ze\u010detinom idealnim za ko\u017eu &amp; krzno<\/p>\n<p>Tra\u017eite odgovarajucu poslasticu za pse? Probajte soft snack Ireland u obliku srca \u2013 to je savr\u0161ena poslastica za va\u0161eg ljubimca ili kao mali obrok za one izmedu vremena. Ukus lososa i zecetine sa Omega-3 i Omega-6 masnim kiselinama podsticu sjajnu dlaku. Recept bez p\u0161enice dobro podnose osetljivi psi srednjih i velikih rasa koje je te\u0161ko zadovoljiti. Ove grickalice su napravljene bez dodatka \u0161ecera i bez konzervansa. Torba ima zgodan zatvara\u010d koji se mo\u017ee ponovo zatvoriti za dugotrajnu sve\u017einu. Zagarantovano u\u017eivanje!<\/p>\n<p>Serve food in dry form with available fresh water.<br \/>\nFor your pet&#039;s health, consult a veterinarian regularly.<\/p>\n<p>Store the product in a dry, dark and cool place.<\/p>\n<p>Proizvo\u0111a\u010d: Interquell GmbH<br \/>\nCountry of origin: Germany<\/p>\n\n    <div class=\"xs_social_share_widget xs_share_url after_content \t\tmain_content  wslu-style-1 wslu-share-box-shaped wslu-fill-colored wslu-none wslu-share-horizontal wslu-theme-font-no wslu-main_content\">\n\n\t\t\n        <ul>\n\t\t\t        <\/ul>\n    <\/div>","protected":false},"excerpt":{"rendered":"<p>Happy Dog Soft Snack Ireland poslastica za pse svih rasa<\/p>","protected":false},"featured_media":47777,"comment_status":"closed","ping_status":"closed","template":"","meta":{"_acf_changed":false},"pwb-brand":[1170],"product_cat":[47,103],"product_tag":[],"class_list":{"0":"post-30256","1":"product","2":"type-product","3":"status-publish","4":"has-post-thumbnail","6":"pwb-brand-happy-dog","7":"product_cat-psi","8":"product_cat-poslastice-za-pse","10":"first","11":"instock","12":"taxable","13":"shipping-taxable","14":"purchasable","15":"product-type-simple"},"acf":[],"brands":[{"id":1170,"name":"Happy Dog","slug":"happy-dog"}],"_links":{"self":[{"href":"https:\/\/pawz.rs\/en\/wp-json\/wp\/v2\/product\/30256","targetHints":{"allow":["GET"]}}],"collection":[{"href":"https:\/\/pawz.rs\/en\/wp-json\/wp\/v2\/product"}],"about":[{"href":"https:\/\/pawz.rs\/en\/wp-json\/wp\/v2\/types\/product"}],"replies":[{"embeddable":true,"href":"https:\/\/pawz.rs\/en\/wp-json\/wp\/v2\/comments?post=30256"}],"wp:featuredmedia":[{"embeddable":true,"href":"https:\/\/pawz.rs\/en\/wp-json\/wp\/v2\/media\/47777"}],"wp:attachment":[{"href":"https:\/\/pawz.rs\/en\/wp-json\/wp\/v2\/media?parent=30256"}],"wp:term":[{"taxonomy":"pwb-brand","embeddable":true,"href":"https:\/\/pawz.rs\/en\/wp-json\/wp\/v2\/pwb-brand?post=30256"},{"taxonomy":"product_cat","embeddable":true,"href":"https:\/\/pawz.rs\/en\/wp-json\/wp\/v2\/product_cat?post=30256"},{"taxonomy":"product_tag","embeddable":true,"href":"https:\/\/pawz.rs\/en\/wp-json\/wp\/v2\/product_tag?post=30256"}],"curies":[{"name":"wp","href":"https:\/\/api.w.org\/{rel}","templated":true}]}}