{"id":30263,"date":"2024-09-11T17:48:39","date_gmt":"2024-09-11T15:48:39","guid":{"rendered":"https:\/\/pawz.rs\/?post_type=product&#038;p=30263"},"modified":"2025-06-29T19:54:55","modified_gmt":"2025-06-29T17:54:55","slug":"happy-dog-mini-canada","status":"publish","type":"product","link":"https:\/\/pawz.rs\/en\/happy-dog-mini-canada\/","title":{"rendered":"Happy Dog Mini Canada"},"content":{"rendered":"<p><strong>Happy Dog Mini Canada<\/strong><\/p>\n<p>Hrana bez \u017eitarica namenjena za aktivne male pse.<\/p>\n<p>Sadr\u017ei meso lososa, kuni\u0107a i jagnjetine u kombinaciji sa krompirom kao izvorom ugljenih hidrata. Poseduje blago pove\u0107an energetski sadr\u017eaj, idealna je za osetljive i aktivne male pse te\u017eine do 10 kg.<\/p>\n<p>Veli\u010dina granule je prilago\u0111ena zubalu malih rasa. U pripremi hrane koristile su se isklju\u010divo prirodni sastojci. Vredne omega 3 i omega 6 masne kiseline &#8211; va\u017ene za zdravu ko\u017eu i sjajnu dlaku &#8211; upotpunjuju sastav hrane.<\/p>\n<p>To \u010dini hranu dobro izbalansiranom i idealnom za pse sa alergijama ili intolerancijom na hranu. Izuzetno ukusna super premium hrana idealna je za sve probirljive pse do 10 kg koji tra\u017ee raznolikost ili su jednostavno probirljivi. Posebno male granule veoma je lako \u017evakati.<\/p>\n<p><strong>Sastav: <\/strong><br \/>\nKrompir dehidrirani, ulja i masti, bra\u0161no od lososa (9 %), ze\u010dji protein dehidrirani (9 %), janje\u0107i protein dehidrirani (9 %), krompirov protein dehidrirani, repina pulpa dehidrirana(bez \u0161e\u0107era), hidrolizirani protein, celuloza, komina jabuke dehidrirana, su\u0161eno celo jaje, seme lana, kvasci dehidrirani, brusnice dehidrirane, morske alge dehidrirane, meso dagnji dehidrirano (0,04%), kvasci dehidrirani (ekstrakt), mle\u010dni \u010di\u010dak, yucca schidigera dehidrirana, arti\u010doka, masla\u010dak, \u0111umbir, listovi breze, kopriva, kamilica, korijander, ruzmarin, kadulja, koren sladi\u0107a, maj\u010dina du\u0161ica (ukupno su\u0161eno bilje: 0,15%).<\/p>\n<p><strong>Analytical composition: <\/strong><br \/>\nSirovi proteini 25,0 %, sirove masti 14,0 %, sirova vlakna 3,5 %, sirovi pepeo 8,0 %, kalcijum 1,4 %, fosfor 1,05 %, natrijum 0,45 %, omega-6 masne kiseline 2,5 %, omega-3 masne kiseline 0,3 %.<\/p>\n<p><strong>Vitamini\/kg: <\/strong><br \/>\nVitamin A (3a672a) 15000 IU, vitamin D3 (3a671) 900 IU<\/p>\n<p><strong>Elementi u tragovima\/kg: <\/strong><br \/>\nGvo\u017e\u0111e (kao 3b103) 65 mg, bakar (kao 3b405) 13 mg, cink (kao 3b603) 85 mg, mangan (kao 3b502) 16 mg, jod (kao 3b202) 1,5 mg, selen (natrijum selenit 3b801) 0,25 mg<\/p>\n<p><strong>Regulatori kiselosti\/kg: <\/strong><br \/>\nLimunska kiselina (1a330) 200 mg<\/p>\n<p><strong>Antioksidansi: <\/strong><br \/>\nTokoferolom bogati ekstrakti iz biljnih ulja 1b306(i)<\/p>\n<p>Serve food in dry form with available fresh water.<br \/>\nFor your pet&#039;s health, consult a veterinarian regularly.<\/p>\n<p>Store the product in a dry, dark and cool place.<\/p>\n<p>Proizvo\u0111a\u010d: Interquell GmbH<br \/>\nCountry of origin: Germany<\/p>\n\n    <div class=\"xs_social_share_widget xs_share_url after_content \t\tmain_content  wslu-style-1 wslu-share-box-shaped wslu-fill-colored wslu-none wslu-share-horizontal wslu-theme-font-no wslu-main_content\">\n\n\t\t\n        <ul>\n\t\t\t        <\/ul>\n    <\/div>","protected":false},"excerpt":{"rendered":"<p>Happy Dog Mini Canada je hrana namenjena odraslim psima male rase, naro\u010dito aktivnim psima<\/p>","protected":false},"featured_media":33216,"comment_status":"closed","ping_status":"closed","template":"","meta":{"_acf_changed":false},"pwb-brand":[1170],"product_cat":[47,48,49],"product_tag":[208],"class_list":{"0":"post-30263","1":"product","2":"type-product","3":"status-publish","4":"has-post-thumbnail","6":"pwb-brand-happy-dog","7":"product_cat-psi","8":"product_cat-hrana-za-pse","9":"product_cat-granule-za-pse","10":"product_tag-bez-zitarica","12":"first","13":"instock","14":"taxable","15":"shipping-taxable","16":"purchasable","17":"product-type-variable","18":"has-default-attributes"},"acf":[],"brands":[{"id":1170,"name":"Happy Dog","slug":"happy-dog"}],"_links":{"self":[{"href":"https:\/\/pawz.rs\/en\/wp-json\/wp\/v2\/product\/30263","targetHints":{"allow":["GET"]}}],"collection":[{"href":"https:\/\/pawz.rs\/en\/wp-json\/wp\/v2\/product"}],"about":[{"href":"https:\/\/pawz.rs\/en\/wp-json\/wp\/v2\/types\/product"}],"replies":[{"embeddable":true,"href":"https:\/\/pawz.rs\/en\/wp-json\/wp\/v2\/comments?post=30263"}],"wp:featuredmedia":[{"embeddable":true,"href":"https:\/\/pawz.rs\/en\/wp-json\/wp\/v2\/media\/33216"}],"wp:attachment":[{"href":"https:\/\/pawz.rs\/en\/wp-json\/wp\/v2\/media?parent=30263"}],"wp:term":[{"taxonomy":"pwb-brand","embeddable":true,"href":"https:\/\/pawz.rs\/en\/wp-json\/wp\/v2\/pwb-brand?post=30263"},{"taxonomy":"product_cat","embeddable":true,"href":"https:\/\/pawz.rs\/en\/wp-json\/wp\/v2\/product_cat?post=30263"},{"taxonomy":"product_tag","embeddable":true,"href":"https:\/\/pawz.rs\/en\/wp-json\/wp\/v2\/product_tag?post=30263"}],"curies":[{"name":"wp","href":"https:\/\/api.w.org\/{rel}","templated":true}]}}