{"id":30531,"date":"2024-09-23T15:42:10","date_gmt":"2024-09-23T13:42:10","guid":{"rendered":"https:\/\/pawz.rs\/?post_type=product&#038;p=30531"},"modified":"2025-09-21T19:26:22","modified_gmt":"2025-09-21T17:26:22","slug":"trixie-grebalica-sa-lopticama-karton-plastika-37-cm","status":"publish","type":"product","link":"https:\/\/pawz.rs\/en\/trixie-grebalica-sa-lopticama-karton-plastika-37-cm\/","title":{"rendered":"Trixie Grebalica sa Lopticama Karton Plastika 37 cm"},"content":{"rendered":"<p><strong>Trixie Grebalica sa Lopticama Karton Plastika 37 cm<\/strong><\/p>\n<ul>\n<li>za artikal br. 41415<\/li>\n<\/ul>\n<p>Proizvo\u0111a\u010d: TRIXIE Pet Products, Inc<br \/>\nZemlja Porekla: Nema\u010dka<\/p>\n\n    <div class=\"xs_social_share_widget xs_share_url after_content \t\tmain_content  wslu-style-1 wslu-share-box-shaped wslu-fill-colored wslu-none wslu-share-horizontal wslu-theme-font-no wslu-main_content\">\n\n\t\t\n        <ul>\n\t\t\t        <\/ul>\n    <\/div>","protected":false},"excerpt":{"rendered":"<p>Trixie Grebalica sa Lopticama Karton Plastika predstavlja savr\u0161enu igra\u010dku za Va\u0161u macu<\/p>","protected":false},"featured_media":30532,"comment_status":"open","ping_status":"closed","template":"","meta":{"_acf_changed":false},"pwb-brand":[465],"product_cat":[1525,767,23,765],"product_tag":[],"class_list":{"0":"post-30531","1":"product","2":"type-product","3":"status-publish","4":"has-post-thumbnail","6":"pwb-brand-trixie","7":"product_cat-grebalice-penjalice-za-macke","8":"product_cat-igracke-za-macke","9":"product_cat-macke","10":"product_cat-oprema-za-macke","12":"first","13":"instock","14":"taxable","15":"shipping-taxable","16":"purchasable","17":"product-type-simple"},"acf":[],"brands":[{"id":465,"name":"Trixie","slug":"trixie"}],"_links":{"self":[{"href":"https:\/\/pawz.rs\/en\/wp-json\/wp\/v2\/product\/30531","targetHints":{"allow":["GET"]}}],"collection":[{"href":"https:\/\/pawz.rs\/en\/wp-json\/wp\/v2\/product"}],"about":[{"href":"https:\/\/pawz.rs\/en\/wp-json\/wp\/v2\/types\/product"}],"replies":[{"embeddable":true,"href":"https:\/\/pawz.rs\/en\/wp-json\/wp\/v2\/comments?post=30531"}],"wp:featuredmedia":[{"embeddable":true,"href":"https:\/\/pawz.rs\/en\/wp-json\/wp\/v2\/media\/30532"}],"wp:attachment":[{"href":"https:\/\/pawz.rs\/en\/wp-json\/wp\/v2\/media?parent=30531"}],"wp:term":[{"taxonomy":"pwb-brand","embeddable":true,"href":"https:\/\/pawz.rs\/en\/wp-json\/wp\/v2\/pwb-brand?post=30531"},{"taxonomy":"product_cat","embeddable":true,"href":"https:\/\/pawz.rs\/en\/wp-json\/wp\/v2\/product_cat?post=30531"},{"taxonomy":"product_tag","embeddable":true,"href":"https:\/\/pawz.rs\/en\/wp-json\/wp\/v2\/product_tag?post=30531"}],"curies":[{"name":"wp","href":"https:\/\/api.w.org\/{rel}","templated":true}]}}