{"id":30570,"date":"2024-09-23T19:07:26","date_gmt":"2024-09-23T17:07:26","guid":{"rendered":"https:\/\/pawz.rs\/?post_type=product&#038;p=30570"},"modified":"2025-09-21T19:26:11","modified_gmt":"2025-09-21T17:26:11","slug":"trixie-grebalica-nuria-71cm-sivo-bela","status":"publish","type":"product","link":"https:\/\/pawz.rs\/en\/trixie-grebalica-nuria-71cm-sivo-bela\/","title":{"rendered":"Trixie Grebalica Nuria 71 cm Sivo\/Bela"},"content":{"rendered":"<p><strong>Trixie Grebalica Nuria 71cm Sivo\/Bela<\/strong><\/p>\n<ul>\n<li>sisal: o 6 mm\/pli\u0161 (poliester): 280 g\/m^2<\/li>\n<li>platforma sa krevetom koji se mo\u017ee skinuti: mo\u017ee se ru\u010dno prati<\/li>\n<li>Boja: bela\/siva<\/li>\n<\/ul>\n<p>Proizvo\u0111a\u010d: TRIXIE Pet Products, Inc<br \/>\nZemlja Porekla: Nema\u010dka<\/p>\n\n    <div class=\"xs_social_share_widget xs_share_url after_content \t\tmain_content  wslu-style-1 wslu-share-box-shaped wslu-fill-colored wslu-none wslu-share-horizontal wslu-theme-font-no wslu-main_content\">\n\n\t\t\n        <ul>\n\t\t\t        <\/ul>\n    <\/div>","protected":false},"excerpt":{"rendered":"<p>Trixie Grebalica Nuria je grebalica namenjena ma\u010dkama<\/p>","protected":false},"featured_media":30571,"comment_status":"open","ping_status":"closed","template":"","meta":{"_acf_changed":false},"pwb-brand":[465],"product_cat":[1525,767,23,765],"product_tag":[],"class_list":{"0":"post-30570","1":"product","2":"type-product","3":"status-publish","4":"has-post-thumbnail","6":"pwb-brand-trixie","7":"product_cat-grebalice-penjalice-za-macke","8":"product_cat-igracke-za-macke","9":"product_cat-macke","10":"product_cat-oprema-za-macke","12":"first","13":"instock","14":"taxable","15":"shipping-taxable","16":"purchasable","17":"product-type-simple"},"acf":[],"brands":[{"id":465,"name":"Trixie","slug":"trixie"}],"_links":{"self":[{"href":"https:\/\/pawz.rs\/en\/wp-json\/wp\/v2\/product\/30570","targetHints":{"allow":["GET"]}}],"collection":[{"href":"https:\/\/pawz.rs\/en\/wp-json\/wp\/v2\/product"}],"about":[{"href":"https:\/\/pawz.rs\/en\/wp-json\/wp\/v2\/types\/product"}],"replies":[{"embeddable":true,"href":"https:\/\/pawz.rs\/en\/wp-json\/wp\/v2\/comments?post=30570"}],"wp:featuredmedia":[{"embeddable":true,"href":"https:\/\/pawz.rs\/en\/wp-json\/wp\/v2\/media\/30571"}],"wp:attachment":[{"href":"https:\/\/pawz.rs\/en\/wp-json\/wp\/v2\/media?parent=30570"}],"wp:term":[{"taxonomy":"pwb-brand","embeddable":true,"href":"https:\/\/pawz.rs\/en\/wp-json\/wp\/v2\/pwb-brand?post=30570"},{"taxonomy":"product_cat","embeddable":true,"href":"https:\/\/pawz.rs\/en\/wp-json\/wp\/v2\/product_cat?post=30570"},{"taxonomy":"product_tag","embeddable":true,"href":"https:\/\/pawz.rs\/en\/wp-json\/wp\/v2\/product_tag?post=30570"}],"curies":[{"name":"wp","href":"https:\/\/api.w.org\/{rel}","templated":true}]}}