{"id":30616,"date":"2024-09-21T18:17:53","date_gmt":"2024-09-21T16:17:53","guid":{"rendered":"https:\/\/pawz.rs\/?post_type=product&#038;p=30616"},"modified":"2025-10-03T14:36:20","modified_gmt":"2025-10-03T12:36:20","slug":"trixie-grebalica-kartonska-sa-igrackama-46x4x25-cm","status":"publish","type":"product","link":"https:\/\/pawz.rs\/en\/trixie-grebalica-kartonska-sa-igrackama-46x4x25-cm\/","title":{"rendered":"Trixie Grebalica Kartonska sa Igra\u010dkama 46x4x25 cm"},"content":{"rendered":"<p><strong>Trixie Grebalica Kartonska sa Igra\u010dkama 46x4x25 cm<\/strong><\/p>\n<ul>\n<li>od MDF-a<\/li>\n<li>sa 4 loptice igra\u010dke (plasti\u010dne)<\/li>\n<\/ul>\n<p>Artikal br. 48020, Dimenzije 46 \u00d7 4 puta; 25 cm<\/p>\n<p>Proizvo\u0111a\u010d: TRIXIE Pet Products, Inc<br \/>\nZemlja Porekla: Nema\u010dka<\/p>\n\n    <div class=\"xs_social_share_widget xs_share_url after_content \t\tmain_content  wslu-style-1 wslu-share-box-shaped wslu-fill-colored wslu-none wslu-share-horizontal wslu-theme-font-no wslu-main_content\">\n\n\t\t\n        <ul>\n\t\t\t        <\/ul>\n    <\/div>","protected":false},"excerpt":{"rendered":"<p>Trixie Grebalica Kartonska sa Igra\u010dkama je prava igra\u010dka za ma\u010dke<\/p>","protected":false},"featured_media":30617,"comment_status":"open","ping_status":"closed","template":"","meta":{"_acf_changed":false},"pwb-brand":[465],"product_cat":[1525,23,765,767],"product_tag":[],"class_list":{"0":"post-30616","1":"product","2":"type-product","3":"status-publish","4":"has-post-thumbnail","6":"pwb-brand-trixie","7":"product_cat-grebalice-penjalice-za-macke","8":"product_cat-macke","9":"product_cat-oprema-za-macke","10":"product_cat-igracke-za-macke","12":"first","13":"instock","14":"taxable","15":"shipping-taxable","16":"purchasable","17":"product-type-simple"},"acf":[],"brands":[{"id":465,"name":"Trixie","slug":"trixie"}],"_links":{"self":[{"href":"https:\/\/pawz.rs\/en\/wp-json\/wp\/v2\/product\/30616","targetHints":{"allow":["GET"]}}],"collection":[{"href":"https:\/\/pawz.rs\/en\/wp-json\/wp\/v2\/product"}],"about":[{"href":"https:\/\/pawz.rs\/en\/wp-json\/wp\/v2\/types\/product"}],"replies":[{"embeddable":true,"href":"https:\/\/pawz.rs\/en\/wp-json\/wp\/v2\/comments?post=30616"}],"wp:featuredmedia":[{"embeddable":true,"href":"https:\/\/pawz.rs\/en\/wp-json\/wp\/v2\/media\/30617"}],"wp:attachment":[{"href":"https:\/\/pawz.rs\/en\/wp-json\/wp\/v2\/media?parent=30616"}],"wp:term":[{"taxonomy":"pwb-brand","embeddable":true,"href":"https:\/\/pawz.rs\/en\/wp-json\/wp\/v2\/pwb-brand?post=30616"},{"taxonomy":"product_cat","embeddable":true,"href":"https:\/\/pawz.rs\/en\/wp-json\/wp\/v2\/product_cat?post=30616"},{"taxonomy":"product_tag","embeddable":true,"href":"https:\/\/pawz.rs\/en\/wp-json\/wp\/v2\/product_tag?post=30616"}],"curies":[{"name":"wp","href":"https:\/\/api.w.org\/{rel}","templated":true}]}}