{"id":30704,"date":"2024-09-21T15:32:52","date_gmt":"2024-09-21T13:32:52","guid":{"rendered":"https:\/\/pawz.rs\/?post_type=product&#038;p=30704"},"modified":"2026-04-08T09:10:52","modified_gmt":"2026-04-08T07:10:52","slug":"trixie-grebalica-wavy-plis-50x29x18-cm-braon","status":"publish","type":"product","link":"https:\/\/pawz.rs\/en\/trixie-grebalica-wavy-plis-50x29x18-cm-braon\/","title":{"rendered":"Trixie Grebalica Wavy Pli\u0161 50x29x18 cm Braon"},"content":{"rendered":"<p><strong>Trixie Grebalica Wavy Pli\u0161 50x29x18 cm Braon<\/strong><\/p>\n<ul>\n<li>Pli\u0161ane presvlake sa umetkom od sisala za o\u0161trenje kand\u017ee<\/li>\n<li>Procenjena zapremina (upakovana): 0,012 m3<\/li>\n<li>Procenjena te\u017eina (upakovano): 1,54 kg<\/li>\n<li>Boja &#8211; braon<\/li>\n<\/ul>\n<p>43267 drapak &#8220;Vavi&#8221; pli\u0161 (braon)50k29k18cm<\/p>\n<p>Proizvo\u0111a\u010d: TRIXIE Pet Products, Inc<br \/>\nZemlja Porekla: Nema\u010dka<\/p>\n\n    <div class=\"xs_social_share_widget xs_share_url after_content \t\tmain_content  wslu-style-1 wslu-share-box-shaped wslu-fill-colored wslu-none wslu-share-horizontal wslu-theme-font-no wslu-main_content\">\n\n\t\t\n        <ul>\n\t\t\t        <\/ul>\n    <\/div>","protected":false},"excerpt":{"rendered":"<p>Trixie Grebalica Wavy Pli\u0161 je igra\u010dka za ma\u010dke<\/p>","protected":false},"featured_media":30705,"comment_status":"open","ping_status":"closed","template":"","meta":{"_acf_changed":false},"pwb-brand":[465],"product_cat":[1525,23,765,767],"product_tag":[],"class_list":{"0":"post-30704","1":"product","2":"type-product","3":"status-publish","4":"has-post-thumbnail","6":"pwb-brand-trixie","7":"product_cat-grebalice-penjalice-za-macke","8":"product_cat-macke","9":"product_cat-oprema-za-macke","10":"product_cat-igracke-za-macke","12":"first","13":"outofstock","14":"taxable","15":"shipping-taxable","16":"purchasable","17":"product-type-simple"},"acf":[],"brands":[{"id":465,"name":"Trixie","slug":"trixie"}],"_links":{"self":[{"href":"https:\/\/pawz.rs\/en\/wp-json\/wp\/v2\/product\/30704","targetHints":{"allow":["GET"]}}],"collection":[{"href":"https:\/\/pawz.rs\/en\/wp-json\/wp\/v2\/product"}],"about":[{"href":"https:\/\/pawz.rs\/en\/wp-json\/wp\/v2\/types\/product"}],"replies":[{"embeddable":true,"href":"https:\/\/pawz.rs\/en\/wp-json\/wp\/v2\/comments?post=30704"}],"wp:featuredmedia":[{"embeddable":true,"href":"https:\/\/pawz.rs\/en\/wp-json\/wp\/v2\/media\/30705"}],"wp:attachment":[{"href":"https:\/\/pawz.rs\/en\/wp-json\/wp\/v2\/media?parent=30704"}],"wp:term":[{"taxonomy":"pwb-brand","embeddable":true,"href":"https:\/\/pawz.rs\/en\/wp-json\/wp\/v2\/pwb-brand?post=30704"},{"taxonomy":"product_cat","embeddable":true,"href":"https:\/\/pawz.rs\/en\/wp-json\/wp\/v2\/product_cat?post=30704"},{"taxonomy":"product_tag","embeddable":true,"href":"https:\/\/pawz.rs\/en\/wp-json\/wp\/v2\/product_tag?post=30704"}],"curies":[{"name":"wp","href":"https:\/\/api.w.org\/{rel}","templated":true}]}}