{"id":30775,"date":"2024-09-11T12:04:29","date_gmt":"2024-09-11T10:04:29","guid":{"rendered":"https:\/\/pawz.rs\/?post_type=product&#038;p=30775"},"modified":"2025-06-29T19:54:57","modified_gmt":"2025-06-29T17:54:57","slug":"trixie-sigurnosni-pojas-za-pse-sml","status":"publish","type":"product","link":"https:\/\/pawz.rs\/en\/trixie-sigurnosni-pojas-za-pse-sml\/","title":{"rendered":"Trixie Sigurnosni Pojas Za Pse (S,M,L)"},"content":{"rendered":"<p><strong>Trixie Sigurnosni Pojas Za Pse (S,M,L)<\/strong><\/p>\n<ul>\n<li>od tkanine<\/li>\n<li>za svakodnevne \u0161etnje<\/li>\n<li>podesive trake za vrat i stomak<\/li>\n<li>sa kompletno podesivim sigurnosnim pojasom(nije za sve tipove vozila, alternativne verzije dostupne su zasebno)<\/li>\n<li>Boja: crna<\/li>\n<\/ul>\n<p><strong>Napomena:<\/strong> Za kompletnu za\u0161titu od udesa, koristite ugradenu re\u0161etku koja odgovara va\u0161em tipu vozila. Vi\u0161e informacija mo\u017eete dobiti od proizvodaca automobila.<\/p>\n<p>Proizvo\u0111a\u010d: TRIXIE Pet Products, Inc<br \/>\nZemlja Porekla: Nema\u010dka<\/p>\n\n    <div class=\"xs_social_share_widget xs_share_url after_content \t\tmain_content  wslu-style-1 wslu-share-box-shaped wslu-fill-colored wslu-none wslu-share-horizontal wslu-theme-font-no wslu-main_content\">\n\n\t\t\n        <ul>\n\t\t\t        <\/ul>\n    <\/div>","protected":false},"excerpt":{"rendered":"<p>Trixie Sigurnosni Pojas Za Pse (S,M,L)<\/p>","protected":false},"featured_media":30771,"comment_status":"open","ping_status":"closed","template":"","meta":{"_acf_changed":false},"pwb-brand":[465],"product_cat":[203,763,23,47],"product_tag":[],"class_list":{"0":"post-30775","1":"product","2":"type-product","3":"status-publish","4":"has-post-thumbnail","6":"pwb-brand-trixie","7":"product_cat-oprema-za-setnju","8":"product_cat-krevetici-i-transporteri","9":"product_cat-macke","10":"product_cat-psi","12":"first","13":"instock","14":"taxable","15":"shipping-taxable","16":"purchasable","17":"product-type-variable","18":"has-default-attributes"},"acf":[],"brands":[{"id":465,"name":"Trixie","slug":"trixie"}],"_links":{"self":[{"href":"https:\/\/pawz.rs\/en\/wp-json\/wp\/v2\/product\/30775","targetHints":{"allow":["GET"]}}],"collection":[{"href":"https:\/\/pawz.rs\/en\/wp-json\/wp\/v2\/product"}],"about":[{"href":"https:\/\/pawz.rs\/en\/wp-json\/wp\/v2\/types\/product"}],"replies":[{"embeddable":true,"href":"https:\/\/pawz.rs\/en\/wp-json\/wp\/v2\/comments?post=30775"}],"wp:featuredmedia":[{"embeddable":true,"href":"https:\/\/pawz.rs\/en\/wp-json\/wp\/v2\/media\/30771"}],"wp:attachment":[{"href":"https:\/\/pawz.rs\/en\/wp-json\/wp\/v2\/media?parent=30775"}],"wp:term":[{"taxonomy":"pwb-brand","embeddable":true,"href":"https:\/\/pawz.rs\/en\/wp-json\/wp\/v2\/pwb-brand?post=30775"},{"taxonomy":"product_cat","embeddable":true,"href":"https:\/\/pawz.rs\/en\/wp-json\/wp\/v2\/product_cat?post=30775"},{"taxonomy":"product_tag","embeddable":true,"href":"https:\/\/pawz.rs\/en\/wp-json\/wp\/v2\/product_tag?post=30775"}],"curies":[{"name":"wp","href":"https:\/\/api.w.org\/{rel}","templated":true}]}}