{"id":30783,"date":"2024-09-11T12:04:31","date_gmt":"2024-09-11T10:04:31","guid":{"rendered":"https:\/\/pawz.rs\/?post_type=product&#038;p=30783"},"modified":"2025-06-29T19:54:51","modified_gmt":"2025-06-29T17:54:51","slug":"trixie-zastitne-sipke-za-auto-ravne-3-elementa","status":"publish","type":"product","link":"https:\/\/pawz.rs\/en\/trixie-zastitne-sipke-za-auto-ravne-3-elementa\/","title":{"rendered":"Trixie Za\u0161titne \u0160ipke Za Auto Ravne 3 Elementa"},"content":{"rendered":"<p><strong>Trixie Za\u0161titne \u0160ipke Za Auto Ravne 3 Elementa<\/strong><\/p>\n<ul>\n<li>teleskopski\u00a0prikljucak\u00a0izmedu\u00a0tovarnog\u00a0prostora\u00a0i\u00a0unutra\u0161njeg\u00a0krova\u00a0automobila<\/li>\n<li>potpuno\u00a0podesivo\u00a0po\u00a0\u0161irini\u00a0i\u00a0visini<\/li>\n<li>od\u00a0metala,\u00a0lakirano<\/li>\n<\/ul>\n<p><strong>Va\u017eno:<\/strong>Za\u00a0kompletnu\u00a0za\u0161titu\u00a0od\u00a0nezgoda\u00a0koristite\u00a0samo\u00a0sertifikovani\u00a0sigurnosni\u00a0pojas\u00a0za\u00a0automobil.<\/p>\n<p><strong>Dimenzije<\/strong>: \u0161irina:\u00a085\u2013140\u00a0cm\u00a0visina:\u00a075\u2013110\u00a0cm<\/p>\n<p>Proizvo\u0111a\u010d: TRIXIE Pet Products, Inc<br \/>\nZemlja Porekla: Nema\u010dka<\/p>\n\n    <div class=\"xs_social_share_widget xs_share_url after_content \t\tmain_content  wslu-style-1 wslu-share-box-shaped wslu-fill-colored wslu-none wslu-share-horizontal wslu-theme-font-no wslu-main_content\">\n\n\t\t\n        <ul>\n\t\t\t        <\/ul>\n    <\/div>","protected":false},"excerpt":{"rendered":"<p>Trixie Za\u0161titne \u0160ipke Za Auto Ravne 3 Elementa<\/p>","protected":false},"featured_media":30785,"comment_status":"open","ping_status":"closed","template":"","meta":{"_acf_changed":false},"pwb-brand":[465],"product_cat":[47,763,203],"product_tag":[],"class_list":{"0":"post-30783","1":"product","2":"type-product","3":"status-publish","4":"has-post-thumbnail","6":"pwb-brand-trixie","7":"product_cat-psi","8":"product_cat-krevetici-i-transporteri","9":"product_cat-oprema-za-setnju","11":"first","12":"instock","13":"taxable","14":"shipping-taxable","15":"purchasable","16":"product-type-simple"},"acf":[],"brands":[{"id":465,"name":"Trixie","slug":"trixie"}],"_links":{"self":[{"href":"https:\/\/pawz.rs\/en\/wp-json\/wp\/v2\/product\/30783","targetHints":{"allow":["GET"]}}],"collection":[{"href":"https:\/\/pawz.rs\/en\/wp-json\/wp\/v2\/product"}],"about":[{"href":"https:\/\/pawz.rs\/en\/wp-json\/wp\/v2\/types\/product"}],"replies":[{"embeddable":true,"href":"https:\/\/pawz.rs\/en\/wp-json\/wp\/v2\/comments?post=30783"}],"wp:featuredmedia":[{"embeddable":true,"href":"https:\/\/pawz.rs\/en\/wp-json\/wp\/v2\/media\/30785"}],"wp:attachment":[{"href":"https:\/\/pawz.rs\/en\/wp-json\/wp\/v2\/media?parent=30783"}],"wp:term":[{"taxonomy":"pwb-brand","embeddable":true,"href":"https:\/\/pawz.rs\/en\/wp-json\/wp\/v2\/pwb-brand?post=30783"},{"taxonomy":"product_cat","embeddable":true,"href":"https:\/\/pawz.rs\/en\/wp-json\/wp\/v2\/product_cat?post=30783"},{"taxonomy":"product_tag","embeddable":true,"href":"https:\/\/pawz.rs\/en\/wp-json\/wp\/v2\/product_tag?post=30783"}],"curies":[{"name":"wp","href":"https:\/\/api.w.org\/{rel}","templated":true}]}}