{"id":30786,"date":"2024-09-11T12:04:31","date_gmt":"2024-09-11T10:04:31","guid":{"rendered":"https:\/\/pawz.rs\/?post_type=product&#038;p=30786"},"modified":"2025-06-29T19:54:51","modified_gmt":"2025-06-29T17:54:51","slug":"trixie-zastitne-sipke-za-auto-povijene-2-elementa","status":"publish","type":"product","link":"https:\/\/pawz.rs\/en\/trixie-zastitne-sipke-za-auto-povijene-2-elementa\/","title":{"rendered":"Trixie Za\u0161titne \u0160ipke Za Auto Povijene 2 Elementa"},"content":{"rendered":"<p><strong>Trixie Za\u0161titne \u0160ipke Za Auto Povijene 2 Elementa<\/strong><\/p>\n<ul>\n<li>teleskopska stezaljka za pri\u010dvr\u0161\u0107ivanje izmedu tovarnog prostora i unutra\u0161Njeg krova automobila<\/li>\n<li>ugaone vertikalne \u0161ipke za kori\u0161cenje celog utovarnog prostora<\/li>\n<li>kompletno podesivo po \u0161irini i visini<\/li>\n<li>metal, lakirano<\/li>\n<\/ul>\n<p><strong>Va\u017eno:<\/strong> za za\u0161titu koristiti sertifikovani sigurnosni pojas za automobil.<\/p>\n<p>Proizvo\u0111a\u010d: TRIXIE Pet Products, Inc<br \/>\nZemlja Porekla: Nema\u010dka<\/p>\n\n    <div class=\"xs_social_share_widget xs_share_url after_content \t\tmain_content  wslu-style-1 wslu-share-box-shaped wslu-fill-colored wslu-none wslu-share-horizontal wslu-theme-font-no wslu-main_content\">\n\n\t\t\n        <ul>\n\t\t\t        <\/ul>\n    <\/div>","protected":false},"excerpt":{"rendered":"<p>Trixie Za\u0161titne \u0160ipke Za Auto Povijene 2 Elementa<\/p>","protected":false},"featured_media":30788,"comment_status":"open","ping_status":"closed","template":"","meta":{"_acf_changed":false},"pwb-brand":[465],"product_cat":[763,47],"product_tag":[],"class_list":{"0":"post-30786","1":"product","2":"type-product","3":"status-publish","4":"has-post-thumbnail","6":"pwb-brand-trixie","7":"product_cat-krevetici-i-transporteri","8":"product_cat-psi","10":"first","11":"instock","12":"taxable","13":"shipping-taxable","14":"purchasable","15":"product-type-simple"},"acf":[],"brands":[{"id":465,"name":"Trixie","slug":"trixie"}],"_links":{"self":[{"href":"https:\/\/pawz.rs\/en\/wp-json\/wp\/v2\/product\/30786","targetHints":{"allow":["GET"]}}],"collection":[{"href":"https:\/\/pawz.rs\/en\/wp-json\/wp\/v2\/product"}],"about":[{"href":"https:\/\/pawz.rs\/en\/wp-json\/wp\/v2\/types\/product"}],"replies":[{"embeddable":true,"href":"https:\/\/pawz.rs\/en\/wp-json\/wp\/v2\/comments?post=30786"}],"wp:featuredmedia":[{"embeddable":true,"href":"https:\/\/pawz.rs\/en\/wp-json\/wp\/v2\/media\/30788"}],"wp:attachment":[{"href":"https:\/\/pawz.rs\/en\/wp-json\/wp\/v2\/media?parent=30786"}],"wp:term":[{"taxonomy":"pwb-brand","embeddable":true,"href":"https:\/\/pawz.rs\/en\/wp-json\/wp\/v2\/pwb-brand?post=30786"},{"taxonomy":"product_cat","embeddable":true,"href":"https:\/\/pawz.rs\/en\/wp-json\/wp\/v2\/product_cat?post=30786"},{"taxonomy":"product_tag","embeddable":true,"href":"https:\/\/pawz.rs\/en\/wp-json\/wp\/v2\/product_tag?post=30786"}],"curies":[{"name":"wp","href":"https:\/\/api.w.org\/{rel}","templated":true}]}}