{"id":30789,"date":"2024-09-11T12:04:31","date_gmt":"2024-09-11T10:04:31","guid":{"rendered":"https:\/\/pawz.rs\/?post_type=product&#038;p=30789"},"modified":"2025-06-29T19:54:51","modified_gmt":"2025-06-29T17:54:51","slug":"trixie-zastita-gepeka-najlon-230x110x60","status":"publish","type":"product","link":"https:\/\/pawz.rs\/en\/trixie-zastita-gepeka-najlon-230x110x60\/","title":{"rendered":"Trixie Za\u0161tita Gepeka Najlon 230x110x60cm"},"content":{"rendered":"<p><strong>Trixie Za\u0161tita Gepeka Najlon 230x110x60cm<\/strong><\/p>\n<ul>\n<li>visoke strane \u0161tite unutra\u0161nju postavu cizme<\/li>\n<li>uklju\u010dujuci i trake sa kukicama i om\u010dama i najlonske kai\u0161eve za pri\u010dvr\u0161\u0107ivanje<\/li>\n<li>od poliestera<\/li>\n<\/ul>\n<p><strong>Va\u017eno:<\/strong> za za\u0161titu koristiti sertifikovani sigurni pojas za automobil.<\/p>\n<p>Proizvo\u0111a\u010d: TRIXIE Pet Products, Inc<br \/>\nZemlja Porekla: Nema\u010dka<\/p>\n\n    <div class=\"xs_social_share_widget xs_share_url after_content \t\tmain_content  wslu-style-1 wslu-share-box-shaped wslu-fill-colored wslu-none wslu-share-horizontal wslu-theme-font-no wslu-main_content\">\n\n\t\t\n        <ul>\n\t\t\t        <\/ul>\n    <\/div>","protected":false},"excerpt":{"rendered":"<p>Trixie Za\u0161tita Gepeka Najlon 230x110x60cm<\/p>","protected":false},"featured_media":30791,"comment_status":"open","ping_status":"closed","template":"","meta":{"_acf_changed":false},"pwb-brand":[465],"product_cat":[47,763],"product_tag":[],"class_list":{"0":"post-30789","1":"product","2":"type-product","3":"status-publish","4":"has-post-thumbnail","6":"pwb-brand-trixie","7":"product_cat-psi","8":"product_cat-krevetici-i-transporteri","10":"first","11":"instock","12":"taxable","13":"shipping-taxable","14":"purchasable","15":"product-type-simple"},"acf":[],"brands":[{"id":465,"name":"Trixie","slug":"trixie"}],"_links":{"self":[{"href":"https:\/\/pawz.rs\/en\/wp-json\/wp\/v2\/product\/30789","targetHints":{"allow":["GET"]}}],"collection":[{"href":"https:\/\/pawz.rs\/en\/wp-json\/wp\/v2\/product"}],"about":[{"href":"https:\/\/pawz.rs\/en\/wp-json\/wp\/v2\/types\/product"}],"replies":[{"embeddable":true,"href":"https:\/\/pawz.rs\/en\/wp-json\/wp\/v2\/comments?post=30789"}],"wp:featuredmedia":[{"embeddable":true,"href":"https:\/\/pawz.rs\/en\/wp-json\/wp\/v2\/media\/30791"}],"wp:attachment":[{"href":"https:\/\/pawz.rs\/en\/wp-json\/wp\/v2\/media?parent=30789"}],"wp:term":[{"taxonomy":"pwb-brand","embeddable":true,"href":"https:\/\/pawz.rs\/en\/wp-json\/wp\/v2\/pwb-brand?post=30789"},{"taxonomy":"product_cat","embeddable":true,"href":"https:\/\/pawz.rs\/en\/wp-json\/wp\/v2\/product_cat?post=30789"},{"taxonomy":"product_tag","embeddable":true,"href":"https:\/\/pawz.rs\/en\/wp-json\/wp\/v2\/product_tag?post=30789"}],"curies":[{"name":"wp","href":"https:\/\/api.w.org\/{rel}","templated":true}]}}