{"id":30798,"date":"2024-09-11T12:04:34","date_gmt":"2024-09-11T10:04:34","guid":{"rendered":"https:\/\/pawz.rs\/?post_type=product&#038;p=30798"},"modified":"2025-06-29T19:54:51","modified_gmt":"2025-06-29T17:54:51","slug":"trixie-tasna-za-oko-struka-62x125cm","status":"publish","type":"product","link":"https:\/\/pawz.rs\/en\/trixie-tasna-za-oko-struka-62x125cm\/","title":{"rendered":"Trixie Ta\u0161na\/Torbica za Oko Struka 62x125cm"},"content":{"rendered":"<p><strong>Trixie Ta\u0161na Za Oko Struka 62x125cm<\/strong><\/p>\n<ul>\n<li>razne pregrade (unutra\u0161nje i spolja) omogu\u0107avaju odvojeno skladi\u0161tenje raznih pribora<\/li>\n<li>vodootporni patent zatvara\u010di<\/li>\n<li>bocni d\u017eep sa brzim pristupom, idealan za poslastice<\/li>\n<li>sa karabinom za pri\u010dvr\u0161\u0107ivanje zvi\u017edaljke za pse ili klikera<\/li>\n<li>glavna torba: 24 &amp;puta; 13 \u00d7 6 cm, bocni d\u017eepovi svaki: 11 &amp;puta; 12 \u00d7 6 cm<\/li>\n<li>integrisani dozator kesa za pse<\/li>\n<li>sa reflektuju\u0107im elementima<\/li>\n<li>najlon\/poliester<\/li>\n<\/ul>\n<p>Proizvo\u0111a\u010d: TRIXIE Pet Products, Inc<br \/>\nZemlja Porekla: Nema\u010dka<\/p>\n\n    <div class=\"xs_social_share_widget xs_share_url after_content \t\tmain_content  wslu-style-1 wslu-share-box-shaped wslu-fill-colored wslu-none wslu-share-horizontal wslu-theme-font-no wslu-main_content\">\n\n\t\t\n        <ul>\n\t\t\t        <\/ul>\n    <\/div>","protected":false},"excerpt":{"rendered":"<p>Trixie Ta\u0161na Za Oko Struka 62x125cm<\/p>","protected":false},"featured_media":30800,"comment_status":"open","ping_status":"closed","template":"","meta":{"_acf_changed":false},"pwb-brand":[465],"product_cat":[203,47],"product_tag":[],"class_list":{"0":"post-30798","1":"product","2":"type-product","3":"status-publish","4":"has-post-thumbnail","6":"pwb-brand-trixie","7":"product_cat-oprema-za-setnju","8":"product_cat-psi","10":"first","11":"instock","12":"taxable","13":"shipping-taxable","14":"purchasable","15":"product-type-simple"},"acf":[],"brands":[{"id":465,"name":"Trixie","slug":"trixie"}],"_links":{"self":[{"href":"https:\/\/pawz.rs\/en\/wp-json\/wp\/v2\/product\/30798","targetHints":{"allow":["GET"]}}],"collection":[{"href":"https:\/\/pawz.rs\/en\/wp-json\/wp\/v2\/product"}],"about":[{"href":"https:\/\/pawz.rs\/en\/wp-json\/wp\/v2\/types\/product"}],"replies":[{"embeddable":true,"href":"https:\/\/pawz.rs\/en\/wp-json\/wp\/v2\/comments?post=30798"}],"wp:featuredmedia":[{"embeddable":true,"href":"https:\/\/pawz.rs\/en\/wp-json\/wp\/v2\/media\/30800"}],"wp:attachment":[{"href":"https:\/\/pawz.rs\/en\/wp-json\/wp\/v2\/media?parent=30798"}],"wp:term":[{"taxonomy":"pwb-brand","embeddable":true,"href":"https:\/\/pawz.rs\/en\/wp-json\/wp\/v2\/pwb-brand?post=30798"},{"taxonomy":"product_cat","embeddable":true,"href":"https:\/\/pawz.rs\/en\/wp-json\/wp\/v2\/product_cat?post=30798"},{"taxonomy":"product_tag","embeddable":true,"href":"https:\/\/pawz.rs\/en\/wp-json\/wp\/v2\/product_tag?post=30798"}],"curies":[{"name":"wp","href":"https:\/\/api.w.org\/{rel}","templated":true}]}}