{"id":30807,"date":"2024-09-11T12:04:34","date_gmt":"2024-09-11T10:04:34","guid":{"rendered":"https:\/\/pawz.rs\/?post_type=product&#038;p=30807"},"modified":"2025-06-29T19:54:51","modified_gmt":"2025-06-29T17:54:51","slug":"trixie-car-cooler-granicnik-za-gepek","status":"publish","type":"product","link":"https:\/\/pawz.rs\/en\/trixie-car-cooler-granicnik-za-gepek\/","title":{"rendered":"Trixie Car Cooler Grani\u010dnik Za Gepek"},"content":{"rendered":"<p><strong>Trixie Car Cooler Grani\u010dnik Za Gepek<\/strong><\/p>\n<ul>\n<li>pu\u0161ta sve\u017e vazduh u automobil<\/li>\n<li>pri\u010dvr\u0161\u0107uje na poklopac prtlja\u017enika<\/li>\n<li>galvanizovani metal<\/li>\n<\/ul>\n<p><strong>Napomena:<\/strong> automobili se mogu znatno zagrejati za kratko vreme cak i pri maloj suncevoj svetlosti, cak i na umerenim spoljnimtemperaturama. Takode treba voditi racuna kada su prozori i\/ili poklopac prtlja\u017enika otvoreni. Da bi se obezbedila cirkulacija vazduha, potrebno je otvoriti automobil na najmanje dva mesta, npr. uz pomoc dve re\u0161etke sve\u017eeg vazduha u kombinaciji sa hladnjakom automobila. Pored toga, pronadite mesto za parkiranje koje je u hladu, obezbedite svom psu sve\u017eu vodu i ostavite ga na miru samo nekoliko minuta.<\/p>\n<p>Proizvo\u0111a\u010d: TRIXIE Pet Products, Inc<br \/>\nZemlja Porekla: Nema\u010dka<\/p>\n\n    <div class=\"xs_social_share_widget xs_share_url after_content \t\tmain_content  wslu-style-1 wslu-share-box-shaped wslu-fill-colored wslu-none wslu-share-horizontal wslu-theme-font-no wslu-main_content\">\n\n\t\t\n        <ul>\n\t\t\t        <\/ul>\n    <\/div>","protected":false},"excerpt":{"rendered":"<p>Trixie Car Cooler Grani\u010dnik Za Gepek pu\u0161ta sve\u017e vazduh u automobil pri\u010dvr\u0161\u0107uje na poklopac prtlja\u017enika galvanizovani metal Napomena: automobili se mogu znatno zagrejati za kratko vreme cak i pri maloj suncevoj svetlosti, cak i na umerenim spoljnimtemperaturama. Takode treba voditi racuna kada su prozori i\/ili poklopac prtlja\u017enika otvoreni. Da bi se obezbedila cirkulacija vazduha, potrebno [&hellip;]<\/p>\n","protected":false},"featured_media":30809,"comment_status":"open","ping_status":"closed","template":"","meta":{"_acf_changed":false},"pwb-brand":[465],"product_cat":[763,47],"product_tag":[],"class_list":{"0":"post-30807","1":"product","2":"type-product","3":"status-publish","4":"has-post-thumbnail","6":"pwb-brand-trixie","7":"product_cat-krevetici-i-transporteri","8":"product_cat-psi","10":"first","11":"instock","12":"taxable","13":"shipping-taxable","14":"purchasable","15":"product-type-simple"},"acf":[],"brands":[{"id":465,"name":"Trixie","slug":"trixie"}],"_links":{"self":[{"href":"https:\/\/pawz.rs\/en\/wp-json\/wp\/v2\/product\/30807","targetHints":{"allow":["GET"]}}],"collection":[{"href":"https:\/\/pawz.rs\/en\/wp-json\/wp\/v2\/product"}],"about":[{"href":"https:\/\/pawz.rs\/en\/wp-json\/wp\/v2\/types\/product"}],"replies":[{"embeddable":true,"href":"https:\/\/pawz.rs\/en\/wp-json\/wp\/v2\/comments?post=30807"}],"wp:featuredmedia":[{"embeddable":true,"href":"https:\/\/pawz.rs\/en\/wp-json\/wp\/v2\/media\/30809"}],"wp:attachment":[{"href":"https:\/\/pawz.rs\/en\/wp-json\/wp\/v2\/media?parent=30807"}],"wp:term":[{"taxonomy":"pwb-brand","embeddable":true,"href":"https:\/\/pawz.rs\/en\/wp-json\/wp\/v2\/pwb-brand?post=30807"},{"taxonomy":"product_cat","embeddable":true,"href":"https:\/\/pawz.rs\/en\/wp-json\/wp\/v2\/product_cat?post=30807"},{"taxonomy":"product_tag","embeddable":true,"href":"https:\/\/pawz.rs\/en\/wp-json\/wp\/v2\/product_tag?post=30807"}],"curies":[{"name":"wp","href":"https:\/\/api.w.org\/{rel}","templated":true}]}}