{"id":30840,"date":"2024-09-11T12:04:42","date_gmt":"2024-09-11T10:04:42","guid":{"rendered":"https:\/\/pawz.rs\/?post_type=product&#038;p=30840"},"modified":"2025-06-29T19:54:51","modified_gmt":"2025-06-29T17:54:51","slug":"trixie-korpa-za-bicikl-sa-zastitnom-mrezom-35x49x55cm-bela","status":"publish","type":"product","link":"https:\/\/pawz.rs\/en\/trixie-korpa-za-bicikl-sa-zastitnom-mrezom-35x49x55cm-bela\/","title":{"rendered":"Trixie Korpa Za Bicikl Sa Za\u0161titnom Mre\u017eom 35x49x55cm Bela"},"content":{"rendered":"<p><strong>Trixie Korpa Za Bicikl Sa Za\u0161titnom Mre\u017eom 35X49X55cm Bela<\/strong><\/p>\n<ul>\n<li>za nosace za bicikle \u0161irine 10,5\u201314,5 cm<\/li>\n<li>sa re\u0161etkom, pra\u0161kasti premaz<\/li>\n<li>sa velur jastukom, sivi<\/li>\n<li>jastuk : pere se ru\u010dno<\/li>\n<li>vrba<\/li>\n<li>Boja: bela<\/li>\n<\/ul>\n<p>Proizvo\u0111a\u010d: TRIXIE Pet Products, Inc<br \/>\nZemlja Porekla: Nema\u010dka<\/p>\n\n    <div class=\"xs_social_share_widget xs_share_url after_content \t\tmain_content  wslu-style-1 wslu-share-box-shaped wslu-fill-colored wslu-none wslu-share-horizontal wslu-theme-font-no wslu-main_content\">\n\n\t\t\n        <ul>\n\t\t\t        <\/ul>\n    <\/div>","protected":false},"excerpt":{"rendered":"<p>Trixie Korpa Za Bicikl Sa Za\u0161titnom Mre\u017eom 35X49X55cm Bela za nosace za bicikle \u0161irine 10,5\u201314,5 cm sa re\u0161etkom, pra\u0161kasti premaz sa velur jastukom, sivi jastuk : pere se ru\u010dno vrba Boja: bela Proizvo\u0111a\u010d: TRIXIE Pet Products, Inc Zemlja Porekla: Nema\u010dka<\/p>","protected":false},"featured_media":30842,"comment_status":"open","ping_status":"closed","template":"","meta":{"_acf_changed":false},"pwb-brand":[465],"product_cat":[47,23,763,203],"product_tag":[],"class_list":{"0":"post-30840","1":"product","2":"type-product","3":"status-publish","4":"has-post-thumbnail","6":"pwb-brand-trixie","7":"product_cat-psi","8":"product_cat-macke","9":"product_cat-krevetici-i-transporteri","10":"product_cat-oprema-za-setnju","12":"first","13":"instock","14":"taxable","15":"shipping-taxable","16":"purchasable","17":"product-type-simple"},"acf":[],"brands":[{"id":465,"name":"Trixie","slug":"trixie"}],"_links":{"self":[{"href":"https:\/\/pawz.rs\/en\/wp-json\/wp\/v2\/product\/30840","targetHints":{"allow":["GET"]}}],"collection":[{"href":"https:\/\/pawz.rs\/en\/wp-json\/wp\/v2\/product"}],"about":[{"href":"https:\/\/pawz.rs\/en\/wp-json\/wp\/v2\/types\/product"}],"replies":[{"embeddable":true,"href":"https:\/\/pawz.rs\/en\/wp-json\/wp\/v2\/comments?post=30840"}],"wp:featuredmedia":[{"embeddable":true,"href":"https:\/\/pawz.rs\/en\/wp-json\/wp\/v2\/media\/30842"}],"wp:attachment":[{"href":"https:\/\/pawz.rs\/en\/wp-json\/wp\/v2\/media?parent=30840"}],"wp:term":[{"taxonomy":"pwb-brand","embeddable":true,"href":"https:\/\/pawz.rs\/en\/wp-json\/wp\/v2\/pwb-brand?post=30840"},{"taxonomy":"product_cat","embeddable":true,"href":"https:\/\/pawz.rs\/en\/wp-json\/wp\/v2\/product_cat?post=30840"},{"taxonomy":"product_tag","embeddable":true,"href":"https:\/\/pawz.rs\/en\/wp-json\/wp\/v2\/product_tag?post=30840"}],"curies":[{"name":"wp","href":"https:\/\/api.w.org\/{rel}","templated":true}]}}