{"id":30855,"date":"2024-09-11T12:04:45","date_gmt":"2024-09-11T10:04:45","guid":{"rendered":"https:\/\/pawz.rs\/?post_type=product&#038;p=30855"},"modified":"2025-06-29T19:54:51","modified_gmt":"2025-06-29T17:54:51","slug":"trixie-korpa-za-bicikl-eva-29x42x48cm","status":"publish","type":"product","link":"https:\/\/pawz.rs\/en\/trixie-korpa-za-bicikl-eva-29x42x48cm\/","title":{"rendered":"Trixie Korpa Za Bicikl Eva 29x42x48cm"},"content":{"rendered":"<p><strong>Trixie Korpa Za Bicikl Eva 29x42x48cm<\/strong><\/p>\n<ul>\n<li>\u010dvrsti metalni ram za be\u017ebedno preno\u0161enje kucnog ljubimca na nosacu za bicikle (\u0161irina 6\u201316 cm)<\/li>\n<li>korpa se mo\u017ee odvojiti od rama zahvaljuju\u0107i kop\u010dama<\/li>\n<li>sa mre\u017eom<\/li>\n<li>sa integrisanim kratkim povo\u0107em<\/li>\n<li>reflektuju\u0107im elementima<\/li>\n<li>sa postavljenom bazom koja se mo\u017ee skinuti (pli\u0161anim poklopcem)<\/li>\n<li>EVA koja zadr\u017eava oblik<\/li>\n<li>Boja: crna<\/li>\n<li>u skladu sa Odeljkom o dobrobiti \u017eivotinja 18 (AT)<\/li>\n<\/ul>\n<p>Proizvo\u0111a\u010d: TRIXIE Pet Products, Inc<br \/>\nZemlja Porekla: Nema\u010dka<\/p>\n\n    <div class=\"xs_social_share_widget xs_share_url after_content \t\tmain_content  wslu-style-1 wslu-share-box-shaped wslu-fill-colored wslu-none wslu-share-horizontal wslu-theme-font-no wslu-main_content\">\n\n\t\t\n        <ul>\n\t\t\t        <\/ul>\n    <\/div>","protected":false},"excerpt":{"rendered":"<p>Trixie Korpa Za Bicikl Eva 29x42x48cm<\/p>","protected":false},"featured_media":30857,"comment_status":"open","ping_status":"closed","template":"","meta":{"_acf_changed":false},"pwb-brand":[465],"product_cat":[203,47,763],"product_tag":[],"class_list":{"0":"post-30855","1":"product","2":"type-product","3":"status-publish","4":"has-post-thumbnail","6":"pwb-brand-trixie","7":"product_cat-oprema-za-setnju","8":"product_cat-psi","9":"product_cat-krevetici-i-transporteri","11":"first","12":"instock","13":"taxable","14":"shipping-taxable","15":"purchasable","16":"product-type-simple"},"acf":[],"brands":[{"id":465,"name":"Trixie","slug":"trixie"}],"_links":{"self":[{"href":"https:\/\/pawz.rs\/en\/wp-json\/wp\/v2\/product\/30855","targetHints":{"allow":["GET"]}}],"collection":[{"href":"https:\/\/pawz.rs\/en\/wp-json\/wp\/v2\/product"}],"about":[{"href":"https:\/\/pawz.rs\/en\/wp-json\/wp\/v2\/types\/product"}],"replies":[{"embeddable":true,"href":"https:\/\/pawz.rs\/en\/wp-json\/wp\/v2\/comments?post=30855"}],"wp:featuredmedia":[{"embeddable":true,"href":"https:\/\/pawz.rs\/en\/wp-json\/wp\/v2\/media\/30857"}],"wp:attachment":[{"href":"https:\/\/pawz.rs\/en\/wp-json\/wp\/v2\/media?parent=30855"}],"wp:term":[{"taxonomy":"pwb-brand","embeddable":true,"href":"https:\/\/pawz.rs\/en\/wp-json\/wp\/v2\/pwb-brand?post=30855"},{"taxonomy":"product_cat","embeddable":true,"href":"https:\/\/pawz.rs\/en\/wp-json\/wp\/v2\/product_cat?post=30855"},{"taxonomy":"product_tag","embeddable":true,"href":"https:\/\/pawz.rs\/en\/wp-json\/wp\/v2\/product_tag?post=30855"}],"curies":[{"name":"wp","href":"https:\/\/api.w.org\/{rel}","templated":true}]}}