{"id":30881,"date":"2024-09-24T18:41:06","date_gmt":"2024-09-24T16:41:06","guid":{"rendered":"https:\/\/pawz.rs\/?post_type=product&#038;p=30881"},"modified":"2025-06-29T19:54:00","modified_gmt":"2025-06-29T17:54:00","slug":"trixie-prekrivac-za-sediste-sa-podstranicama","status":"publish","type":"product","link":"https:\/\/pawz.rs\/en\/trixie-prekrivac-za-sediste-sa-podstranicama\/","title":{"rendered":"Trixie Prekriva\u010d Za Sedi\u0161te Sa Podstranicama"},"content":{"rendered":"<p><strong>Trixie Prekriva\u010d Za Sedi\u0161te Sa Podstranicama<\/strong><\/p>\n<ul>\n<li>za zadnje sedi\u0161te<\/li>\n<li>prevlaka protiv klizanja nudi vi\u0161e prianjanja za psa<\/li>\n<li>ekstra visoke strane spre\u010davaju psa da iskoci i \u0161titi unutra\u0161nja vrata&lt;\/ li&gt;<\/li>\n<li>bocni delovi mogu da se preklope za penjanje napolje zahvaljuju\u0107i dva patent zatvara\u010da; na taj na\u010din su presvlake i unutra\u0161nja obloga za\u0161ticeni<\/li>\n<li>sa sklopivim delom, mestom za osobu na zadnjem sedi\u0161tu<\/li>\n<li>stabilan oblik zbog mogucnosti ugradnje metalnih podupiraca<\/li>\n<li>Prorezi za kai\u0161eve omogu\u0107avaju zakop\u010davanje psa<\/li>\n<li>od poliestera<\/li>\n<\/ul>\n<p><strong>Va\u017eno:<\/strong> za za\u0161titu koristiti sertifikovani sigurnosni pojas za automobil.<\/p>\n<p>Proizvo\u0111a\u010d: TRIXIE Pet Products, Inc<br \/>\nZemlja Porekla: Nema\u010dka<\/p>\n\n    <div class=\"xs_social_share_widget xs_share_url after_content \t\tmain_content  wslu-style-1 wslu-share-box-shaped wslu-fill-colored wslu-none wslu-share-horizontal wslu-theme-font-no wslu-main_content\">\n\n\t\t\n        <ul>\n\t\t\t        <\/ul>\n    <\/div>","protected":false},"excerpt":{"rendered":"<p>Trixie Prekriva\u010d Za Sedi\u0161te Sa Podstranicama namenjena za zadnje sedi\u0161te da se psi ne bi klizali<\/p>","protected":false},"featured_media":30883,"comment_status":"open","ping_status":"closed","template":"","meta":{"_acf_changed":false},"pwb-brand":[465],"product_cat":[202,47],"product_tag":[],"class_list":{"0":"post-30881","1":"product","2":"type-product","3":"status-publish","4":"has-post-thumbnail","6":"pwb-brand-trixie","7":"product_cat-oprema-za-pse","8":"product_cat-psi","10":"first","11":"instock","12":"taxable","13":"shipping-taxable","14":"purchasable","15":"product-type-simple"},"acf":[],"brands":[{"id":465,"name":"Trixie","slug":"trixie"}],"_links":{"self":[{"href":"https:\/\/pawz.rs\/en\/wp-json\/wp\/v2\/product\/30881","targetHints":{"allow":["GET"]}}],"collection":[{"href":"https:\/\/pawz.rs\/en\/wp-json\/wp\/v2\/product"}],"about":[{"href":"https:\/\/pawz.rs\/en\/wp-json\/wp\/v2\/types\/product"}],"replies":[{"embeddable":true,"href":"https:\/\/pawz.rs\/en\/wp-json\/wp\/v2\/comments?post=30881"}],"wp:featuredmedia":[{"embeddable":true,"href":"https:\/\/pawz.rs\/en\/wp-json\/wp\/v2\/media\/30883"}],"wp:attachment":[{"href":"https:\/\/pawz.rs\/en\/wp-json\/wp\/v2\/media?parent=30881"}],"wp:term":[{"taxonomy":"pwb-brand","embeddable":true,"href":"https:\/\/pawz.rs\/en\/wp-json\/wp\/v2\/pwb-brand?post=30881"},{"taxonomy":"product_cat","embeddable":true,"href":"https:\/\/pawz.rs\/en\/wp-json\/wp\/v2\/product_cat?post=30881"},{"taxonomy":"product_tag","embeddable":true,"href":"https:\/\/pawz.rs\/en\/wp-json\/wp\/v2\/product_tag?post=30881"}],"curies":[{"name":"wp","href":"https:\/\/api.w.org\/{rel}","templated":true}]}}