{"id":30902,"date":"2024-09-25T18:02:30","date_gmt":"2024-09-25T16:02:30","guid":{"rendered":"https:\/\/pawz.rs\/?post_type=product&#038;p=30902"},"modified":"2025-06-29T19:54:00","modified_gmt":"2025-06-29T17:54:00","slug":"trixie-set-za-bicikl-za-kacenje-m-xl","status":"publish","type":"product","link":"https:\/\/pawz.rs\/en\/trixie-set-za-bicikl-za-kacenje-m-xl\/","title":{"rendered":"Trixie Set Za Bicikl Za Ka\u010denje M-Xl"},"content":{"rendered":"<p><strong>Trixie Set Za Bicikl Za Ka\u010denje M-Xl<\/strong><\/p>\n<ul>\n<li>za kori\u0161cenje biciklistickog kompleta na 2. biciklu<\/li>\n<li>Artikal 12860-10 u T-obliku za dvostrano kori\u0161cenje<\/li>\n<\/ul>\n<p>Proizvo\u0111a\u010d: TRIXIE Pet Products, Inc<br \/>\nZemlja Porekla: Nema\u010dka<\/p>\n\n    <div class=\"xs_social_share_widget xs_share_url after_content \t\tmain_content  wslu-style-1 wslu-share-box-shaped wslu-fill-colored wslu-none wslu-share-horizontal wslu-theme-font-no wslu-main_content\">\n\n\t\t\n        <ul>\n\t\t\t        <\/ul>\n    <\/div>","protected":false},"excerpt":{"rendered":"<p>Trixie Set Za Bicikl Za Ka\u010denje M-Xl za kori\u0161cenje biciklistickog kompleta na 2. biciklu Artikal 12860-10 u T-obliku za dvostrano kori\u0161cenje Proizvo\u0111a\u010d: TRIXIE Pet Products, Inc Zemlja Porekla: Nema\u010dka<\/p>","protected":false},"featured_media":30904,"comment_status":"open","ping_status":"closed","template":"","meta":{"_acf_changed":false},"pwb-brand":[465],"product_cat":[202,203,47],"product_tag":[],"class_list":{"0":"post-30902","1":"product","2":"type-product","3":"status-publish","4":"has-post-thumbnail","6":"pwb-brand-trixie","7":"product_cat-oprema-za-pse","8":"product_cat-oprema-za-setnju","9":"product_cat-psi","11":"first","12":"instock","13":"taxable","14":"shipping-taxable","15":"purchasable","16":"product-type-simple"},"acf":[],"brands":[{"id":465,"name":"Trixie","slug":"trixie"}],"_links":{"self":[{"href":"https:\/\/pawz.rs\/en\/wp-json\/wp\/v2\/product\/30902","targetHints":{"allow":["GET"]}}],"collection":[{"href":"https:\/\/pawz.rs\/en\/wp-json\/wp\/v2\/product"}],"about":[{"href":"https:\/\/pawz.rs\/en\/wp-json\/wp\/v2\/types\/product"}],"replies":[{"embeddable":true,"href":"https:\/\/pawz.rs\/en\/wp-json\/wp\/v2\/comments?post=30902"}],"wp:featuredmedia":[{"embeddable":true,"href":"https:\/\/pawz.rs\/en\/wp-json\/wp\/v2\/media\/30904"}],"wp:attachment":[{"href":"https:\/\/pawz.rs\/en\/wp-json\/wp\/v2\/media?parent=30902"}],"wp:term":[{"taxonomy":"pwb-brand","embeddable":true,"href":"https:\/\/pawz.rs\/en\/wp-json\/wp\/v2\/pwb-brand?post=30902"},{"taxonomy":"product_cat","embeddable":true,"href":"https:\/\/pawz.rs\/en\/wp-json\/wp\/v2\/product_cat?post=30902"},{"taxonomy":"product_tag","embeddable":true,"href":"https:\/\/pawz.rs\/en\/wp-json\/wp\/v2\/product_tag?post=30902"}],"curies":[{"name":"wp","href":"https:\/\/api.w.org\/{rel}","templated":true}]}}