{"id":30914,"date":"2024-09-25T16:02:43","date_gmt":"2024-09-25T14:02:43","guid":{"rendered":"https:\/\/pawz.rs\/?post_type=product&#038;p=30914"},"modified":"2025-06-29T19:54:00","modified_gmt":"2025-06-29T17:54:00","slug":"trixie-zastitne-sipke-za-gepek-96-163cm-34-48cm","status":"publish","type":"product","link":"https:\/\/pawz.rs\/en\/trixie-zastitne-sipke-za-gepek-96-163cm-34-48cm\/","title":{"rendered":"Trixie Za\u0161titne \u0160ipke Za Gepek 96-163cm\/34-48cm"},"content":{"rendered":"<p><strong>Trixie Za\u0161titne \u0160ipke Za Gepek 96-163cm\/34-48cm<\/strong><\/p>\n<p>Danas\u00a0vlasnici\u00a0pasa\u00a0imaju\u00a0priliku\u00a0da\u00a0biraju\u00a0izmedu\u00a0ogromnog\u00a0asortimana\u00a0proizvoda\u00a0dizajniranih\u00a0da\u00a0u\u010dine\u00a0udobno\u00a0dr\u017eanje\u00a0svog\u00a0ljubimca.<br \/>\nDakle, pitanje kvaliteta dolazi u prvi plan.<br \/>\nPregrada\u00a0za\u00a0prtlja\u017enik\u00a0automobila\u00a0je\u00a0proizvod\u00a0odli\u010dnih\u00a0karakteristika\u00a0i\u00a0atraktivne\u00a0cene.<\/p>\n<p>Proizvo\u0111a\u010d: TRIXIE Pet Products, Inc<br \/>\nZemlja Porekla: Nema\u010dka<\/p>\n\n    <div class=\"xs_social_share_widget xs_share_url after_content \t\tmain_content  wslu-style-1 wslu-share-box-shaped wslu-fill-colored wslu-none wslu-share-horizontal wslu-theme-font-no wslu-main_content\">\n\n\t\t\n        <ul>\n\t\t\t        <\/ul>\n    <\/div>","protected":false},"excerpt":{"rendered":"<p>Trixie Za\u0161titne \u0160ipke Za Gepek 96-163cm\/34-48cm Danas\u00a0vlasnici\u00a0pasa\u00a0imaju\u00a0priliku\u00a0da\u00a0biraju\u00a0izmedu\u00a0ogromnog\u00a0asortimana\u00a0proizvoda\u00a0dizajniranih\u00a0da\u00a0u\u010dine\u00a0udobno\u00a0dr\u017eanje\u00a0svog\u00a0ljubimca. Dakle, pitanje kvaliteta dolazi u prvi plan. Pregrada\u00a0za\u00a0prtlja\u017enik\u00a0automobila\u00a0je\u00a0proizvod\u00a0odli\u010dnih\u00a0karakteristika\u00a0i\u00a0atraktivne\u00a0cene. Proizvo\u0111a\u010d: TRIXIE Pet Products, Inc Zemlja Porekla: Nema\u010dka<\/p>","protected":false},"featured_media":30916,"comment_status":"open","ping_status":"closed","template":"","meta":{"_acf_changed":false},"pwb-brand":[465],"product_cat":[47,202],"product_tag":[],"class_list":{"0":"post-30914","1":"product","2":"type-product","3":"status-publish","4":"has-post-thumbnail","6":"pwb-brand-trixie","7":"product_cat-psi","8":"product_cat-oprema-za-pse","10":"first","11":"instock","12":"taxable","13":"shipping-taxable","14":"purchasable","15":"product-type-simple"},"acf":[],"brands":[{"id":465,"name":"Trixie","slug":"trixie"}],"_links":{"self":[{"href":"https:\/\/pawz.rs\/en\/wp-json\/wp\/v2\/product\/30914","targetHints":{"allow":["GET"]}}],"collection":[{"href":"https:\/\/pawz.rs\/en\/wp-json\/wp\/v2\/product"}],"about":[{"href":"https:\/\/pawz.rs\/en\/wp-json\/wp\/v2\/types\/product"}],"replies":[{"embeddable":true,"href":"https:\/\/pawz.rs\/en\/wp-json\/wp\/v2\/comments?post=30914"}],"wp:featuredmedia":[{"embeddable":true,"href":"https:\/\/pawz.rs\/en\/wp-json\/wp\/v2\/media\/30916"}],"wp:attachment":[{"href":"https:\/\/pawz.rs\/en\/wp-json\/wp\/v2\/media?parent=30914"}],"wp:term":[{"taxonomy":"pwb-brand","embeddable":true,"href":"https:\/\/pawz.rs\/en\/wp-json\/wp\/v2\/pwb-brand?post=30914"},{"taxonomy":"product_cat","embeddable":true,"href":"https:\/\/pawz.rs\/en\/wp-json\/wp\/v2\/product_cat?post=30914"},{"taxonomy":"product_tag","embeddable":true,"href":"https:\/\/pawz.rs\/en\/wp-json\/wp\/v2\/product_tag?post=30914"}],"curies":[{"name":"wp","href":"https:\/\/api.w.org\/{rel}","templated":true}]}}