{"id":30917,"date":"2024-09-25T16:28:09","date_gmt":"2024-09-25T14:28:09","guid":{"rendered":"https:\/\/pawz.rs\/?post_type=product&#038;p=30917"},"modified":"2025-07-15T11:09:41","modified_gmt":"2025-07-15T09:09:41","slug":"trixie-univerzalna-aluminijumska-vrata-za-auto-94-114x69x53cm","status":"publish","type":"product","link":"https:\/\/pawz.rs\/en\/trixie-univerzalna-aluminijumska-vrata-za-auto-94-114x69x53cm\/","title":{"rendered":"Trixie Univerzalna Aluminijumska Vrata Za Auto 94-114x69x53cm"},"content":{"rendered":"<p><strong>Trixie Univerzalna Aluminijumska Vrata Za Auto 94-114x69x53cm<\/strong><\/p>\n<ul>\n<li>za postavljanje iza poklopca prtlja\u017enika<\/li>\n<li>pogodno za skoro sve tipove automobila<\/li>\n<li>podesiva \u0161irina zahvaljuju\u0107i podesivim bocnim delovima<\/li>\n<li>podesiv ugao mre\u017ee<\/li>\n<li>upotreba celog prtlja\u017enika kao le\u017ei\u0161ta<\/li>\n<li>jednostavno preklopite za kori\u0161cenje prtlja\u017enika automobila<\/li>\n<li>za prelazak preko praga za utovar, vrata se mogu montirati na dva nivoa<\/li>\n<li>sa dr\u017ea\u010dem za pri\u010dvr\u0161\u0107ivanje katanca<\/li>\n<li>sa neklizaju\u0107im le\u017eanjem prostirka: perivo u ma\u0161ini do 30 \u00b0C<\/li>\n<li>osnovna ploca sa kop\u010dom<\/li>\n<li>sa 4 kuke za pri\u010dvr\u0161\u0107ivanje<\/li>\n<li>dostupno zasebno produ\u017eenje visine (Artikal 13202)<\/li>\n<li>aluminijum\/tvrda ploca\/plastika<\/li>\n<\/ul>\n<p>Proizvo\u0111a\u010d: TRIXIE Pet Products, Inc<br \/>\nZemlja Porekla: Nema\u010dka<\/p>\n\n    <div class=\"xs_social_share_widget xs_share_url after_content \t\tmain_content  wslu-style-1 wslu-share-box-shaped wslu-fill-colored wslu-none wslu-share-horizontal wslu-theme-font-no wslu-main_content\">\n\n\t\t\n        <ul>\n\t\t\t        <\/ul>\n    <\/div>","protected":false},"excerpt":{"rendered":"<p>Trixie Univerzalna Aluminijumska Vrata namenjena su za postavljanje iza poklopca gepeka<\/p>","protected":false},"featured_media":30919,"comment_status":"open","ping_status":"closed","template":"","meta":{"_acf_changed":false},"pwb-brand":[465],"product_cat":[202,47],"product_tag":[],"class_list":{"0":"post-30917","1":"product","2":"type-product","3":"status-publish","4":"has-post-thumbnail","6":"pwb-brand-trixie","7":"product_cat-oprema-za-pse","8":"product_cat-psi","9":"product_shipping_class-skupa-roba","11":"first","12":"instock","13":"taxable","14":"shipping-taxable","15":"purchasable","16":"product-type-simple"},"acf":[],"brands":[{"id":465,"name":"Trixie","slug":"trixie"}],"_links":{"self":[{"href":"https:\/\/pawz.rs\/en\/wp-json\/wp\/v2\/product\/30917","targetHints":{"allow":["GET"]}}],"collection":[{"href":"https:\/\/pawz.rs\/en\/wp-json\/wp\/v2\/product"}],"about":[{"href":"https:\/\/pawz.rs\/en\/wp-json\/wp\/v2\/types\/product"}],"replies":[{"embeddable":true,"href":"https:\/\/pawz.rs\/en\/wp-json\/wp\/v2\/comments?post=30917"}],"wp:featuredmedia":[{"embeddable":true,"href":"https:\/\/pawz.rs\/en\/wp-json\/wp\/v2\/media\/30919"}],"wp:attachment":[{"href":"https:\/\/pawz.rs\/en\/wp-json\/wp\/v2\/media?parent=30917"}],"wp:term":[{"taxonomy":"pwb-brand","embeddable":true,"href":"https:\/\/pawz.rs\/en\/wp-json\/wp\/v2\/pwb-brand?post=30917"},{"taxonomy":"product_cat","embeddable":true,"href":"https:\/\/pawz.rs\/en\/wp-json\/wp\/v2\/product_cat?post=30917"},{"taxonomy":"product_tag","embeddable":true,"href":"https:\/\/pawz.rs\/en\/wp-json\/wp\/v2\/product_tag?post=30917"}],"curies":[{"name":"wp","href":"https:\/\/api.w.org\/{rel}","templated":true}]}}