{"id":30920,"date":"2024-09-25T16:02:44","date_gmt":"2024-09-25T14:02:44","guid":{"rendered":"https:\/\/pawz.rs\/?post_type=product&#038;p=30920"},"modified":"2025-06-29T19:54:00","modified_gmt":"2025-06-29T17:54:00","slug":"trixie-prekrivac-za-sediste-0-65x1-45m","status":"publish","type":"product","link":"https:\/\/pawz.rs\/en\/trixie-prekrivac-za-sediste-0-65x1-45m\/","title":{"rendered":"Trixie Prekriva\u010d Za Sedi\u0161te 0.65&#215;1.45m"},"content":{"rendered":"<p><strong>Trixie Prekriva\u010d Za Sedi\u0161te 0.65&#215;1.45m<\/strong><\/p>\n<ul>\n<li>za zadnje sedi\u0161te<\/li>\n<li>uska verzija omogu\u0107ava jednoj osobi da sedi na zadnjem sedi\u0161tu<\/li>\n<li>visoke strane spre\u010davaju psa da ska\u010de okolo ili iska\u010de i \u0161titi unutra\u0161njost vrata<\/li>\n<li>bocni delovi mogu da se preklope za penjanje napolje zahvaljuju\u0107i dva rajsfer\u0161lusa; na taj na\u010din se \u0161tite presvlake i unutra\u0161nja obloga<\/li>\n<li>donja strana od poliestera, \u0161titi presvlake od vlage<\/li>\n<li>stabilan oblik zbog mogucnosti ugradnje metalnih podupiraca<\/li>\n<li>kai\u0161 prorez omogu\u0107ava zakop\u010davanje psa<\/li>\n<li>flis\/poliester<\/li>\n<\/ul>\n<p><strong>Va\u017eno:<\/strong> za za\u0161titu koristiti sertifikovani sigurni pojas za automobil.<\/p>\n<p>Proizvo\u0111a\u010d: TRIXIE Pet Products, Inc<br \/>\nZemlja Porekla: Nema\u010dka<\/p>\n\n    <div class=\"xs_social_share_widget xs_share_url after_content \t\tmain_content  wslu-style-1 wslu-share-box-shaped wslu-fill-colored wslu-none wslu-share-horizontal wslu-theme-font-no wslu-main_content\">\n\n\t\t\n        <ul>\n\t\t\t        <\/ul>\n    <\/div>","protected":false},"excerpt":{"rendered":"<p>Trixie Prekriva\u010d Za Sedi\u0161te, za pse, namenjeno za zadnje sedi\u0161te<\/p>","protected":false},"featured_media":30922,"comment_status":"open","ping_status":"closed","template":"","meta":{"_acf_changed":false},"pwb-brand":[465],"product_cat":[202,47],"product_tag":[],"class_list":{"0":"post-30920","1":"product","2":"type-product","3":"status-publish","4":"has-post-thumbnail","6":"pwb-brand-trixie","7":"product_cat-oprema-za-pse","8":"product_cat-psi","10":"first","11":"instock","12":"taxable","13":"shipping-taxable","14":"purchasable","15":"product-type-simple"},"acf":[],"brands":[{"id":465,"name":"Trixie","slug":"trixie"}],"_links":{"self":[{"href":"https:\/\/pawz.rs\/en\/wp-json\/wp\/v2\/product\/30920","targetHints":{"allow":["GET"]}}],"collection":[{"href":"https:\/\/pawz.rs\/en\/wp-json\/wp\/v2\/product"}],"about":[{"href":"https:\/\/pawz.rs\/en\/wp-json\/wp\/v2\/types\/product"}],"replies":[{"embeddable":true,"href":"https:\/\/pawz.rs\/en\/wp-json\/wp\/v2\/comments?post=30920"}],"wp:featuredmedia":[{"embeddable":true,"href":"https:\/\/pawz.rs\/en\/wp-json\/wp\/v2\/media\/30922"}],"wp:attachment":[{"href":"https:\/\/pawz.rs\/en\/wp-json\/wp\/v2\/media?parent=30920"}],"wp:term":[{"taxonomy":"pwb-brand","embeddable":true,"href":"https:\/\/pawz.rs\/en\/wp-json\/wp\/v2\/pwb-brand?post=30920"},{"taxonomy":"product_cat","embeddable":true,"href":"https:\/\/pawz.rs\/en\/wp-json\/wp\/v2\/product_cat?post=30920"},{"taxonomy":"product_tag","embeddable":true,"href":"https:\/\/pawz.rs\/en\/wp-json\/wp\/v2\/product_tag?post=30920"}],"curies":[{"name":"wp","href":"https:\/\/api.w.org\/{rel}","templated":true}]}}