{"id":30941,"date":"2024-09-21T12:58:45","date_gmt":"2024-09-21T10:58:45","guid":{"rendered":"https:\/\/pawz.rs\/?post_type=product&#038;p=30941"},"modified":"2025-06-29T19:54:00","modified_gmt":"2025-06-29T17:54:00","slug":"trixie-multi-pojas-57-138-cm-braon-bez","status":"publish","type":"product","link":"https:\/\/pawz.rs\/en\/trixie-multi-pojas-57-138-cm-braon-bez\/","title":{"rendered":"Trixie Multi Pojas 57-138 cm Braon\/Be\u017e"},"content":{"rendered":"<p><strong>Trixie Multi Pojas 57-138 cm Braon\/Be\u017e<\/strong><\/p>\n<ul>\n<li>za d\u017eogiranje, hodanje i trening<\/li>\n<li>poseban sistem povoca: ravnomerno rasporeduje povlacenje psa preko struka<\/li>\n<li>razli\u010diti odeljci (unutar i spolja) omogu\u0107avaju skladi\u0161tenje raznog pribora<\/li>\n<li>vodootporni patent zatvara\u010di<\/li>\n<li>sa karabinom za pri\u010dvr\u0161\u0107ivanje zvi\u017edaljke za pse<\/li>\n<li>unutra\u0161nji karabin za dr\u017eanje npr. kljuceva<\/li>\n<li>sa mre\u017eastim d\u017eepovima<\/li>\n<li>dimenzija torbice: 21 \u00d7 25 \u00d7 12 cm<\/li>\n<li>dimenzija bo\u010dnih d\u017eepova: 13 \u00d7 13 \u00d7 3 cm<\/li>\n<li>pojas oko stomaka: 57\u2013138 cm<\/li>\n<li>sa reflektuju\u0107im elementima<\/li>\n<li>najlon\/poliester<\/li>\n<\/ul>\n<p>Proizvo\u0111a\u010d: TRIXIE Pet Products, Inc<br \/>\nZemlja Porekla: Nema\u010dka<\/p>\n\n    <div class=\"xs_social_share_widget xs_share_url after_content \t\tmain_content  wslu-style-1 wslu-share-box-shaped wslu-fill-colored wslu-none wslu-share-horizontal wslu-theme-font-no wslu-main_content\">\n\n\t\t\n        <ul>\n\t\t\t        <\/ul>\n    <\/div>","protected":false},"excerpt":{"rendered":"<p>Trixie Multi Pojas je vi\u0161enamenska torba koja se stavlja oko struka<\/p>","protected":false},"featured_media":31707,"comment_status":"open","ping_status":"closed","template":"","meta":{"_acf_changed":false},"pwb-brand":[465],"product_cat":[202,203,47],"product_tag":[],"class_list":{"0":"post-30941","1":"product","2":"type-product","3":"status-publish","4":"has-post-thumbnail","6":"pwb-brand-trixie","7":"product_cat-oprema-za-pse","8":"product_cat-oprema-za-setnju","9":"product_cat-psi","11":"first","12":"instock","13":"taxable","14":"shipping-taxable","15":"purchasable","16":"product-type-simple"},"acf":[],"brands":[{"id":465,"name":"Trixie","slug":"trixie"}],"_links":{"self":[{"href":"https:\/\/pawz.rs\/en\/wp-json\/wp\/v2\/product\/30941","targetHints":{"allow":["GET"]}}],"collection":[{"href":"https:\/\/pawz.rs\/en\/wp-json\/wp\/v2\/product"}],"about":[{"href":"https:\/\/pawz.rs\/en\/wp-json\/wp\/v2\/types\/product"}],"replies":[{"embeddable":true,"href":"https:\/\/pawz.rs\/en\/wp-json\/wp\/v2\/comments?post=30941"}],"wp:featuredmedia":[{"embeddable":true,"href":"https:\/\/pawz.rs\/en\/wp-json\/wp\/v2\/media\/31707"}],"wp:attachment":[{"href":"https:\/\/pawz.rs\/en\/wp-json\/wp\/v2\/media?parent=30941"}],"wp:term":[{"taxonomy":"pwb-brand","embeddable":true,"href":"https:\/\/pawz.rs\/en\/wp-json\/wp\/v2\/pwb-brand?post=30941"},{"taxonomy":"product_cat","embeddable":true,"href":"https:\/\/pawz.rs\/en\/wp-json\/wp\/v2\/product_cat?post=30941"},{"taxonomy":"product_tag","embeddable":true,"href":"https:\/\/pawz.rs\/en\/wp-json\/wp\/v2\/product_tag?post=30941"}],"curies":[{"name":"wp","href":"https:\/\/api.w.org\/{rel}","templated":true}]}}