{"id":30943,"date":"2024-09-21T12:12:14","date_gmt":"2024-09-21T10:12:14","guid":{"rendered":"https:\/\/pawz.rs\/?post_type=product&#038;p=30943"},"modified":"2025-07-01T20:59:32","modified_gmt":"2025-07-01T18:59:32","slug":"trixie-tasna-sa-tockovima-elegance","status":"publish","type":"product","link":"https:\/\/pawz.rs\/en\/trixie-tasna-sa-tockovima-elegance\/","title":{"rendered":"Trixie Ta\u0161na Sa To\u010dkovima Elegance"},"content":{"rendered":"<p><strong>Trixie Ta\u0161na Sa To\u010dkovima Elegance<\/strong><\/p>\n<ul>\n<li>teleskopska dr\u0161ka koja se potpuno uvla\u010di<\/li>\n<li>mo\u017ee da se otvori sa prednje i strane<\/li>\n<li>sa spoljnim d\u017eepovima<\/li>\n<li>sa integrisanim kratkim povo\u0107em<\/li>\n<li>donja ploca sa skidajucim najlonskim poklopcem<\/li>\n<li>\u017eakard (poliester)<\/li>\n<\/ul>\n<p>Proizvo\u0111a\u010d: TRIXIE Pet Products, Inc<br \/>\nZemlja Porekla: Nema\u010dka<\/p>\n\n    <div class=\"xs_social_share_widget xs_share_url after_content \t\tmain_content  wslu-style-1 wslu-share-box-shaped wslu-fill-colored wslu-none wslu-share-horizontal wslu-theme-font-no wslu-main_content\">\n\n\t\t\n        <ul>\n\t\t\t        <\/ul>\n    <\/div>","protected":false},"excerpt":{"rendered":"<p>Trixie Ta\u0161na Sa To\u010dkovima Elegance je torba koja sadr\u017ei i dr\u0161ku koja mo\u017ee potpuno da se uvu\u010de<\/p>","protected":false},"featured_media":30945,"comment_status":"open","ping_status":"closed","template":"","meta":{"_acf_changed":false,"_aa_vp_cena":"","_aa_online_cena":""},"pwb-brand":[465],"product_cat":[202,203,47],"product_tag":[],"class_list":{"0":"post-30943","1":"product","2":"type-product","3":"status-publish","4":"has-post-thumbnail","6":"pwb-brand-trixie","7":"product_cat-oprema-za-pse","8":"product_cat-oprema-za-setnju","9":"product_cat-psi","11":"first","12":"instock","13":"taxable","14":"shipping-taxable","15":"purchasable","16":"product-type-simple"},"acf":[],"brands":[{"id":465,"name":"Trixie","slug":"trixie"}],"_links":{"self":[{"href":"https:\/\/pawz.rs\/en\/wp-json\/wp\/v2\/product\/30943","targetHints":{"allow":["GET"]}}],"collection":[{"href":"https:\/\/pawz.rs\/en\/wp-json\/wp\/v2\/product"}],"about":[{"href":"https:\/\/pawz.rs\/en\/wp-json\/wp\/v2\/types\/product"}],"replies":[{"embeddable":true,"href":"https:\/\/pawz.rs\/en\/wp-json\/wp\/v2\/comments?post=30943"}],"wp:featuredmedia":[{"embeddable":true,"href":"https:\/\/pawz.rs\/en\/wp-json\/wp\/v2\/media\/30945"}],"wp:attachment":[{"href":"https:\/\/pawz.rs\/en\/wp-json\/wp\/v2\/media?parent=30943"}],"wp:term":[{"taxonomy":"pwb-brand","embeddable":true,"href":"https:\/\/pawz.rs\/en\/wp-json\/wp\/v2\/pwb-brand?post=30943"},{"taxonomy":"product_cat","embeddable":true,"href":"https:\/\/pawz.rs\/en\/wp-json\/wp\/v2\/product_cat?post=30943"},{"taxonomy":"product_tag","embeddable":true,"href":"https:\/\/pawz.rs\/en\/wp-json\/wp\/v2\/product_tag?post=30943"}],"curies":[{"name":"wp","href":"https:\/\/api.w.org\/{rel}","templated":true}]}}